{"id":12076,"date":"2026-04-19T00:44:06","date_gmt":"2026-04-19T00:44:06","guid":{"rendered":"https:\/\/surferscastellon.com\/?post_type=product&#038;p=12076"},"modified":"2026-04-19T00:53:25","modified_gmt":"2026-04-19T00:53:25","slug":"acceso-surf-desde-5e-mes","status":"publish","type":"product","link":"https:\/\/surferscastellon.com\/en\/actividad\/acceso-surf-desde-5e-mes\/","title":{"rendered":"Acceso surf desde 5\u20ac\/mes"},"content":{"rendered":"<p>Por solo<strong> 5\u20ac<\/strong> al mes, puedes formar parte de Club Surfers Castell\u00f3n y disfrutar de todas estas comodidades:<\/p>\n<p>\ud83d\ude97 Parking gratuito<br \/>\n\ud83d\udebf Duchas con agua caliente y vestuarios<br \/>\n\ud83c\udf0a Zona de agua para limpiar tu tabla<br \/>\n\ud83d\udebb Acceso a WC<\/p>\n<p>Todo lo que necesitas para surfear sin preocuparte por nada m\u00e1s.<\/p>\n<p>Accede f\u00e1cilmente, mejora tu experiencia y disfruta del surf como se debe.<\/p>\n<p>\ud83d\udc49 \u00danete ahora y olv\u00eddate de complicaciones antes y despu\u00e9s de cada sesi\u00f3n.<\/p>\n","protected":false},"excerpt":{"rendered":"<p>Por solo 5\u20ac al mes, puedes formar parte de Club Surfers Castell\u00f3n y disfrutar de todas estas comodidades: \ud83d\ude97 Parking gratuito \ud83d\udebf Duchas con agua caliente y vestuarios \ud83c\udf0a Zona de agua para limpiar tu tabla \ud83d\udebb Acceso a WC Todo lo que necesitas para surfear sin preocuparte por nada m\u00e1s. Accede f\u00e1cilmente, mejora tu &#8230; <a title=\"Acceso surf desde 5\u20ac\/mes\" class=\"read-more\" href=\"https:\/\/surferscastellon.com\/en\/actividad\/acceso-surf-desde-5e-mes\/\" aria-label=\"Read more about Acceso surf desde 5\u20ac\/mes\">Read more<\/a><\/p>\n","protected":false},"featured_media":0,"comment_status":"open","ping_status":"closed","template":"","meta":[],"product_brand":[],"product_cat":[75],"product_tag":[],"class_list":{"0":"post-12076","1":"product","2":"type-product","3":"status-publish","5":"product_cat-acceso-parking","7":"first","8":"instock","9":"virtual","10":"purchasable","11":"product-type-subscription"},"_links":{"self":[{"href":"https:\/\/surferscastellon.com\/en\/wp-json\/wp\/v2\/product\/12076","targetHints":{"allow":["GET"]}}],"collection":[{"href":"https:\/\/surferscastellon.com\/en\/wp-json\/wp\/v2\/product"}],"about":[{"href":"https:\/\/surferscastellon.com\/en\/wp-json\/wp\/v2\/types\/product"}],"replies":[{"embeddable":true,"href":"https:\/\/surferscastellon.com\/en\/wp-json\/wp\/v2\/comments?post=12076"}],"wp:attachment":[{"href":"https:\/\/surferscastellon.com\/en\/wp-json\/wp\/v2\/media?parent=12076"}],"wp:term":[{"taxonomy":"product_brand","embeddable":true,"href":"https:\/\/surferscastellon.com\/en\/wp-json\/wp\/v2\/product_brand?post=12076"},{"taxonomy":"product_cat","embeddable":true,"href":"https:\/\/surferscastellon.com\/en\/wp-json\/wp\/v2\/product_cat?post=12076"},{"taxonomy":"product_tag","embeddable":true,"href":"https:\/\/surferscastellon.com\/en\/wp-json\/wp\/v2\/product_tag?post=12076"}],"curies":[{"name":"wp","href":"https:\/\/api.w.org\/{rel}","templated":true}]}}