{"id":2517,"date":"2021-03-12T01:01:24","date_gmt":"2021-03-12T01:01:24","guid":{"rendered":"https:\/\/surferscastellon.com\/groupes-et-entreprises\/"},"modified":"2021-07-09T11:25:42","modified_gmt":"2021-07-09T11:25:42","slug":"groupes-et-entreprises","status":"publish","type":"page","link":"https:\/\/surferscastellon.com\/fr\/activites\/groupes-et-entreprises\/","title":{"rendered":"Groupes et entreprises"},"content":{"rendered":"\t\t<div data-elementor-type=\"wp-page\" data-elementor-id=\"2517\" class=\"elementor elementor-2517 elementor-70\" data-elementor-post-type=\"page\">\n\t\t\t\t\t\t<section data-dce-background-overlay-color=\"#60474700\" class=\"elementor-section elementor-top-section elementor-element elementor-element-2e56c31 elementor-section-height-min-height elementor-section-items-bottom elementor-section-boxed elementor-section-height-default\" data-id=\"2e56c31\" data-element_type=\"section\" data-settings=\"{&quot;background_background&quot;:&quot;slideshow&quot;,&quot;background_slideshow_gallery&quot;:[{&quot;id&quot;:1983,&quot;url&quot;:&quot;https:\\\/\\\/surferscastellon.com\\\/\\\/wp-content\\\/uploads\\\/2021\\\/02\\\/foto10.jpg&quot;},{&quot;id&quot;:1992,&quot;url&quot;:&quot;https:\\\/\\\/surferscastellon.com\\\/\\\/wp-content\\\/uploads\\\/2021\\\/02\\\/foto13.jpg&quot;},{&quot;id&quot;:1974,&quot;url&quot;:&quot;https:\\\/\\\/surferscastellon.com\\\/\\\/wp-content\\\/uploads\\\/2021\\\/02\\\/foto-07.jpg&quot;},{&quot;id&quot;:1980,&quot;url&quot;:&quot;https:\\\/\\\/surferscastellon.com\\\/\\\/wp-content\\\/uploads\\\/2021\\\/02\\\/foto-09.jpg&quot;},{&quot;id&quot;:1989,&quot;url&quot;:&quot;https:\\\/\\\/surferscastellon.com\\\/\\\/wp-content\\\/uploads\\\/2021\\\/02\\\/foto12.jpg&quot;}],&quot;background_slideshow_loop&quot;:&quot;yes&quot;,&quot;background_slideshow_slide_duration&quot;:5000,&quot;background_slideshow_slide_transition&quot;:&quot;fade&quot;,&quot;background_slideshow_transition_duration&quot;:500}\">\n\t\t\t\t\t\t\t<div class=\"elementor-background-overlay\"><\/div>\n\t\t\t\t\t\t\t<div class=\"elementor-container elementor-column-gap-default\">\n\t\t\t\t\t<div class=\"elementor-column elementor-col-100 elementor-top-column elementor-element elementor-element-1fbeb8c2\" data-id=\"1fbeb8c2\" data-element_type=\"column\">\n\t\t\t<div class=\"elementor-widget-wrap elementor-element-populated\">\n\t\t\t\t\t\t<div class=\"elementor-element elementor-element-47980722 elementor-widget elementor-widget-heading\" data-id=\"47980722\" data-element_type=\"widget\" data-widget_type=\"heading.default\">\n\t\t\t\t<div class=\"elementor-widget-container\">\n\t\t\t<h2 class=\"elementor-heading-title elementor-size-default\">GROUPES\/ENTREPRISES<\/h2>\t\t<\/div>\n\t\t\t\t<\/div>\n\t\t\t\t<div class=\"elementor-element elementor-element-3c0b3996 elementor-widget elementor-widget-text-editor\" data-id=\"3c0b3996\" data-element_type=\"widget\" data-widget_type=\"text-editor.default\">\n\t\t\t\t<div class=\"elementor-widget-container\">\n\t\t\t\t\t\t\t<p>Nous concevons, organisons et d\u00e9veloppons des \u00e9v\u00e9nements.<br \/>Nous offrons nos activit\u00e9s nautiques et nos sports<br \/>groupes d\u2019amig@s, d\u2019entreprises et de collectifs.<\/p>\n\t\t\t\t\t\t<\/div>\n\t\t\t\t<\/div>\n\t\t\t\t\t<\/div>\n\t\t<\/div>\n\t\t\t\t\t<\/div>\n\t\t<\/section>\n\t\t\t\t<section class=\"elementor-section elementor-top-section elementor-element elementor-element-2d04f3d9 elementor-section-boxed elementor-section-height-default elementor-section-height-default\" data-id=\"2d04f3d9\" data-element_type=\"section\" data-settings=\"{&quot;background_background&quot;:&quot;classic&quot;}\">\n\t\t\t\t\t\t<div class=\"elementor-container elementor-column-gap-default\">\n\t\t\t\t\t<div class=\"elementor-column elementor-col-100 elementor-top-column elementor-element elementor-element-21fb82bb\" data-id=\"21fb82bb\" data-element_type=\"column\">\n\t\t\t<div class=\"elementor-widget-wrap elementor-element-populated\">\n\t\t\t\t\t\t<div class=\"elementor-element elementor-element-225cb65c elementor-widget elementor-widget-text-editor\" data-id=\"225cb65c\" data-element_type=\"widget\" data-widget_type=\"text-editor.default\">\n\t\t\t\t<div class=\"elementor-widget-container\">\n\t\t\t\t\t\t\t<p>Vivez une exp\u00e9rience inoubliable en M\u00e9diterran\u00e9e !<\/p>\n\t\t\t\t\t\t<\/div>\n\t\t\t\t<\/div>\n\t\t\t\t\t<\/div>\n\t\t<\/div>\n\t\t\t\t\t<\/div>\n\t\t<\/section>\n\t\t\t\t<section class=\"elementor-section elementor-top-section elementor-element elementor-element-1efc0b76 elementor-section-full_width elementor-section-content-middle elementor-section-height-default elementor-section-height-default\" data-id=\"1efc0b76\" data-element_type=\"section\" data-settings=\"{&quot;background_background&quot;:&quot;classic&quot;}\">\n\t\t\t\t\t\t\t<div class=\"elementor-background-overlay\"><\/div>\n\t\t\t\t\t\t\t<div class=\"elementor-container elementor-column-gap-narrow\">\n\t\t\t\t\t<div class=\"elementor-column elementor-col-50 elementor-top-column elementor-element elementor-element-5bd7c81f\" data-id=\"5bd7c81f\" data-element_type=\"column\">\n\t\t\t<div class=\"elementor-widget-wrap elementor-element-populated\">\n\t\t\t\t\t\t<div class=\"elementor-element elementor-element-8186b22 elementor-widget elementor-widget-image\" data-id=\"8186b22\" data-element_type=\"widget\" data-widget_type=\"image.default\">\n\t\t\t\t<div class=\"elementor-widget-container\">\n\t\t\t\t\t\t\t\t\t\t\t\t\t<img fetchpriority=\"high\" decoding=\"async\" width=\"1024\" height=\"681\" src=\"https:\/\/surferscastellon.com\/wp-content\/uploads\/2021\/02\/foto11-1024x681.jpg\" class=\"attachment-large size-large wp-image-1988\" alt=\"\" srcset=\"https:\/\/surferscastellon.com\/wp-content\/uploads\/2021\/02\/foto11-1024x681.jpg 1024w, https:\/\/surferscastellon.com\/wp-content\/uploads\/2021\/02\/foto11-300x199.jpg 300w, https:\/\/surferscastellon.com\/wp-content\/uploads\/2021\/02\/foto11-768x511.jpg 768w, https:\/\/surferscastellon.com\/wp-content\/uploads\/2021\/02\/foto11-600x399.jpg 600w, https:\/\/surferscastellon.com\/wp-content\/uploads\/2021\/02\/foto11.jpg 1504w\" sizes=\"(max-width: 1024px) 100vw, 1024px\" \/>\t\t\t\t\t\t\t\t\t\t\t\t\t<\/div>\n\t\t\t\t<\/div>\n\t\t\t\t\t<\/div>\n\t\t<\/div>\n\t\t\t\t<div class=\"elementor-column elementor-col-50 elementor-top-column elementor-element elementor-element-1ce8e77\" data-id=\"1ce8e77\" data-element_type=\"column\">\n\t\t\t<div class=\"elementor-widget-wrap elementor-element-populated\">\n\t\t\t\t\t\t<div class=\"elementor-element elementor-element-819919d elementor-widget elementor-widget-text-editor\" data-id=\"819919d\" data-element_type=\"widget\" data-widget_type=\"text-editor.default\">\n\t\t\t\t<div class=\"elementor-widget-container\">\n\t\t\t\t\t\t\t<h3><strong>COMMENT CELA FONCTIONNE-T-IL?<\/strong><\/h3>\n\t\t\t\t\t\t<\/div>\n\t\t\t\t<\/div>\n\t\t\t\t<div class=\"elementor-element elementor-element-8d5ce49 elementor-widget elementor-widget-eael-feature-list\" data-id=\"8d5ce49\" data-element_type=\"widget\" data-widget_type=\"eael-feature-list.default\">\n\t\t\t\t<div class=\"elementor-widget-container\">\n\t\t\t\t\t<div class=\"-icon-position-left -tablet-icon-position-left -mobile-icon-position-left\">\n\t\t\t<ul id=\"eael-feature-list-8d5ce49\" class=\"eael-feature-list-items rhombus stacked  eael-feature-list-vertical\">\n\t\t\t                <li class=\"eael-feature-list-item elementor-repeater-item-8738afb\">\n                    \n\t\t\t\t\t\t<div class=\"eael-feature-list-icon-box\">\n\t\t\t\t\t\t\t<div class=\"eael-feature-list-icon-inner\">\n\n\t\t\t\t\t\t\t\t<span class=\"eael-feature-list-icon fl-icon-0\">\n\n\t\t<i aria-hidden=\"true\" class=\"fas fa-directions\"><\/i>\t\t\t\t\t\t\t\t<\/span>\n\t\t\t\t\t\t\t<\/div>\n\t\t\t\t\t\t<\/div>\n\t\t\t\t\t\t<div class=\"eael-feature-list-content-box\">\n\t\t\t\t\t\t\t<h2 class=\"eael-feature-list-title\"\t\t\t\t\t\t\t><\/h2\t\t\t\t\t\t>\n\t\t\t\t\t\t<p class=\"eael-feature-list-content\">L\u2019id\u00e9e est de former les \u00e9quipes et de choisir 3 des activit\u00e9s. Nous r\u00e9aliserons l\u2019enseignement technique et pratique des modalit\u00e9s.<\/p>\n\t\t\t\t\t\t<\/div>\n\n\t\t\t\t\t<\/li>\n\t\t\t\t                <li class=\"eael-feature-list-item elementor-repeater-item-11b2f43\">\n                    \n\t\t\t\t\t\t<div class=\"eael-feature-list-icon-box\">\n\t\t\t\t\t\t\t<div class=\"eael-feature-list-icon-inner\">\n\n\t\t\t\t\t\t\t\t<span class=\"eael-feature-list-icon fl-icon-1\">\n\n\t\t<i aria-hidden=\"true\" class=\"fas fa-vector-square\"><\/i>\t\t\t\t\t\t\t\t<\/span>\n\t\t\t\t\t\t\t<\/div>\n\t\t\t\t\t\t<\/div>\n\t\t\t\t\t\t<div class=\"eael-feature-list-content-box\">\n\t\t\t\t\t\t\t<h2 class=\"eael-feature-list-title\"\t\t\t\t\t\t\t><\/h2\t\t\t\t\t\t>\n\t\t\t\t\t\t<p class=\"eael-feature-list-content\">Tout au long de la journ\u00e9e, les \u00e9quipes seront en rotation pour chacun des sports choisis.\n\n<\/p>\n\t\t\t\t\t\t<\/div>\n\n\t\t\t\t\t<\/li>\n\t\t\t\t                <li class=\"eael-feature-list-item elementor-repeater-item-a961f47\">\n                    \n\t\t\t\t\t\t<div class=\"eael-feature-list-icon-box\">\n\t\t\t\t\t\t\t<div class=\"eael-feature-list-icon-inner\">\n\n\t\t\t\t\t\t\t\t<span class=\"eael-feature-list-icon fl-icon-2\">\n\n\t\t<i aria-hidden=\"true\" class=\"fas fa-hands-helping\"><\/i>\t\t\t\t\t\t\t\t<\/span>\n\t\t\t\t\t\t\t<\/div>\n\t\t\t\t\t\t<\/div>\n\t\t\t\t\t\t<div class=\"eael-feature-list-content-box\">\n\t\t\t\t\t\t\t<h2 class=\"eael-feature-list-title\"\t\t\t\t\t\t\t><\/h2\t\t\t\t\t\t>\n\t\t\t\t\t\t<p class=\"eael-feature-list-content\">En fin de compte, nous allons effectuer un championnat parmi toutes les \u00e9quipes o\u00f9 le gagnant prendra un prix et les applaudissements de ses co\u00e9quipiers.\n\n<\/p>\n\t\t\t\t\t\t<\/div>\n\n\t\t\t\t\t<\/li>\n\t\t\t\t\t\t\t<\/ul>\n\t\t<\/div>\n\t\t\t\t<\/div>\n\t\t\t\t<\/div>\n\t\t\t\t\t<\/div>\n\t\t<\/div>\n\t\t\t\t\t<\/div>\n\t\t<\/section>\n\t\t\t\t<section class=\"elementor-section elementor-top-section elementor-element elementor-element-85769de elementor-section-boxed elementor-section-height-default elementor-section-height-default\" data-id=\"85769de\" data-element_type=\"section\" data-settings=\"{&quot;background_background&quot;:&quot;classic&quot;}\">\n\t\t\t\t\t\t<div class=\"elementor-container elementor-column-gap-default\">\n\t\t\t\t\t<div class=\"elementor-column elementor-col-33 elementor-top-column elementor-element elementor-element-5cd8b1d\" data-id=\"5cd8b1d\" data-element_type=\"column\">\n\t\t\t<div class=\"elementor-widget-wrap elementor-element-populated\">\n\t\t\t\t\t\t<div class=\"elementor-element elementor-element-d0bb2e1 elementor-widget elementor-widget-text-editor\" data-id=\"d0bb2e1\" data-element_type=\"widget\" data-widget_type=\"text-editor.default\">\n\t\t\t\t<div class=\"elementor-widget-container\">\n\t\t\t\t\t\t\t<h4><strong>Dur\u00e9e<\/strong><\/h4>\n<p><strong>4 heures<\/strong><\/p>\n<p>Du lundi au vendredi<\/p>\n<p>Heures : 10h \u00e0 14h<\/p>\n\t\t\t\t\t\t<\/div>\n\t\t\t\t<\/div>\n\t\t\t\t\t<\/div>\n\t\t<\/div>\n\t\t\t\t<div class=\"elementor-column elementor-col-33 elementor-top-column elementor-element elementor-element-181e612\" data-id=\"181e612\" data-element_type=\"column\">\n\t\t\t<div class=\"elementor-widget-wrap elementor-element-populated\">\n\t\t\t\t\t\t<div class=\"elementor-element elementor-element-eaa1a52 elementor-widget elementor-widget-text-editor\" data-id=\"eaa1a52\" data-element_type=\"widget\" data-widget_type=\"text-editor.default\">\n\t\t\t\t<div class=\"elementor-widget-container\">\n\t\t\t\t\t\t\t<h4><strong>Prix<\/strong><\/h4><p><strong>25 \u20ac par personne<\/strong><\/p><p>Groupe minimum de 20 personnes<\/p>\t\t\t\t\t\t<\/div>\n\t\t\t\t<\/div>\n\t\t\t\t\t<\/div>\n\t\t<\/div>\n\t\t\t\t<div class=\"elementor-column elementor-col-33 elementor-top-column elementor-element elementor-element-d00f1e0\" data-id=\"d00f1e0\" data-element_type=\"column\">\n\t\t\t<div class=\"elementor-widget-wrap elementor-element-populated\">\n\t\t\t\t\t\t<div class=\"elementor-element elementor-element-3794f9b links-actividades elementor-widget elementor-widget-text-editor\" data-id=\"3794f9b\" data-element_type=\"widget\" data-widget_type=\"text-editor.default\">\n\t\t\t\t<div class=\"elementor-widget-container\">\n\t\t\t\t\t\t\t<h4><strong>ACTIVIT\u00c9S INCLUSES<\/strong><\/h4>\n<p><a href=\"https:\/\/surferscastellon.com\/\/actividad\/clases-de-surf\/\"><strong>Surf<\/strong><\/a><\/p>\n<p><a href=\"https:\/\/surferscastellon.com\/\/actividad\/clases-de-paddlesurf\/\"><strong>Paddle Surf<\/strong><\/a><\/p>\n<p><a href=\"https:\/\/surferscastellon.com\/\/actividad\/clases-de-kayak\/\"><strong>Kayak<\/strong><\/a><\/p>\n<p><a href=\"https:\/\/surferscastellon.com\/\/actividades\/travesias-sup\/\"><strong>Grand Sup<\/strong><\/a><\/p>\n\t\t\t\t\t\t<\/div>\n\t\t\t\t<\/div>\n\t\t\t\t\t<\/div>\n\t\t<\/div>\n\t\t\t\t\t<\/div>\n\t\t<\/section>\n\t\t\t\t<section class=\"elementor-section elementor-top-section elementor-element elementor-element-2bea961e elementor-section-boxed elementor-section-height-default elementor-section-height-default\" data-id=\"2bea961e\" data-element_type=\"section\" data-settings=\"{&quot;background_background&quot;:&quot;classic&quot;}\">\n\t\t\t\t\t\t<div class=\"elementor-container elementor-column-gap-default\">\n\t\t\t\t\t<div class=\"elementor-column elementor-col-100 elementor-top-column elementor-element elementor-element-1967ad79\" data-id=\"1967ad79\" data-element_type=\"column\">\n\t\t\t<div class=\"elementor-widget-wrap elementor-element-populated\">\n\t\t\t\t\t\t<div class=\"elementor-element elementor-element-2fc6e875 elementor-widget elementor-widget-text-editor\" data-id=\"2fc6e875\" data-element_type=\"widget\" data-widget_type=\"text-editor.default\">\n\t\t\t\t<div class=\"elementor-widget-container\">\n\t\t\t\t\t\t\t<p>Comprend:<\/p>\n<p>Tout le mat\u00e9riel n\u00e9cessaire \/ Assurance accident \/ Moniteurs qualifi\u00e9s<\/p>\n\t\t\t\t\t\t<\/div>\n\t\t\t\t<\/div>\n\t\t\t\t\t<\/div>\n\t\t<\/div>\n\t\t\t\t\t<\/div>\n\t\t<\/section>\n\t\t\t\t<section data-dce-background-image-url=\"https:\/\/surferscastellon.com\/\/wp-content\/uploads\/2021\/01\/travesias-atarceder-sup.jpeg\" class=\"elementor-section elementor-top-section elementor-element elementor-element-65e5417e elementor-section-boxed elementor-section-height-default elementor-section-height-default\" data-id=\"65e5417e\" data-element_type=\"section\" data-settings=\"{&quot;background_background&quot;:&quot;classic&quot;}\">\n\t\t\t\t\t\t\t<div class=\"elementor-background-overlay\"><\/div>\n\t\t\t\t\t\t\t<div class=\"elementor-container elementor-column-gap-default\">\n\t\t\t\t\t<div class=\"elementor-column elementor-col-100 elementor-top-column elementor-element elementor-element-794fa4d5\" data-id=\"794fa4d5\" data-element_type=\"column\">\n\t\t\t<div class=\"elementor-widget-wrap elementor-element-populated\">\n\t\t\t\t\t\t<div class=\"elementor-element elementor-element-2aec77ca eael-dual-header-content-align-center elementor-widget elementor-widget-eael-dual-color-header\" data-id=\"2aec77ca\" data-element_type=\"widget\" data-widget_type=\"eael-dual-color-header.default\">\n\t\t\t\t<div class=\"elementor-widget-container\">\n\t\t\t\n\t\t        <div class=\"eael-dual-header\">\n\t\t\t\t<h2 class=\"title\">\n\t\t\t<span  class=\"lead solid-color\">R\u00c9SERVATIONS ET<\/span>\n\t\t\t<span>Consultations<\/span>\n\t\t<\/h2>\n\t\t\t\t<span class=\"subtext\"><\/span>\n\t\t\t\t\t<span class=\"eael-dch-svg-icon\"><\/span>\t\t\t\t<\/div>\n\t\n\t\t\n\t\t\n\t\t\n\t\t\t\t<\/div>\n\t\t\t\t<\/div>\n\t\t\t\t<div class=\"elementor-element elementor-element-41ed7e0 elementor-button-align-stretch elementor-widget elementor-widget-form\" data-id=\"41ed7e0\" data-element_type=\"widget\" data-settings=\"{&quot;step_next_label&quot;:&quot;Next&quot;,&quot;step_previous_label&quot;:&quot;Previous&quot;,&quot;button_width&quot;:&quot;100&quot;,&quot;step_type&quot;:&quot;number_text&quot;,&quot;step_icon_shape&quot;:&quot;circle&quot;}\" data-widget_type=\"form.default\">\n\t\t\t\t<div class=\"elementor-widget-container\">\n\t\t\t\t\t<form class=\"elementor-form\" method=\"post\" name=\"Nouveau formulaire\">\n\t\t\t<input type=\"hidden\" name=\"post_id\" value=\"2517\"\/>\n\t\t\t<input type=\"hidden\" name=\"form_id\" value=\"41ed7e0\"\/>\n\t\t\t<input type=\"hidden\" name=\"referer_title\" value=\"\" \/>\n\n\t\t\t\n\t\t\t<div class=\"elementor-form-fields-wrapper elementor-labels-above\">\n\t\t\t\t\t\t\t\t<div class=\"elementor-field-type-text elementor-field-group elementor-column elementor-field-group-name elementor-col-50 elementor-field-required\">\n\t\t\t\t\t\t\t\t\t\t\t\t<label for=\"form-field-name\" class=\"elementor-field-label\">\n\t\t\t\t\t\t\t\tNom\t\t\t\t\t\t\t<\/label>\n\t\t\t\t\t\t\t\t\t\t\t\t\t\t<input size=\"1\" type=\"text\" name=\"form_fields[name]\" id=\"form-field-name\" class=\"elementor-field elementor-size-sm  elementor-field-textual\" placeholder=\"Nom\" required=\"required\" aria-required=\"true\">\n\t\t\t\t\t\t\t\t\t\t\t<\/div>\n\t\t\t\t\t\t\t\t<div class=\"elementor-field-type-email elementor-field-group elementor-column elementor-field-group-email elementor-col-50 elementor-field-required\">\n\t\t\t\t\t\t\t\t\t\t\t\t<label for=\"form-field-email\" class=\"elementor-field-label\">\n\t\t\t\t\t\t\t\tMessagerie \u00e9lectronique\t\t\t\t\t\t\t<\/label>\n\t\t\t\t\t\t\t\t\t\t\t\t\t\t<input size=\"1\" type=\"email\" name=\"form_fields[email]\" id=\"form-field-email\" class=\"elementor-field elementor-size-sm  elementor-field-textual\" placeholder=\"Messagerie \u00e9lectronique\" required=\"required\" aria-required=\"true\">\n\t\t\t\t\t\t\t\t\t\t\t<\/div>\n\t\t\t\t\t\t\t\t<div class=\"elementor-field-type-radio elementor-field-group elementor-column elementor-field-group-field_e8833a9 elementor-col-50\">\n\t\t\t\t\t\t\t\t\t\t\t\t<label for=\"form-field-field_e8833a9\" class=\"elementor-field-label\">\n\t\t\t\t\t\t\t\tVous repr\u00e9sentez :\t\t\t\t\t\t\t<\/label>\n\t\t\t\t\t\t<div class=\"elementor-field-subgroup  \"><span class=\"elementor-field-option\"><input type=\"radio\" value=\"f_empresa\" id=\"form-field-field_e8833a9-0\" name=\"form_fields[field_e8833a9]\"> <label for=\"form-field-field_e8833a9-0\">Soci\u00e9t\u00e9<\/label><\/span><span class=\"elementor-field-option\"><input type=\"radio\" value=\"f_amigos\" id=\"form-field-field_e8833a9-1\" name=\"form_fields[field_e8833a9]\"> <label for=\"form-field-field_e8833a9-1\">Groupe d\u2019amis<\/label><\/span><span class=\"elementor-field-option\"><input type=\"radio\" value=\"f_otro\" id=\"form-field-field_e8833a9-2\" name=\"form_fields[field_e8833a9]\"> <label for=\"form-field-field_e8833a9-2\">Un autre<\/label><\/span><\/div>\t\t\t\t<\/div>\n\t\t\t\t\t\t\t\t<div class=\"elementor-field-type-text elementor-field-group elementor-column elementor-field-group-field_b578ea6 elementor-col-50\">\n\t\t\t\t\t\t\t\t\t\t\t\t<label for=\"form-field-field_b578ea6\" class=\"elementor-field-label\">\n\t\t\t\t\t\t\t\tNom de l\u2019entreprise\t\t\t\t\t\t\t<\/label>\n\t\t\t\t\t\t\t\t\t\t\t\t\t\t<input size=\"1\" type=\"text\" name=\"form_fields[field_b578ea6]\" id=\"form-field-field_b578ea6\" class=\"elementor-field elementor-size-sm  elementor-field-textual\">\n\t\t\t\t\t\t\t\t\t\t\t<\/div>\n\t\t\t\t\t\t\t\t<div class=\"elementor-field-type-number elementor-field-group elementor-column elementor-field-group-field_0838f1f elementor-col-50\">\n\t\t\t\t\t\t\t\t\t\t\t\t<label for=\"form-field-field_0838f1f\" class=\"elementor-field-label\">\n\t\t\t\t\t\t\t\tNombre de personnes\t\t\t\t\t\t\t<\/label>\n\t\t\t\t\t\t\t\t\t<input type=\"number\" name=\"form_fields[field_0838f1f]\" id=\"form-field-field_0838f1f\" class=\"elementor-field elementor-size-sm  elementor-field-textual\" placeholder=\"Minimum 20 personnes\" min=\"\" max=\"\" >\n\t\t\t\t\t\t<\/div>\n\t\t\t\t\t\t\t\t<div class=\"elementor-field-type-textarea elementor-field-group elementor-column elementor-field-group-message elementor-col-100\">\n\t\t\t\t\t\t\t\t\t\t\t\t<label for=\"form-field-message\" class=\"elementor-field-label\">\n\t\t\t\t\t\t\t\tCommentaires sur les clients\t\t\t\t\t\t\t<\/label>\n\t\t\t\t\t\t<textarea class=\"elementor-field-textual elementor-field  elementor-size-sm\" name=\"form_fields[message]\" id=\"form-field-message\" rows=\"4\" placeholder=\"Laissez un commentaire ou une note pour votre r\u00e9servation\"><\/textarea>\t\t\t\t<\/div>\n\t\t\t\t\t\t\t\t<div class=\"elementor-field-group elementor-column elementor-field-type-submit elementor-col-100 e-form__buttons\">\n\t\t\t\t\t<button class=\"elementor-button elementor-size-sm\" type=\"submit\">\n\t\t\t\t\t\t<span class=\"elementor-button-content-wrapper\">\n\t\t\t\t\t\t\t\t\t\t\t\t\t\t\t\t\t\t\t\t\t\t<span class=\"elementor-button-text\">Envoyer<\/span>\n\t\t\t\t\t\t\t\t\t\t\t\t\t<\/span>\n\t\t\t\t\t<\/button>\n\t\t\t\t<\/div>\n\t\t\t<\/div>\n\t\t<\/form>\n\t\t\t\t<\/div>\n\t\t\t\t<\/div>\n\t\t\t\t\t<\/div>\n\t\t<\/div>\n\t\t\t\t\t<\/div>\n\t\t<\/section>\n\t\t\t\t<\/div>\n\t\t","protected":false},"excerpt":{"rendered":"<p>GROUPES\/ENTREPRISES Nous concevons, organisons et d\u00e9veloppons des \u00e9v\u00e9nements.Nous offrons nos activit\u00e9s nautiques et nos sportsgroupes d\u2019amig@s, d\u2019entreprises et de collectifs. Vivez une exp\u00e9rience inoubliable en M\u00e9diterran\u00e9e ! COMMENT CELA FONCTIONNE-T-IL? L\u2019id\u00e9e est de former les \u00e9quipes et de choisir 3 des activit\u00e9s. Nous r\u00e9aliserons l\u2019enseignement technique et pratique des modalit\u00e9s. Tout au long de la &#8230; <a title=\"Groupes et entreprises\" class=\"read-more\" href=\"https:\/\/surferscastellon.com\/fr\/activites\/groupes-et-entreprises\/\" aria-label=\"Read more about Groupes et entreprises\">Lire la suite<\/a><\/p>\n","protected":false},"author":1,"featured_media":0,"parent":2670,"menu_order":0,"comment_status":"closed","ping_status":"closed","template":"elementor_header_footer","meta":{"footnotes":""},"_links":{"self":[{"href":"https:\/\/surferscastellon.com\/fr\/wp-json\/wp\/v2\/pages\/2517"}],"collection":[{"href":"https:\/\/surferscastellon.com\/fr\/wp-json\/wp\/v2\/pages"}],"about":[{"href":"https:\/\/surferscastellon.com\/fr\/wp-json\/wp\/v2\/types\/page"}],"author":[{"embeddable":true,"href":"https:\/\/surferscastellon.com\/fr\/wp-json\/wp\/v2\/users\/1"}],"replies":[{"embeddable":true,"href":"https:\/\/surferscastellon.com\/fr\/wp-json\/wp\/v2\/comments?post=2517"}],"version-history":[{"count":0,"href":"https:\/\/surferscastellon.com\/fr\/wp-json\/wp\/v2\/pages\/2517\/revisions"}],"up":[{"embeddable":true,"href":"https:\/\/surferscastellon.com\/fr\/wp-json\/wp\/v2\/pages\/2670"}],"wp:attachment":[{"href":"https:\/\/surferscastellon.com\/fr\/wp-json\/wp\/v2\/media?parent=2517"}],"curies":[{"name":"wp","href":"https:\/\/api.w.org\/{rel}","templated":true}]}}