{"id":2542,"date":"2021-03-12T03:20:25","date_gmt":"2021-03-12T03:20:25","guid":{"rendered":"https:\/\/surferscastellon.com\/collaborateurs\/"},"modified":"2021-03-12T03:20:26","modified_gmt":"2021-03-12T03:20:26","slug":"collaborateurs","status":"publish","type":"page","link":"https:\/\/surferscastellon.com\/fr\/collaborateurs\/","title":{"rendered":"Collaborateurs"},"content":{"rendered":"\t\t<div data-elementor-type=\"wp-page\" data-elementor-id=\"2542\" class=\"elementor elementor-2542 elementor-190\" data-elementor-post-type=\"page\">\n\t\t\t\t\t\t<section class=\"elementor-section elementor-top-section elementor-element elementor-element-a298147 elementor-section-boxed elementor-section-height-default elementor-section-height-default\" data-id=\"a298147\" data-element_type=\"section\">\n\t\t\t\t\t\t<div class=\"elementor-container elementor-column-gap-default\">\n\t\t\t\t\t<div class=\"elementor-column elementor-col-100 elementor-top-column elementor-element elementor-element-69876ed\" data-id=\"69876ed\" data-element_type=\"column\">\n\t\t\t<div class=\"elementor-widget-wrap elementor-element-populated\">\n\t\t\t\t\t\t<div class=\"elementor-element elementor-element-8ee0fde elementor-widget elementor-widget-text-editor\" data-id=\"8ee0fde\" data-element_type=\"widget\" data-widget_type=\"text-editor.default\">\n\t\t\t\t<div class=\"elementor-widget-container\">\n\t\t\t\t\t\t\t<p>Famille des Surfeurs Castell\u00f3n<br \/>R\u00e9seau d\u2019amis, d\u2019h\u00f4tels et de collaborateurs unis pour offrir<br \/>le meilleur des exp\u00e9riences sur votre s\u00e9jour de \ud83d\ude09<\/p>\n\t\t\t\t\t\t<\/div>\n\t\t\t\t<\/div>\n\t\t\t\t<section class=\"elementor-section elementor-inner-section elementor-element elementor-element-2ef2c7e elementor-section-boxed elementor-section-height-default elementor-section-height-default\" data-id=\"2ef2c7e\" data-element_type=\"section\">\n\t\t\t\t\t\t<div class=\"elementor-container elementor-column-gap-default\">\n\t\t\t\t\t<div class=\"elementor-column elementor-col-25 elementor-inner-column elementor-element elementor-element-569e048\" data-id=\"569e048\" data-element_type=\"column\">\n\t\t\t<div class=\"elementor-widget-wrap elementor-element-populated\">\n\t\t\t\t\t\t<div class=\"elementor-element elementor-element-42f71c3 elementor-widget elementor-widget-image\" data-id=\"42f71c3\" data-element_type=\"widget\" data-widget_type=\"image.default\">\n\t\t\t\t<div class=\"elementor-widget-container\">\n\t\t\t\t\t\t\t\t\t\t\t\t\t\t<a href=\"https:\/\/adeplacastellon.com\/\" target=\"_blank\">\n\t\t\t\t\t\t\t<img fetchpriority=\"high\" decoding=\"async\" width=\"400\" height=\"400\" src=\"https:\/\/surferscastellon.com\/wp-content\/uploads\/2021\/03\/logo-1.png\" class=\"attachment-large size-large wp-image-2354\" alt=\"\" srcset=\"https:\/\/surferscastellon.com\/wp-content\/uploads\/2021\/03\/logo-1.png 400w, https:\/\/surferscastellon.com\/wp-content\/uploads\/2021\/03\/logo-1-300x300.png 300w, https:\/\/surferscastellon.com\/wp-content\/uploads\/2021\/03\/logo-1-150x150.png 150w, https:\/\/surferscastellon.com\/wp-content\/uploads\/2021\/03\/logo-1-100x100.png 100w\" sizes=\"(max-width: 400px) 100vw, 400px\" \/>\t\t\t\t\t\t\t\t<\/a>\n\t\t\t\t\t\t\t\t\t\t\t\t\t<\/div>\n\t\t\t\t<\/div>\n\t\t\t\t<div class=\"elementor-element elementor-element-921b84a elementor-widget elementor-widget-image\" data-id=\"921b84a\" data-element_type=\"widget\" data-widget_type=\"image.default\">\n\t\t\t\t<div class=\"elementor-widget-container\">\n\t\t\t\t\t\t\t\t\t\t\t\t\t\t<a href=\"https:\/\/www.hoteldelgolfplaya.com\/en\/\" target=\"_blank\">\n\t\t\t\t\t\t\t<img decoding=\"async\" width=\"400\" height=\"400\" src=\"https:\/\/surferscastellon.com\/wp-content\/uploads\/2021\/03\/hotel-golf.png\" class=\"attachment-large size-large wp-image-2351\" alt=\"\" srcset=\"https:\/\/surferscastellon.com\/wp-content\/uploads\/2021\/03\/hotel-golf.png 400w, https:\/\/surferscastellon.com\/wp-content\/uploads\/2021\/03\/hotel-golf-300x300.png 300w, https:\/\/surferscastellon.com\/wp-content\/uploads\/2021\/03\/hotel-golf-150x150.png 150w, https:\/\/surferscastellon.com\/wp-content\/uploads\/2021\/03\/hotel-golf-100x100.png 100w\" sizes=\"(max-width: 400px) 100vw, 400px\" \/>\t\t\t\t\t\t\t\t<\/a>\n\t\t\t\t\t\t\t\t\t\t\t\t\t<\/div>\n\t\t\t\t<\/div>\n\t\t\t\t<div class=\"elementor-element elementor-element-3da5e68 elementor-widget elementor-widget-image\" data-id=\"3da5e68\" data-element_type=\"widget\" data-widget_type=\"image.default\">\n\t\t\t\t<div class=\"elementor-widget-container\">\n\t\t\t\t\t\t\t\t\t\t\t\t\t\t<a href=\"https:\/\/issuu.com\/nspsurfboards\/docs\/surf_catalog_30-08-2018_book\" target=\"_blank\">\n\t\t\t\t\t\t\t<img decoding=\"async\" width=\"400\" height=\"400\" src=\"https:\/\/surferscastellon.com\/wp-content\/uploads\/2021\/03\/nsp.png\" class=\"attachment-large size-large wp-image-2372\" alt=\"\" srcset=\"https:\/\/surferscastellon.com\/wp-content\/uploads\/2021\/03\/nsp.png 400w, https:\/\/surferscastellon.com\/wp-content\/uploads\/2021\/03\/nsp-300x300.png 300w, https:\/\/surferscastellon.com\/wp-content\/uploads\/2021\/03\/nsp-150x150.png 150w, https:\/\/surferscastellon.com\/wp-content\/uploads\/2021\/03\/nsp-100x100.png 100w\" sizes=\"(max-width: 400px) 100vw, 400px\" \/>\t\t\t\t\t\t\t\t<\/a>\n\t\t\t\t\t\t\t\t\t\t\t\t\t<\/div>\n\t\t\t\t<\/div>\n\t\t\t\t<div class=\"elementor-element elementor-element-3267964 elementor-widget elementor-widget-image\" data-id=\"3267964\" data-element_type=\"widget\" data-widget_type=\"image.default\">\n\t\t\t\t<div class=\"elementor-widget-container\">\n\t\t\t\t\t\t\t\t\t\t\t\t\t\t<a href=\"http:\/\/paddlesurf.club\/\" target=\"_blank\">\n\t\t\t\t\t\t\t<img loading=\"lazy\" decoding=\"async\" width=\"512\" height=\"512\" src=\"https:\/\/surferscastellon.com\/wp-content\/uploads\/2021\/03\/paddlesurf.png\" class=\"attachment-large size-large wp-image-2375\" alt=\"\" srcset=\"https:\/\/surferscastellon.com\/wp-content\/uploads\/2021\/03\/paddlesurf.png 512w, https:\/\/surferscastellon.com\/wp-content\/uploads\/2021\/03\/paddlesurf-300x300.png 300w, https:\/\/surferscastellon.com\/wp-content\/uploads\/2021\/03\/paddlesurf-150x150.png 150w, https:\/\/surferscastellon.com\/wp-content\/uploads\/2021\/03\/paddlesurf-100x100.png 100w\" sizes=\"(max-width: 512px) 100vw, 512px\" \/>\t\t\t\t\t\t\t\t<\/a>\n\t\t\t\t\t\t\t\t\t\t\t\t\t<\/div>\n\t\t\t\t<\/div>\n\t\t\t\t\t<\/div>\n\t\t<\/div>\n\t\t\t\t<div class=\"elementor-column elementor-col-25 elementor-inner-column elementor-element elementor-element-696b37d\" data-id=\"696b37d\" data-element_type=\"column\">\n\t\t\t<div class=\"elementor-widget-wrap elementor-element-populated\">\n\t\t\t\t\t\t<div class=\"elementor-element elementor-element-af988e7 elementor-widget elementor-widget-image\" data-id=\"af988e7\" data-element_type=\"widget\" data-widget_type=\"image.default\">\n\t\t\t\t<div class=\"elementor-widget-container\">\n\t\t\t\t\t\t\t\t\t\t\t\t\t\t<a href=\"http:\/\/www.costazaharhoteles.com\/\" target=\"_blank\">\n\t\t\t\t\t\t\t<img loading=\"lazy\" decoding=\"async\" width=\"400\" height=\"400\" src=\"https:\/\/surferscastellon.com\/wp-content\/uploads\/2021\/03\/logo-2.png\" class=\"attachment-large size-large wp-image-2357\" alt=\"\" srcset=\"https:\/\/surferscastellon.com\/wp-content\/uploads\/2021\/03\/logo-2.png 400w, https:\/\/surferscastellon.com\/wp-content\/uploads\/2021\/03\/logo-2-300x300.png 300w, https:\/\/surferscastellon.com\/wp-content\/uploads\/2021\/03\/logo-2-150x150.png 150w, https:\/\/surferscastellon.com\/wp-content\/uploads\/2021\/03\/logo-2-100x100.png 100w\" sizes=\"(max-width: 400px) 100vw, 400px\" \/>\t\t\t\t\t\t\t\t<\/a>\n\t\t\t\t\t\t\t\t\t\t\t\t\t<\/div>\n\t\t\t\t<\/div>\n\t\t\t\t<div class=\"elementor-element elementor-element-078cc9f elementor-widget elementor-widget-image\" data-id=\"078cc9f\" data-element_type=\"widget\" data-widget_type=\"image.default\">\n\t\t\t\t<div class=\"elementor-widget-container\">\n\t\t\t\t\t\t\t\t\t\t\t\t\t\t<a href=\"http:\/\/nauticajuliogordo.es\/\" target=\"_blank\">\n\t\t\t\t\t\t\t<img loading=\"lazy\" decoding=\"async\" width=\"400\" height=\"400\" src=\"https:\/\/surferscastellon.com\/wp-content\/uploads\/2021\/03\/nautica-julio.png\" class=\"attachment-large size-large wp-image-2369\" alt=\"\" srcset=\"https:\/\/surferscastellon.com\/wp-content\/uploads\/2021\/03\/nautica-julio.png 400w, https:\/\/surferscastellon.com\/wp-content\/uploads\/2021\/03\/nautica-julio-300x300.png 300w, https:\/\/surferscastellon.com\/wp-content\/uploads\/2021\/03\/nautica-julio-150x150.png 150w, https:\/\/surferscastellon.com\/wp-content\/uploads\/2021\/03\/nautica-julio-100x100.png 100w\" sizes=\"(max-width: 400px) 100vw, 400px\" \/>\t\t\t\t\t\t\t\t<\/a>\n\t\t\t\t\t\t\t\t\t\t\t\t\t<\/div>\n\t\t\t\t<\/div>\n\t\t\t\t<div class=\"elementor-element elementor-element-4683671 elementor-widget elementor-widget-image\" data-id=\"4683671\" data-element_type=\"widget\" data-widget_type=\"image.default\">\n\t\t\t\t<div class=\"elementor-widget-container\">\n\t\t\t\t\t\t\t\t\t\t\t\t\t\t<a href=\"https:\/\/www.spsurf.com\/marca\/\" target=\"_blank\">\n\t\t\t\t\t\t\t<img loading=\"lazy\" decoding=\"async\" width=\"400\" height=\"400\" src=\"https:\/\/surferscastellon.com\/wp-content\/uploads\/2021\/03\/spf.png\" class=\"attachment-large size-large wp-image-2384\" alt=\"\" srcset=\"https:\/\/surferscastellon.com\/wp-content\/uploads\/2021\/03\/spf.png 400w, https:\/\/surferscastellon.com\/wp-content\/uploads\/2021\/03\/spf-300x300.png 300w, https:\/\/surferscastellon.com\/wp-content\/uploads\/2021\/03\/spf-150x150.png 150w, https:\/\/surferscastellon.com\/wp-content\/uploads\/2021\/03\/spf-100x100.png 100w\" sizes=\"(max-width: 400px) 100vw, 400px\" \/>\t\t\t\t\t\t\t\t<\/a>\n\t\t\t\t\t\t\t\t\t\t\t\t\t<\/div>\n\t\t\t\t<\/div>\n\t\t\t\t<div class=\"elementor-element elementor-element-e5e89a8 elementor-widget elementor-widget-image\" data-id=\"e5e89a8\" data-element_type=\"widget\" data-widget_type=\"image.default\">\n\t\t\t\t<div class=\"elementor-widget-container\">\n\t\t\t\t\t\t\t\t\t\t\t\t\t\t<a href=\"https:\/\/www.upsuping.com\/\" target=\"_blank\">\n\t\t\t\t\t\t\t<img loading=\"lazy\" decoding=\"async\" width=\"512\" height=\"512\" src=\"https:\/\/surferscastellon.com\/wp-content\/uploads\/2021\/03\/upsuping.png\" class=\"attachment-large size-large wp-image-2390\" alt=\"\" srcset=\"https:\/\/surferscastellon.com\/wp-content\/uploads\/2021\/03\/upsuping.png 512w, https:\/\/surferscastellon.com\/wp-content\/uploads\/2021\/03\/upsuping-300x300.png 300w, https:\/\/surferscastellon.com\/wp-content\/uploads\/2021\/03\/upsuping-150x150.png 150w, https:\/\/surferscastellon.com\/wp-content\/uploads\/2021\/03\/upsuping-100x100.png 100w\" sizes=\"(max-width: 512px) 100vw, 512px\" \/>\t\t\t\t\t\t\t\t<\/a>\n\t\t\t\t\t\t\t\t\t\t\t\t\t<\/div>\n\t\t\t\t<\/div>\n\t\t\t\t\t<\/div>\n\t\t<\/div>\n\t\t\t\t<div class=\"elementor-column elementor-col-25 elementor-inner-column elementor-element elementor-element-a68ba4c\" data-id=\"a68ba4c\" data-element_type=\"column\">\n\t\t\t<div class=\"elementor-widget-wrap elementor-element-populated\">\n\t\t\t\t\t\t<div class=\"elementor-element elementor-element-8741f96 elementor-widget elementor-widget-image\" data-id=\"8741f96\" data-element_type=\"widget\" data-widget_type=\"image.default\">\n\t\t\t\t<div class=\"elementor-widget-container\">\n\t\t\t\t\t\t\t\t\t\t\t\t\t\t<a href=\"https:\/\/www.laolarestaurante.com\/\" target=\"_blank\">\n\t\t\t\t\t\t\t<img loading=\"lazy\" decoding=\"async\" width=\"400\" height=\"400\" src=\"https:\/\/surferscastellon.com\/wp-content\/uploads\/2021\/03\/logo-3.png\" class=\"attachment-large size-large wp-image-2360\" alt=\"\" srcset=\"https:\/\/surferscastellon.com\/wp-content\/uploads\/2021\/03\/logo-3.png 400w, https:\/\/surferscastellon.com\/wp-content\/uploads\/2021\/03\/logo-3-300x300.png 300w, https:\/\/surferscastellon.com\/wp-content\/uploads\/2021\/03\/logo-3-150x150.png 150w, https:\/\/surferscastellon.com\/wp-content\/uploads\/2021\/03\/logo-3-100x100.png 100w\" sizes=\"(max-width: 400px) 100vw, 400px\" \/>\t\t\t\t\t\t\t\t<\/a>\n\t\t\t\t\t\t\t\t\t\t\t\t\t<\/div>\n\t\t\t\t<\/div>\n\t\t\t\t<div class=\"elementor-element elementor-element-145ad2e elementor-widget elementor-widget-image\" data-id=\"145ad2e\" data-element_type=\"widget\" data-widget_type=\"image.default\">\n\t\t\t\t<div class=\"elementor-widget-container\">\n\t\t\t\t\t\t\t\t\t\t\t\t\t\t<a href=\"https:\/\/rumbodirecto.com\/\" target=\"_blank\">\n\t\t\t\t\t\t\t<img loading=\"lazy\" decoding=\"async\" width=\"400\" height=\"400\" src=\"https:\/\/surferscastellon.com\/wp-content\/uploads\/2021\/03\/rumbodirecto.png\" class=\"attachment-large size-large wp-image-2378\" alt=\"\" srcset=\"https:\/\/surferscastellon.com\/wp-content\/uploads\/2021\/03\/rumbodirecto.png 400w, https:\/\/surferscastellon.com\/wp-content\/uploads\/2021\/03\/rumbodirecto-300x300.png 300w, https:\/\/surferscastellon.com\/wp-content\/uploads\/2021\/03\/rumbodirecto-150x150.png 150w, https:\/\/surferscastellon.com\/wp-content\/uploads\/2021\/03\/rumbodirecto-100x100.png 100w\" sizes=\"(max-width: 400px) 100vw, 400px\" \/>\t\t\t\t\t\t\t\t<\/a>\n\t\t\t\t\t\t\t\t\t\t\t\t\t<\/div>\n\t\t\t\t<\/div>\n\t\t\t\t<div class=\"elementor-element elementor-element-1cd241a elementor-widget elementor-widget-image\" data-id=\"1cd241a\" data-element_type=\"widget\" data-widget_type=\"image.default\">\n\t\t\t\t<div class=\"elementor-widget-container\">\n\t\t\t\t\t\t\t\t\t\t\t\t\t\t<a href=\"https:\/\/www.instagram.com\/metra.surfboards\/\" target=\"_blank\">\n\t\t\t\t\t\t\t<img loading=\"lazy\" decoding=\"async\" width=\"400\" height=\"400\" src=\"https:\/\/surferscastellon.com\/wp-content\/uploads\/2021\/03\/metra.png\" class=\"attachment-large size-large wp-image-2366\" alt=\"\" srcset=\"https:\/\/surferscastellon.com\/wp-content\/uploads\/2021\/03\/metra.png 400w, https:\/\/surferscastellon.com\/wp-content\/uploads\/2021\/03\/metra-300x300.png 300w, https:\/\/surferscastellon.com\/wp-content\/uploads\/2021\/03\/metra-150x150.png 150w, https:\/\/surferscastellon.com\/wp-content\/uploads\/2021\/03\/metra-100x100.png 100w\" sizes=\"(max-width: 400px) 100vw, 400px\" \/>\t\t\t\t\t\t\t\t<\/a>\n\t\t\t\t\t\t\t\t\t\t\t\t\t<\/div>\n\t\t\t\t<\/div>\n\t\t\t\t<div class=\"elementor-element elementor-element-1f60c5f elementor-widget elementor-widget-image\" data-id=\"1f60c5f\" data-element_type=\"widget\" data-widget_type=\"image.default\">\n\t\t\t\t<div class=\"elementor-widget-container\">\n\t\t\t\t\t\t\t\t\t\t\t\t\t\t<a href=\"https:\/\/www.purecleanearth.org\/\" target=\"_blank\">\n\t\t\t\t\t\t\t<img loading=\"lazy\" decoding=\"async\" width=\"512\" height=\"512\" src=\"https:\/\/surferscastellon.com\/wp-content\/uploads\/2021\/03\/logo3s.png\" class=\"attachment-large size-large wp-image-2363\" alt=\"\" srcset=\"https:\/\/surferscastellon.com\/wp-content\/uploads\/2021\/03\/logo3s.png 512w, https:\/\/surferscastellon.com\/wp-content\/uploads\/2021\/03\/logo3s-300x300.png 300w, https:\/\/surferscastellon.com\/wp-content\/uploads\/2021\/03\/logo3s-150x150.png 150w, https:\/\/surferscastellon.com\/wp-content\/uploads\/2021\/03\/logo3s-100x100.png 100w\" sizes=\"(max-width: 512px) 100vw, 512px\" \/>\t\t\t\t\t\t\t\t<\/a>\n\t\t\t\t\t\t\t\t\t\t\t\t\t<\/div>\n\t\t\t\t<\/div>\n\t\t\t\t\t<\/div>\n\t\t<\/div>\n\t\t\t\t<div class=\"elementor-column elementor-col-25 elementor-inner-column elementor-element elementor-element-f66a314\" data-id=\"f66a314\" data-element_type=\"column\">\n\t\t\t<div class=\"elementor-widget-wrap elementor-element-populated\">\n\t\t\t\t\t\t<div class=\"elementor-element elementor-element-3177f8e elementor-widget elementor-widget-image\" data-id=\"3177f8e\" data-element_type=\"widget\" data-widget_type=\"image.default\">\n\t\t\t\t<div class=\"elementor-widget-container\">\n\t\t\t\t\t\t\t\t\t\t\t\t\t\t<a href=\"http:\/\/www.turismodecastellon.com\/es\/\" target=\"_blank\">\n\t\t\t\t\t\t\t<img loading=\"lazy\" decoding=\"async\" width=\"400\" height=\"400\" src=\"https:\/\/surferscastellon.com\/wp-content\/uploads\/2021\/03\/castellon-mediterraneo.png\" class=\"attachment-large size-large wp-image-2348\" alt=\"\" srcset=\"https:\/\/surferscastellon.com\/wp-content\/uploads\/2021\/03\/castellon-mediterraneo.png 400w, https:\/\/surferscastellon.com\/wp-content\/uploads\/2021\/03\/castellon-mediterraneo-300x300.png 300w, https:\/\/surferscastellon.com\/wp-content\/uploads\/2021\/03\/castellon-mediterraneo-150x150.png 150w, https:\/\/surferscastellon.com\/wp-content\/uploads\/2021\/03\/castellon-mediterraneo-100x100.png 100w\" sizes=\"(max-width: 400px) 100vw, 400px\" \/>\t\t\t\t\t\t\t\t<\/a>\n\t\t\t\t\t\t\t\t\t\t\t\t\t<\/div>\n\t\t\t\t<\/div>\n\t\t\t\t<div class=\"elementor-element elementor-element-e5f3c10 elementor-widget elementor-widget-image\" data-id=\"e5f3c10\" data-element_type=\"widget\" data-widget_type=\"image.default\">\n\t\t\t\t<div class=\"elementor-widget-container\">\n\t\t\t\t\t\t\t\t\t\t\t\t\t\t<a href=\"https:\/\/www.instagram.com\/solerototombeach\/?hl=en\" target=\"_blank\">\n\t\t\t\t\t\t\t<img loading=\"lazy\" decoding=\"async\" width=\"400\" height=\"400\" src=\"https:\/\/surferscastellon.com\/wp-content\/uploads\/2021\/03\/sole.png\" class=\"attachment-large size-large wp-image-2381\" alt=\"\" srcset=\"https:\/\/surferscastellon.com\/wp-content\/uploads\/2021\/03\/sole.png 400w, https:\/\/surferscastellon.com\/wp-content\/uploads\/2021\/03\/sole-300x300.png 300w, https:\/\/surferscastellon.com\/wp-content\/uploads\/2021\/03\/sole-150x150.png 150w, https:\/\/surferscastellon.com\/wp-content\/uploads\/2021\/03\/sole-100x100.png 100w\" sizes=\"(max-width: 400px) 100vw, 400px\" \/>\t\t\t\t\t\t\t\t<\/a>\n\t\t\t\t\t\t\t\t\t\t\t\t\t<\/div>\n\t\t\t\t<\/div>\n\t\t\t\t<div class=\"elementor-element elementor-element-a374b00 elementor-widget elementor-widget-image\" data-id=\"a374b00\" data-element_type=\"widget\" data-widget_type=\"image.default\">\n\t\t\t\t<div class=\"elementor-widget-container\">\n\t\t\t\t\t\t\t\t\t\t\t\t\t\t<a href=\"\" target=\"_blank\">\n\t\t\t\t\t\t\t<img loading=\"lazy\" decoding=\"async\" width=\"400\" height=\"400\" src=\"https:\/\/surferscastellon.com\/wp-content\/uploads\/2021\/03\/uakoko.png\" class=\"attachment-large size-large wp-image-2387\" alt=\"\" srcset=\"https:\/\/surferscastellon.com\/wp-content\/uploads\/2021\/03\/uakoko.png 400w, https:\/\/surferscastellon.com\/wp-content\/uploads\/2021\/03\/uakoko-300x300.png 300w, https:\/\/surferscastellon.com\/wp-content\/uploads\/2021\/03\/uakoko-150x150.png 150w, https:\/\/surferscastellon.com\/wp-content\/uploads\/2021\/03\/uakoko-100x100.png 100w\" sizes=\"(max-width: 400px) 100vw, 400px\" \/>\t\t\t\t\t\t\t\t<\/a>\n\t\t\t\t\t\t\t\t\t\t\t\t\t<\/div>\n\t\t\t\t<\/div>\n\t\t\t\t\t<\/div>\n\t\t<\/div>\n\t\t\t\t\t<\/div>\n\t\t<\/section>\n\t\t\t\t\t<\/div>\n\t\t<\/div>\n\t\t\t\t\t<\/div>\n\t\t<\/section>\n\t\t\t\t<\/div>\n\t\t","protected":false},"excerpt":{"rendered":"<p>Famille des Surfeurs Castell\u00f3nR\u00e9seau d\u2019amis, d\u2019h\u00f4tels et de collaborateurs unis pour offrirle meilleur des exp\u00e9riences sur votre s\u00e9jour de \ud83d\ude09<\/p>\n","protected":false},"author":1,"featured_media":0,"parent":0,"menu_order":0,"comment_status":"closed","ping_status":"closed","template":"","meta":{"footnotes":""},"_links":{"self":[{"href":"https:\/\/surferscastellon.com\/fr\/wp-json\/wp\/v2\/pages\/2542"}],"collection":[{"href":"https:\/\/surferscastellon.com\/fr\/wp-json\/wp\/v2\/pages"}],"about":[{"href":"https:\/\/surferscastellon.com\/fr\/wp-json\/wp\/v2\/types\/page"}],"author":[{"embeddable":true,"href":"https:\/\/surferscastellon.com\/fr\/wp-json\/wp\/v2\/users\/1"}],"replies":[{"embeddable":true,"href":"https:\/\/surferscastellon.com\/fr\/wp-json\/wp\/v2\/comments?post=2542"}],"version-history":[{"count":0,"href":"https:\/\/surferscastellon.com\/fr\/wp-json\/wp\/v2\/pages\/2542\/revisions"}],"wp:attachment":[{"href":"https:\/\/surferscastellon.com\/fr\/wp-json\/wp\/v2\/media?parent=2542"}],"curies":[{"name":"wp","href":"https:\/\/api.w.org\/{rel}","templated":true}]}}