{"id":2545,"date":"2021-03-12T03:20:26","date_gmt":"2021-03-12T03:20:26","guid":{"rendered":"https:\/\/surferscastellon.com\/course-par-equipe\/"},"modified":"2021-03-19T11:54:53","modified_gmt":"2021-03-19T11:54:53","slug":"course-par-equipe","status":"publish","type":"page","link":"https:\/\/surferscastellon.com\/fr\/course-par-equipe\/","title":{"rendered":"Course par \u00e9quipe"},"content":{"rendered":"\t\t<div data-elementor-type=\"wp-page\" data-elementor-id=\"2545\" class=\"elementor elementor-2545 elementor-23\" data-elementor-post-type=\"page\">\n\t\t\t\t\t\t<section data-dce-background-overlay-color=\"#FFFFFF\" class=\"elementor-section elementor-top-section elementor-element elementor-element-3a2d45c1 elementor-section-height-min-height elementor-section-content-middle elementor-section-boxed elementor-section-height-default elementor-section-items-middle\" data-id=\"3a2d45c1\" data-element_type=\"section\" data-settings=\"{&quot;background_background&quot;:&quot;video&quot;,&quot;background_video_link&quot;:&quot;https:\\\/\\\/youtu.be\\\/F1IpjeW50a0&quot;,&quot;background_video_start&quot;:16,&quot;background_video_end&quot;:53,&quot;background_play_on_mobile&quot;:&quot;yes&quot;}\">\n\t\t\t\t\t\t\t\t<div class=\"elementor-background-video-container\">\n\t\t\t\t\t\t\t\t\t\t\t\t\t<div class=\"elementor-background-video-embed\"><\/div>\n\t\t\t\t\t\t\t\t\t\t\t\t<\/div>\n\t\t\t\t\t\t\t\t\t<div class=\"elementor-background-overlay\"><\/div>\n\t\t\t\t\t\t\t<div class=\"elementor-container elementor-column-gap-default\">\n\t\t\t\t\t<div class=\"elementor-column elementor-col-100 elementor-top-column elementor-element elementor-element-57971ed\" data-id=\"57971ed\" data-element_type=\"column\">\n\t\t\t<div class=\"elementor-widget-wrap elementor-element-populated\">\n\t\t\t\t\t\t<div class=\"elementor-element elementor-element-1aed5c4 elementor-widget elementor-widget-heading\" data-id=\"1aed5c4\" data-element_type=\"widget\" data-widget_type=\"heading.default\">\n\t\t\t\t<div class=\"elementor-widget-container\">\n\t\t\t<h1 class=\"elementor-heading-title elementor-size-default\">TEAM SUP*RACE<\/h1>\t\t<\/div>\n\t\t\t\t<\/div>\n\t\t\t\t<div class=\"elementor-element elementor-element-eef5cb2 elementor-widget elementor-widget-text-editor\" data-id=\"eef5cb2\" data-element_type=\"widget\" data-widget_type=\"text-editor.default\">\n\t\t\t\t<div class=\"elementor-widget-container\">\n\t\t\t\t\t\t\t<p style=\"text-align: center;\"><strong>\u00c9QUIPE DE COMP\u00c9TITION<\/strong><\/p>\n<p style=\"text-align: center;\"><strong>Augmentez votre niveau avec nos s\u00e9ances d\u2019entra\u00eenement sp\u00e9cifiques. Profitez de prix sp\u00e9ciaux et de nombreux avantages!<\/strong><\/p>\n\t\t\t\t\t\t<\/div>\n\t\t\t\t<\/div>\n\t\t\t\t\t<\/div>\n\t\t<\/div>\n\t\t\t\t\t<\/div>\n\t\t<\/section>\n\t\t\t\t<section class=\"elementor-section elementor-top-section elementor-element elementor-element-6f5e43f elementor-section-full_width elementor-section-height-default elementor-section-height-default\" data-id=\"6f5e43f\" data-element_type=\"section\">\n\t\t\t\t\t\t<div class=\"elementor-container elementor-column-gap-default\">\n\t\t\t\t\t<div class=\"elementor-column elementor-col-66 elementor-top-column elementor-element elementor-element-f4f294b\" data-id=\"f4f294b\" data-element_type=\"column\">\n\t\t\t<div class=\"elementor-widget-wrap elementor-element-populated\">\n\t\t\t\t\t\t<div class=\"elementor-element elementor-element-ae96225 elementor-arrows-position-inside elementor-widget elementor-widget-image-carousel\" data-id=\"ae96225\" data-element_type=\"widget\" data-settings=\"{&quot;slides_to_show&quot;:&quot;1&quot;,&quot;navigation&quot;:&quot;arrows&quot;,&quot;autoplay&quot;:&quot;yes&quot;,&quot;pause_on_hover&quot;:&quot;yes&quot;,&quot;pause_on_interaction&quot;:&quot;yes&quot;,&quot;autoplay_speed&quot;:5000,&quot;infinite&quot;:&quot;yes&quot;,&quot;effect&quot;:&quot;slide&quot;,&quot;speed&quot;:500}\" data-widget_type=\"image-carousel.default\">\n\t\t\t\t<div class=\"elementor-widget-container\">\n\t\t\t\t\t<div class=\"elementor-image-carousel-wrapper swiper\" dir=\"ltr\">\n\t\t\t<div class=\"elementor-image-carousel swiper-wrapper swiper-image-stretch\" aria-live=\"off\">\n\t\t\t\t\t\t\t\t<div class=\"swiper-slide\" role=\"group\" aria-roledescription=\"slide\" aria-label=\"1 sur 4\"><figure class=\"swiper-slide-inner\"><img decoding=\"async\" class=\"swiper-slide-image\" src=\"https:\/\/surferscastellon.com\/wp-content\/uploads\/2021\/02\/foto-27-team.jpg\" alt=\"photo 27 \u00e9quipe\" \/><\/figure><\/div><div class=\"swiper-slide\" role=\"group\" aria-roledescription=\"slide\" aria-label=\"2 sur 4\"><figure class=\"swiper-slide-inner\"><img decoding=\"async\" class=\"swiper-slide-image\" src=\"https:\/\/surferscastellon.com\/wp-content\/uploads\/2021\/01\/sup_0705.jpg\" alt=\"sup_0705\" \/><\/figure><\/div><div class=\"swiper-slide\" role=\"group\" aria-roledescription=\"slide\" aria-label=\"3 sur 4\"><figure class=\"swiper-slide-inner\"><img decoding=\"async\" class=\"swiper-slide-image\" src=\"https:\/\/surferscastellon.com\/wp-content\/uploads\/2021\/01\/sup_0714.jpg\" alt=\"sup_0714\" \/><\/figure><\/div><div class=\"swiper-slide\" role=\"group\" aria-roledescription=\"slide\" aria-label=\"4 sur 4\"><figure class=\"swiper-slide-inner\"><img decoding=\"async\" class=\"swiper-slide-image\" src=\"https:\/\/surferscastellon.com\/wp-content\/uploads\/2021\/02\/FOTO-28team.jpg\" alt=\"PHOTO 28team\" \/><\/figure><\/div>\t\t\t<\/div>\n\t\t\t\t\t\t\t\t\t\t\t\t<div class=\"elementor-swiper-button elementor-swiper-button-prev\" role=\"button\" tabindex=\"0\">\n\t\t\t\t\t\t<i aria-hidden=\"true\" class=\"eicon-chevron-left\"><\/i>\t\t\t\t\t<\/div>\n\t\t\t\t\t<div class=\"elementor-swiper-button elementor-swiper-button-next\" role=\"button\" tabindex=\"0\">\n\t\t\t\t\t\t<i aria-hidden=\"true\" class=\"eicon-chevron-right\"><\/i>\t\t\t\t\t<\/div>\n\t\t\t\t\n\t\t\t\t\t\t\t\t\t<\/div>\n\t\t\t\t<\/div>\n\t\t\t\t<\/div>\n\t\t\t\t\t<\/div>\n\t\t<\/div>\n\t\t\t\t<div class=\"elementor-column elementor-col-33 elementor-top-column elementor-element elementor-element-41ac03e\" data-id=\"41ac03e\" data-element_type=\"column\">\n\t\t\t<div class=\"elementor-widget-wrap elementor-element-populated\">\n\t\t\t\t\t\t<div class=\"elementor-element elementor-element-f31f2c0 elementor-widget elementor-widget-text-editor\" data-id=\"f31f2c0\" data-element_type=\"widget\" data-widget_type=\"text-editor.default\">\n\t\t\t\t<div class=\"elementor-widget-container\">\n\t\t\t\t\t\t\t<p>Avantages de <strong>l\u2019\u00e9quipe de course Sup*<\/strong><\/p>\n\t\t\t\t\t\t<\/div>\n\t\t\t\t<\/div>\n\t\t\t\t<div class=\"elementor-element elementor-element-61fcf69 elementor-icon-list--layout-traditional elementor-list-item-link-full_width elementor-widget elementor-widget-icon-list\" data-id=\"61fcf69\" data-element_type=\"widget\" data-widget_type=\"icon-list.default\">\n\t\t\t\t<div class=\"elementor-widget-container\">\n\t\t\t\t\t<ul class=\"elementor-icon-list-items\">\n\t\t\t\t\t\t\t<li class=\"elementor-icon-list-item\">\n\t\t\t\t\t\t\t\t\t\t\t<span class=\"elementor-icon-list-icon\">\n\t\t\t\t\t\t\t<i aria-hidden=\"true\" class=\"fas fa-check\"><\/i>\t\t\t\t\t\t<\/span>\n\t\t\t\t\t\t\t\t\t\t<span class=\"elementor-icon-list-text\">Entra\u00eenements sp\u00e9cifiques<\/span>\n\t\t\t\t\t\t\t\t\t<\/li>\n\t\t\t\t\t\t\t\t<li class=\"elementor-icon-list-item\">\n\t\t\t\t\t\t\t\t\t\t\t<span class=\"elementor-icon-list-icon\">\n\t\t\t\t\t\t\t<i aria-hidden=\"true\" class=\"fas fa-check\"><\/i>\t\t\t\t\t\t<\/span>\n\t\t\t\t\t\t\t\t\t\t<span class=\"elementor-icon-list-text\">Conseils techniques<\/span>\n\t\t\t\t\t\t\t\t\t<\/li>\n\t\t\t\t\t\t\t\t<li class=\"elementor-icon-list-item\">\n\t\t\t\t\t\t\t\t\t\t\t<span class=\"elementor-icon-list-icon\">\n\t\t\t\t\t\t\t<i aria-hidden=\"true\" class=\"fas fa-check\"><\/i>\t\t\t\t\t\t<\/span>\n\t\t\t\t\t\t\t\t\t\t<span class=\"elementor-icon-list-text\">Avantages \u00e9conomiques du groupe<\/span>\n\t\t\t\t\t\t\t\t\t<\/li>\n\t\t\t\t\t\t\t\t<li class=\"elementor-icon-list-item\">\n\t\t\t\t\t\t\t\t\t\t\t<span class=\"elementor-icon-list-icon\">\n\t\t\t\t\t\t\t<i aria-hidden=\"true\" class=\"fas fa-check\"><\/i>\t\t\t\t\t\t<\/span>\n\t\t\t\t\t\t\t\t\t\t<span class=\"elementor-icon-list-text\">Logistique de transport<\/span>\n\t\t\t\t\t\t\t\t\t<\/li>\n\t\t\t\t\t\t\t\t<li class=\"elementor-icon-list-item\">\n\t\t\t\t\t\t\t\t\t\t\t<span class=\"elementor-icon-list-icon\">\n\t\t\t\t\t\t\t<i aria-hidden=\"true\" class=\"fas fa-check\"><\/i>\t\t\t\t\t\t<\/span>\n\t\t\t\t\t\t\t\t\t\t<span class=\"elementor-icon-list-text\">Licences f\u00e9d\u00e9rales et d\u2019assurance FESURF<\/span>\n\t\t\t\t\t\t\t\t\t<\/li>\n\t\t\t\t\t\t<\/ul>\n\t\t\t\t<\/div>\n\t\t\t\t<\/div>\n\t\t\t\t<div class=\"elementor-element elementor-element-52b8881 elementor-widget elementor-widget-text-editor\" data-id=\"52b8881\" data-element_type=\"widget\" data-widget_type=\"text-editor.default\">\n\t\t\t\t<div class=\"elementor-widget-container\">\n\t\t\t\t\t\t\t<p>Participez aux principales courses de SUPRACE !<\/p>\n\t\t\t\t\t\t<\/div>\n\t\t\t\t<\/div>\n\t\t\t\t<div class=\"elementor-element elementor-element-b6b4145 elementor-icon-list--layout-traditional elementor-list-item-link-full_width elementor-widget elementor-widget-icon-list\" data-id=\"b6b4145\" data-element_type=\"widget\" data-widget_type=\"icon-list.default\">\n\t\t\t\t<div class=\"elementor-widget-container\">\n\t\t\t\t\t<ul class=\"elementor-icon-list-items\">\n\t\t\t\t\t\t\t<li class=\"elementor-icon-list-item\">\n\t\t\t\t\t\t\t\t\t\t\t<span class=\"elementor-icon-list-icon\">\n\t\t\t\t\t\t\t<i aria-hidden=\"true\" class=\"fas fa-check\"><\/i>\t\t\t\t\t\t<\/span>\n\t\t\t\t\t\t\t\t\t\t<span class=\"elementor-icon-list-text\">*CIRCUIT PROVINCIAL<\/span>\n\t\t\t\t\t\t\t\t\t<\/li>\n\t\t\t\t\t\t\t\t<li class=\"elementor-icon-list-item\">\n\t\t\t\t\t\t\t\t\t\t\t<span class=\"elementor-icon-list-icon\">\n\t\t\t\t\t\t\t<i aria-hidden=\"true\" class=\"fas fa-check\"><\/i>\t\t\t\t\t\t<\/span>\n\t\t\t\t\t\t\t\t\t\t<span class=\"elementor-icon-list-text\">*CMS (CIRCUIT MEDITERRANEO SUP)<\/span>\n\t\t\t\t\t\t\t\t\t<\/li>\n\t\t\t\t\t\t\t\t<li class=\"elementor-icon-list-item\">\n\t\t\t\t\t\t\t\t\t\t\t<span class=\"elementor-icon-list-icon\">\n\t\t\t\t\t\t\t<i aria-hidden=\"true\" class=\"fas fa-check\"><\/i>\t\t\t\t\t\t<\/span>\n\t\t\t\t\t\t\t\t\t\t<span class=\"elementor-icon-list-text\">*CHAMPIONNAT D\u2019ESPAGNE<\/span>\n\t\t\t\t\t\t\t\t\t<\/li>\n\t\t\t\t\t\t<\/ul>\n\t\t\t\t<\/div>\n\t\t\t\t<\/div>\n\t\t\t\t<div class=\"elementor-element elementor-element-0373ac7 elementor-widget elementor-widget-eael-creative-button\" data-id=\"0373ac7\" data-element_type=\"widget\" data-widget_type=\"eael-creative-button.default\">\n\t\t\t\t<div class=\"elementor-widget-container\">\n\t\t\t        <div class=\"eael-creative-button-wrapper\">\n\n            <a class=\"eael-creative-button eael-creative-button--winona\" href=\"https:\/\/www.surferscastellon.com\/fr\/activit%C3%A9\/packs-partenaires\/?attribute_packs=Pack+3+Team+mensuel\" data-text=\"Allons-y!\">\n\n\t    \n                <div class=\"creative-button-inner\">\n\n                                            <span class=\"eael-creative-button-icon-left\"><\/span>                    \n                    <span class=\"cretive-button-text\">Joignez-vous \u00e0 l\u2019\u00e9quipe!<\/span>\n\n                                    <\/div>\n\t                        <\/a>\n        <\/div>\n\t\t<\/div>\n\t\t\t\t<\/div>\n\t\t\t\t\t<\/div>\n\t\t<\/div>\n\t\t\t\t\t<\/div>\n\t\t<\/section>\n\t\t\t\t<section data-dce-background-color=\"#FFFFFF\" class=\"elementor-section elementor-top-section elementor-element elementor-element-127b35a2 elementor-section-boxed elementor-section-height-default elementor-section-height-default\" data-id=\"127b35a2\" data-element_type=\"section\" data-settings=\"{&quot;background_background&quot;:&quot;classic&quot;}\">\n\t\t\t\t\t\t<div class=\"elementor-container elementor-column-gap-default\">\n\t\t\t\t\t<div class=\"elementor-column elementor-col-100 elementor-top-column elementor-element elementor-element-3eae84a1\" data-id=\"3eae84a1\" data-element_type=\"column\">\n\t\t\t<div class=\"elementor-widget-wrap elementor-element-populated\">\n\t\t\t\t\t\t<div class=\"elementor-element elementor-element-c56880a elementor-widget elementor-widget-text-editor\" data-id=\"c56880a\" data-element_type=\"widget\" data-widget_type=\"text-editor.default\">\n\t\t\t\t<div class=\"elementor-widget-container\">\n\t\t\t\t\t\t\t<p><strong>Rencontrez l\u2019\u00e9quipe!<\/strong><\/p>\n<p>Le soutien et la compagnie sont essentiels pendant les essais, en plus de vous entourer de bonnes vibrations, vous aurez le soutien d\u2019un groupe motiv\u00e9 et passionn\u00e9 par le sport, ensemble, nous atteindrons plus de \ud83d\ude09<\/p>\n\t\t\t\t\t\t<\/div>\n\t\t\t\t<\/div>\n\t\t\t\t\t<\/div>\n\t\t<\/div>\n\t\t\t\t\t<\/div>\n\t\t<\/section>\n\t\t\t\t<section data-dce-background-color=\"#FFFFFF\" class=\"elementor-section elementor-top-section elementor-element elementor-element-b4b25c4 elementor-section-boxed elementor-section-height-default elementor-section-height-default\" data-id=\"b4b25c4\" data-element_type=\"section\" data-settings=\"{&quot;background_background&quot;:&quot;classic&quot;}\">\n\t\t\t\t\t\t<div class=\"elementor-container elementor-column-gap-default\">\n\t\t\t\t\t<div class=\"elementor-column elementor-col-100 elementor-top-column elementor-element elementor-element-69f8f16\" data-id=\"69f8f16\" data-element_type=\"column\">\n\t\t\t<div class=\"elementor-widget-wrap elementor-element-populated\">\n\t\t\t\t\t\t<div class=\"elementor-element elementor-element-ed18778 elementor-widget elementor-widget-eael-team-member-carousel\" data-id=\"ed18778\" data-element_type=\"widget\" data-widget_type=\"eael-team-member-carousel.default\">\n\t\t\t\t<div class=\"elementor-widget-container\">\n\t\t\t        <div class=\"swiper-container-wrap eael-team-member-carousel-wrap\">\n            <div class=\"swiper swiper-8 eael-tm-wrapper eael-tm-carousel\" id=\"swiper-container-ed18778\" data-pagination=\".swiper-pagination-ed18778\" data-arrow-next=\".swiper-button-next-ed18778\" data-arrow-prev=\".swiper-button-prev-ed18778\" data-id=\"swiper-container-ed18778\" data-items=\"5\" data-margin=\"10\" data-items-mobile=\"1\" data-margin-mobile=\"10\" data-items-tablet=\"2\" data-margin-tablet=\"10\" data-autoplay=\"2671\" data-loop=\"1\" data-arrows=\"1\">\n                <div class=\"swiper-wrapper\">\n\t\t\t\t\t                        <div class=\"swiper-slide\">\n                            <div class=\"eael-tm\">\n                                <div class=\"eael-tm-image\">\n\t\t\t\t\t\t\t\t\t<img decoding=\"async\" src=\"https:\/\/surferscastellon.com\/wp-content\/uploads\/2021\/01\/julian-rb.png\"alt=\"\">\t\t\t\t\t\t\t\t\t                                <\/div>\n\n                                <div class=\"eael-tm-content eael-tm-content-normal\">\n\t\t\t\t\t\t\t\t\t<h5 class=\"eael-tm-name\">Julian<\/h5>\t\t\t\t\t\t        <div class=\"eael-tm-social-links-wrap\">\n            <ul class=\"eael-tm-social-links\">\n\t\t\t\t            <\/ul>\n        <\/div>\n\t\t                                <\/div>\n                            <\/div><!-- .eael-tm -->\n                        <\/div><!-- .swiper-slide -->\n\t\t\t\t\t                        <div class=\"swiper-slide\">\n                            <div class=\"eael-tm\">\n                                <div class=\"eael-tm-image\">\n\t\t\t\t\t\t\t\t\t<img decoding=\"async\" src=\"https:\/\/surferscastellon.com\/wp-content\/uploads\/2021\/01\/mayra-rb.png\"alt=\"\">\t\t\t\t\t\t\t\t\t                                <\/div>\n\n                                <div class=\"eael-tm-content eael-tm-content-normal\">\n\t\t\t\t\t\t\t\t\t<h5 class=\"eael-tm-name\">Mayra<\/h5>\t\t\t\t\t\t        <div class=\"eael-tm-social-links-wrap\">\n            <ul class=\"eael-tm-social-links\">\n\t\t\t\t            <\/ul>\n        <\/div>\n\t\t                                <\/div>\n                            <\/div><!-- .eael-tm -->\n                        <\/div><!-- .swiper-slide -->\n\t\t\t\t\t                        <div class=\"swiper-slide\">\n                            <div class=\"eael-tm\">\n                                <div class=\"eael-tm-image\">\n\t\t\t\t\t\t\t\t\t<img decoding=\"async\" src=\"https:\/\/surferscastellon.com\/wp-content\/uploads\/2021\/01\/cristian-rb.png\"alt=\"\">\t\t\t\t\t\t\t\t\t                                <\/div>\n\n                                <div class=\"eael-tm-content eael-tm-content-normal\">\n\t\t\t\t\t\t\t\t\t<h5 class=\"eael-tm-name\">Cristian<\/h5>\t\t\t\t\t\t        <div class=\"eael-tm-social-links-wrap\">\n            <ul class=\"eael-tm-social-links\">\n\t\t\t\t            <\/ul>\n        <\/div>\n\t\t                                <\/div>\n                            <\/div><!-- .eael-tm -->\n                        <\/div><!-- .swiper-slide -->\n\t\t\t\t\t                        <div class=\"swiper-slide\">\n                            <div class=\"eael-tm\">\n                                <div class=\"eael-tm-image\">\n\t\t\t\t\t\t\t\t\t<img decoding=\"async\" src=\"https:\/\/surferscastellon.com\/wp-content\/uploads\/2021\/01\/enrico-rb.png\"alt=\"\">\t\t\t\t\t\t\t\t\t                                <\/div>\n\n                                <div class=\"eael-tm-content eael-tm-content-normal\">\n\t\t\t\t\t\t\t\t\t<h5 class=\"eael-tm-name\">Enrico<\/h5>\t\t\t\t\t\t        <div class=\"eael-tm-social-links-wrap\">\n            <ul class=\"eael-tm-social-links\">\n\t\t\t\t            <\/ul>\n        <\/div>\n\t\t                                <\/div>\n                            <\/div><!-- .eael-tm -->\n                        <\/div><!-- .swiper-slide -->\n\t\t\t\t\t                        <div class=\"swiper-slide\">\n                            <div class=\"eael-tm\">\n                                <div class=\"eael-tm-image\">\n\t\t\t\t\t\t\t\t\t<img decoding=\"async\" src=\"https:\/\/surferscastellon.com\/wp-content\/uploads\/2021\/01\/michel-rb.png\"alt=\"\">\t\t\t\t\t\t\t\t\t                                <\/div>\n\n                                <div class=\"eael-tm-content eael-tm-content-normal\">\n\t\t\t\t\t\t\t\t\t<h5 class=\"eael-tm-name\">Michel<\/h5>\t\t\t\t\t\t        <div class=\"eael-tm-social-links-wrap\">\n            <ul class=\"eael-tm-social-links\">\n\t\t\t\t            <\/ul>\n        <\/div>\n\t\t                                <\/div>\n                            <\/div><!-- .eael-tm -->\n                        <\/div><!-- .swiper-slide -->\n\t\t\t\t\t                        <div class=\"swiper-slide\">\n                            <div class=\"eael-tm\">\n                                <div class=\"eael-tm-image\">\n\t\t\t\t\t\t\t\t\t<img decoding=\"async\" src=\"https:\/\/surferscastellon.com\/wp-content\/uploads\/2021\/01\/teo-rb.png\"alt=\"\">\t\t\t\t\t\t\t\t\t                                <\/div>\n\n                                <div class=\"eael-tm-content eael-tm-content-normal\">\n\t\t\t\t\t\t\t\t\t<h5 class=\"eael-tm-name\">Teo<\/h5>\t\t\t\t\t\t        <div class=\"eael-tm-social-links-wrap\">\n            <ul class=\"eael-tm-social-links\">\n\t\t\t\t            <\/ul>\n        <\/div>\n\t\t                                <\/div>\n                            <\/div><!-- .eael-tm -->\n                        <\/div><!-- .swiper-slide -->\n\t\t\t\t\t                        <div class=\"swiper-slide\">\n                            <div class=\"eael-tm\">\n                                <div class=\"eael-tm-image\">\n\t\t\t\t\t\t\t\t\t<img decoding=\"async\" src=\"https:\/\/surferscastellon.com\/wp-content\/uploads\/2021\/01\/giuila-rb.png\"alt=\"\">\t\t\t\t\t\t\t\t\t                                <\/div>\n\n                                <div class=\"eael-tm-content eael-tm-content-normal\">\n\t\t\t\t\t\t\t\t\t<h5 class=\"eael-tm-name\">Giulia<\/h5>\t\t\t\t\t\t        <div class=\"eael-tm-social-links-wrap\">\n            <ul class=\"eael-tm-social-links\">\n\t\t\t\t            <\/ul>\n        <\/div>\n\t\t                                <\/div>\n                            <\/div><!-- .eael-tm -->\n                        <\/div><!-- .swiper-slide -->\n\t\t\t\t\t                        <div class=\"swiper-slide\">\n                            <div class=\"eael-tm\">\n                                <div class=\"eael-tm-image\">\n\t\t\t\t\t\t\t\t\t<img decoding=\"async\" src=\"https:\/\/surferscastellon.com\/wp-content\/uploads\/2021\/01\/debora-rb.png\"alt=\"\">\t\t\t\t\t\t\t\t\t                                <\/div>\n\n                                <div class=\"eael-tm-content eael-tm-content-normal\">\n\t\t\t\t\t\t\t\t\t<h5 class=\"eael-tm-name\">D\u00e9bora<\/h5>\t\t\t\t\t\t        <div class=\"eael-tm-social-links-wrap\">\n            <ul class=\"eael-tm-social-links\">\n\t\t\t\t            <\/ul>\n        <\/div>\n\t\t                                <\/div>\n                            <\/div><!-- .eael-tm -->\n                        <\/div><!-- .swiper-slide -->\n\t\t\t\t\t                        <div class=\"swiper-slide\">\n                            <div class=\"eael-tm\">\n                                <div class=\"eael-tm-image\">\n\t\t\t\t\t\t\t\t\t<img decoding=\"async\" src=\"https:\/\/surferscastellon.com\/wp-content\/uploads\/2021\/01\/gonzalo-rb.png\"alt=\"\">\t\t\t\t\t\t\t\t\t                                <\/div>\n\n                                <div class=\"eael-tm-content eael-tm-content-normal\">\n\t\t\t\t\t\t\t\t\t<h5 class=\"eael-tm-name\">Gonzalo<\/h5>\t\t\t\t\t\t        <div class=\"eael-tm-social-links-wrap\">\n            <ul class=\"eael-tm-social-links\">\n\t\t\t\t            <\/ul>\n        <\/div>\n\t\t                                <\/div>\n                            <\/div><!-- .eael-tm -->\n                        <\/div><!-- .swiper-slide -->\n\t\t\t\t\t                        <div class=\"swiper-slide\">\n                            <div class=\"eael-tm\">\n                                <div class=\"eael-tm-image\">\n\t\t\t\t\t\t\t\t\t<img decoding=\"async\" src=\"https:\/\/surferscastellon.com\/wp-content\/uploads\/2021\/01\/isa-rb.png\"alt=\"\">\t\t\t\t\t\t\t\t\t                                <\/div>\n\n                                <div class=\"eael-tm-content eael-tm-content-normal\">\n\t\t\t\t\t\t\t\t\t<h5 class=\"eael-tm-name\">Isa<\/h5>\t\t\t\t\t\t        <div class=\"eael-tm-social-links-wrap\">\n            <ul class=\"eael-tm-social-links\">\n\t\t\t\t            <\/ul>\n        <\/div>\n\t\t                                <\/div>\n                            <\/div><!-- .eael-tm -->\n                        <\/div><!-- .swiper-slide -->\n\t\t\t\t\t                        <div class=\"swiper-slide\">\n                            <div class=\"eael-tm\">\n                                <div class=\"eael-tm-image\">\n\t\t\t\t\t\t\t\t\t<img decoding=\"async\" src=\"https:\/\/surferscastellon.com\/wp-content\/uploads\/2021\/01\/toni-rb.png\"alt=\"\">\t\t\t\t\t\t\t\t\t                                <\/div>\n\n                                <div class=\"eael-tm-content eael-tm-content-normal\">\n\t\t\t\t\t\t\t\t\t<h5 class=\"eael-tm-name\">Toni<\/h5>\t\t\t\t\t\t        <div class=\"eael-tm-social-links-wrap\">\n            <ul class=\"eael-tm-social-links\">\n\t\t\t\t            <\/ul>\n        <\/div>\n\t\t                                <\/div>\n                            <\/div><!-- .eael-tm -->\n                        <\/div><!-- .swiper-slide -->\n\t\t\t\t\t                <\/div>\n            <\/div>\n\t\t\t\t\t\t            <!-- Add Arrows -->\n            <div class=\"swiper-button-next swiper-button-next-ed18778\">\n                <i class=\"fa fa-angle-right\"><\/i>\n            <\/div>\n            <div class=\"swiper-button-prev swiper-button-prev-ed18778\">\n                <i class=\"fa fa-angle-left\"><\/i>\n            <\/div>\n\t\t        <\/div>\n\t\t\t\t<\/div>\n\t\t\t\t<\/div>\n\t\t\t\t<div class=\"elementor-element elementor-element-d6ba859 elementor-widget elementor-widget-eael-creative-button\" data-id=\"d6ba859\" data-element_type=\"widget\" data-widget_type=\"eael-creative-button.default\">\n\t\t\t\t<div class=\"elementor-widget-container\">\n\t\t\t        <div class=\"eael-creative-button-wrapper\">\n\n            <a class=\"eael-creative-button eael-creative-button--winona\" href=\"https:\/\/www.surferscastellon.com\/fr\/activit%C3%A9\/packs-partenaires\/?attribute_packs=Pack+3+Team+mensuel\" data-text=\"Allons-y!\">\n\n\t    \n                <div class=\"creative-button-inner\">\n\n                                            <span class=\"eael-creative-button-icon-left\"><\/span>                    \n                    <span class=\"cretive-button-text\">Joignez-vous \u00e0 l\u2019\u00e9quipe!<\/span>\n\n                                    <\/div>\n\t                        <\/a>\n        <\/div>\n\t\t<\/div>\n\t\t\t\t<\/div>\n\t\t\t\t\t<\/div>\n\t\t<\/div>\n\t\t\t\t\t<\/div>\n\t\t<\/section>\n\t\t\t\t<\/div>\n\t\t","protected":false},"excerpt":{"rendered":"<p>TEAM SUP*RACE \u00c9QUIPE DE COMP\u00c9TITION Augmentez votre niveau avec nos s\u00e9ances d\u2019entra\u00eenement sp\u00e9cifiques. Profitez de prix sp\u00e9ciaux et de nombreux avantages! Anterior Siguiente Avantages de l\u2019\u00e9quipe de course Sup* Entra\u00eenements sp\u00e9cifiques Conseils techniques Avantages \u00e9conomiques du groupe Logistique de transport Licences f\u00e9d\u00e9rales et d\u2019assurance FESURF Participez aux principales courses de SUPRACE ! *CIRCUIT PROVINCIAL *CMS &#8230; <a title=\"Course par \u00e9quipe\" class=\"read-more\" href=\"https:\/\/surferscastellon.com\/fr\/course-par-equipe\/\" aria-label=\"Read more about Course par \u00e9quipe\">Lire la suite<\/a><\/p>\n","protected":false},"author":1,"featured_media":0,"parent":0,"menu_order":0,"comment_status":"closed","ping_status":"closed","template":"elementor_header_footer","meta":{"footnotes":""},"_links":{"self":[{"href":"https:\/\/surferscastellon.com\/fr\/wp-json\/wp\/v2\/pages\/2545"}],"collection":[{"href":"https:\/\/surferscastellon.com\/fr\/wp-json\/wp\/v2\/pages"}],"about":[{"href":"https:\/\/surferscastellon.com\/fr\/wp-json\/wp\/v2\/types\/page"}],"author":[{"embeddable":true,"href":"https:\/\/surferscastellon.com\/fr\/wp-json\/wp\/v2\/users\/1"}],"replies":[{"embeddable":true,"href":"https:\/\/surferscastellon.com\/fr\/wp-json\/wp\/v2\/comments?post=2545"}],"version-history":[{"count":0,"href":"https:\/\/surferscastellon.com\/fr\/wp-json\/wp\/v2\/pages\/2545\/revisions"}],"wp:attachment":[{"href":"https:\/\/surferscastellon.com\/fr\/wp-json\/wp\/v2\/media?parent=2545"}],"curies":[{"name":"wp","href":"https:\/\/api.w.org\/{rel}","templated":true}]}}