{"id":2572,"date":"2020-11-30T15:08:32","date_gmt":"2020-11-30T15:08:32","guid":{"rendered":"https:\/\/surferscastellon.com\/?page_id=2572"},"modified":"2021-03-19T10:01:12","modified_gmt":"2021-03-19T10:01:12","slug":"politique-de-confidentialite","status":"publish","type":"page","link":"https:\/\/surferscastellon.com\/fr\/politique-de-confidentialite\/","title":{"rendered":"Politique de confidentialit\u00e9"},"content":{"rendered":"<p><b> D\u00c9CLARATION DE CONFIDENTIALIT\u00c9, PROTECTION DES DONN\u00c9ES ET COOKIES <\/b><\/p>\n<p>&#8212;-<\/p>\n<p><strong> CLAUSE DE COMMUNICATION AUX CLIENTS D&#8217;INFORMATIONS D\u00c9TAILL\u00c9ES SUR LA PROTECTION DES DONN\u00c9ES <\/strong><\/p>\n<p>Cher client, par la pr\u00e9sente et conform\u00e9ment au r\u00e8glement g\u00e9n\u00e9ral sur la protection des donn\u00e9es concernant la protection des personnes physiques \u00e0 l&#8217;\u00e9gard du traitement des donn\u00e9es personnelles et de la libre circulation de ces donn\u00e9es (RGPD), nous vous fournissons les informations suivantes sur le traitement d\u00e9taill\u00e9 des donn\u00e9es personnelles :<\/p>\n<p><strong> Responsable du traitement: <\/strong><\/p>\n<p>Vos donn\u00e9es feront partie d&#8217;un fichier appartenant \u00e0 Surfers Castell\u00f3n, avec le num\u00e9ro CIF \/ NIF: 44427411J et le si\u00e8ge social \u00e0: Calle Astr\u00f3nomo Francesc Arago s \/ n 12100 Grao de Castell\u00f3n.<\/p>\n<p><strong> Objectif du traitement: <\/strong><\/p>\n<p>D\u00e9velopper et respecter les obligations pr\u00e9vues dans ce contrat.<br \/>\nVos donn\u00e9es seront conserv\u00e9es pendant une dur\u00e9e de 5 ans.<\/p>\n<p><strong> L\u00e9gitimation: <\/strong><\/p>\n<p>La l\u00e9gitimit\u00e9 de la collecte de vos donn\u00e9es repose sur le contrat sign\u00e9 avec Surfers Castell\u00f3n.<\/p>\n<p><b> Destinataires <\/b> <strong>: <\/strong><\/p>\n<p>Vos donn\u00e9es ne seront pas transf\u00e9r\u00e9es \u00e0 des fins autres que celles d\u00e9crites ci-dessus.<\/p>\n<div id=\"cancelacion\"> <\/div>\n<p><b> Annulation \/ Retour \/ Droit: <\/b><\/p>\n<p>Vous pouvez exercer vos droits d&#8217;acc\u00e8s, de rectification, d&#8217;annulation, de limitation, de portabilit\u00e9 et d&#8217;opposition au traitement de vos donn\u00e9es lorsque certaines circonstances se pr\u00e9sentent, auquel cas elles ne seront conserv\u00e9es que pour l&#8217;accomplissement des obligations l\u00e9galement \u00e9tablies.<\/p>\n<p>Pour exercer les droits d\u00e9crits ci-dessus, vous devez contacter Surfers Castell\u00f3n avec le num\u00e9ro CIF \/ NIF: 44427411J et le si\u00e8ge social \u00e0: Calle Astr\u00f3nomo Francesc Arago s \/ n 12100 Grao de Castell\u00f3n.<\/p>\n<p>De m\u00eame, nous vous informons que l&#8217;Agence espagnole de protection des donn\u00e9es est l&#8217;organisme comp\u00e9tent pour la protection de ces droits.<\/p>\n<p>Afin de maintenir les donn\u00e9es \u00e0 jour, le client doit communiquer tout changement intervenu sur le<br \/>\neux-m\u00eames.<\/p>\n<p><strong> Engagement de confidentialit\u00e9: <\/strong><\/p>\n<p>De m\u00eame, selon l&#8217;article 32 du RGPD, concernant le devoir de secret professionnel, Surfers Castell\u00f3n s&#8217;engage \u00e0 garder la confidentialit\u00e9 des donn\u00e9es personnelles, cette obligation subsistant apr\u00e8s la r\u00e9siliation, pour quelque raison que ce soit, de la relation entre vous et Surfers Castell\u00f3n.<\/p>\n<p>R\u00e8glement (UE) 2016\/679 du Parlement europ\u00e9en et du Conseil, du 27 avril 2016, relatif \u00e0 la protection des personnes physiques \u00e0 l&#8217;\u00e9gard du traitement de leurs donn\u00e9es \u00e0 caract\u00e8re personnel et \u00e0 la libre circulation de ces donn\u00e9es et par la directive 95 \/ 46 \/ CE (R\u00e8glement g\u00e9n\u00e9ral sur la protection des donn\u00e9es) est abrog\u00e9, il est pleinement applicable en Espagne depuis le 25 mai dernier.<\/p>\n<p>Le r\u00e8glement g\u00e9n\u00e9ral sur la protection des donn\u00e9es suppose une modification profonde du r\u00e9gime actuel de protection des donn\u00e9es \u00e0 caract\u00e8re personnel, non seulement du point de vue mat\u00e9riel et de la conformit\u00e9 par les sujets assujettis, mais d&#8217;autant plus qu&#8217;il affecte l&#8217;activit\u00e9 de surveillance par une partie des autorit\u00e9s de contr\u00f4le. qu&#8217;elle r\u00e9glemente.<\/p>\n<p>En outre, la pleine application du r\u00e8glement g\u00e9n\u00e9ral sur la protection des donn\u00e9es implique que les dispositions de droit interne qui ne sont pas conformes au r\u00e9gime qu&#8217;il \u00e9tablit doivent \u00eatre consid\u00e9r\u00e9es comme d\u00e9plac\u00e9es par celui-ci. Cela se produirait avec de nombreux pr\u00e9ceptes de la loi organique 15\/1999 du 13 d\u00e9cembre sur la protection des donn\u00e9es personnelles et son r\u00e8glement de d\u00e9veloppement, approuv\u00e9 par le d\u00e9cret royal 1720\/2007 du 21 d\u00e9cembre.<\/p>\n<p><strong> Droits des partenaires: <\/strong><br \/>\nParticiper aux activit\u00e9s du club conform\u00e9ment \u00e0 ses objectifs sp\u00e9cifiques.<br \/>\nExiger que les performances du club soient conformes aux dispositions de la loi sur le sport de la Communaut\u00e9 valencienne, \u00e0 ses r\u00e8glements d&#8217;application et aux autres r\u00e9glementations r\u00e9gionales ou nationales en vigueur et applicables dans le sport, ainsi qu&#8217;aux pr\u00e9sents statuts.<br \/>\nSe s\u00e9parer librement du club.<br \/>\nPour \u00eatre entendu avant l&#8217;adoption de mesures disciplinaires \u00e0 son encontre et pour \u00eatre inform\u00e9 des faits qui donnent lieu \u00e0 de telles mesures, l&#8217;accord qui, le cas \u00e9ch\u00e9ant, impose la sanction doit \u00eatre motiv\u00e9.<\/p>\n<p><strong> Obligations d&#8217;adh\u00e9sion: <\/strong><br \/>\nPayer les frais exig\u00e9s par le Conseil d&#8217;Administration, approuv\u00e9s par l&#8217;Assembl\u00e9e G\u00e9n\u00e9rale.<br \/>\nSe conformer \u00e0 toutes les dispositions dict\u00e9es par l&#8217;Assembl\u00e9e G\u00e9n\u00e9rale ou le Conseil d&#8217;Administration pour la bonne gouvernance du Club.<br \/>\nEt toutes les autres obligations d\u00e9coulant de ce qui est pr\u00e9vu dans ces statuts.<\/p>\n<p><strong> SECTION 1 &#8211; QUE FAISONS-NOUS DE VOS INFORMATIONS? <\/strong><\/p>\n<p>Lorsque vous achetez quelque chose dans notre boutique, dans le cadre du processus d&#8217;achat et de vente, nous recueillons les informations personnelles que vous nous fournissez, telles que le nom, l&#8217;adresse et l&#8217;adresse e-mail.<\/p>\n<p>Lorsque vous naviguez dans notre boutique, nous recevons \u00e9galement automatiquement l&#8217;adresse de protocole Internet (IP) de votre ordinateur.<\/p>\n<p>afin de nous fournir des informa mation qui nous aide \u00e0 conna\u00eetre votre navigateur et votre syst\u00e8me d&#8217;exploitation.<\/p>\n<p>Marketing par e-mail: avec votre permission, nous pouvons vous envoyer des e-mails concernant notre boutique, de nouveaux produits et d&#8217;autres mises \u00e0 jour.<\/p>\n<p><strong> SECTION 2 &#8211; CONSENTEMENT <\/strong><\/p>\n<p><strong> Comment obtenir mon consentement? <\/strong><\/p>\n<p>Lorsque vous nous fournissez vos informations personnelles pour effectuer une transaction, v\u00e9rifier votre carte de cr\u00e9dit, cr\u00e9er une commande, organiser une exp\u00e9dition ou effectuer un retour, nous impliquons que vous acceptez la collecte et l&#8217;utilisation pour cette raison sp\u00e9cifique uniquement.<\/p>\n<p>Si nous demandons vos informations personnelles pour une raison secondaire, telle que le marketing, nous vous demanderons directement votre consentement expr\u00e8s, ou nous vous donnerons la possibilit\u00e9 de refuser.<\/p>\n<p><strong> Comment puis-je retirer mon consentement? <\/strong><\/p>\n<p>Si apr\u00e8s avoir accept\u00e9 vous changez d&#8217;avis, vous pouvez retirer votre consentement pour que nous vous contactions, pour la collecte, l&#8217;utilisation ou la divulgation de vos informations, \u00e0 tout moment, en nous contactant \u00e0 info@surferscastellon.com ou en \u00e9crivant \u00e0: Surfers Castellon Carrer Astr\u00f3nomo Frances Arag\u00f3 4 Playa del Pinar Grao Castell\u00f3n&#8220;, AN, 12100, Espagne<\/p>\n<p><strong> SECTION 3 &#8211; DIVULGATION <\/strong><\/p>\n<p>Nous pouvons divulguer vos informations personnelles si la loi l&#8217;exige ou si vous enfreignez nos conditions d&#8217;utilisation.<\/p>\n<p>Paiements<\/p>\n<p>Si vous choisissez une passerelle de paiement direct pour finaliser votre achat, le site Web stocke les d\u00e9tails de votre carte de cr\u00e9dit. Il est crypt\u00e9 via la norme de s\u00e9curit\u00e9 des donn\u00e9es de l&#8217;industrie des cartes de paiement (PCI-DSS). Vos donn\u00e9es de transaction d&#8217;achat ne sont stock\u00e9es que dans la mesure n\u00e9cessaire pour terminer la transaction d&#8217;achat. Une fois termin\u00e9, vos informations de transaction d&#8217;achat sont effac\u00e9es.<\/p>\n<p>Toutes les passerelles de paiement direct adh\u00e8rent aux normes d\u00e9finies par PCI-DSS, telles que d\u00e9crites par le Conseil des normes de s\u00e9curit\u00e9 PCI, qui est un effort conjoint de marques telles que Visa, MasterCard, American Express et Discover.<\/p>\n<p>Les exigences PCI-DSS contribuent \u00e0 garantir le traitement s\u00e9curis\u00e9 des informations de carte de cr\u00e9dit des magasins et de leurs fournisseurs de services.<\/p>\n<p><strong> SECTION 5 &#8211; SERVICES DE TIERS <\/strong><\/p>\n<p>En g\u00e9n\u00e9ral, les fournisseurs tiers que nous utilisons ne collecteront, utiliseront et ne divulgueront vos informations que dans la mesure n\u00e9cessaire pour leur permettre de fournir les services qu&#8217;ils nous fournissent.<\/p>\n<p>Cependant, certains fournisseurs de services tiers, tels que les passerelles de paiement et autres processeurs de transactions de paiement, ont leurs propres politiques de confidentialit\u00e9 concernant les informations que nous sommes tenus de leur fournir pour les transactions li\u00e9es aux achats.<\/p>\n<p>Pour ces fournisseurs, nous vous recommandons de lire les politiques de confidentialit\u00e9 afin que vous puissiez comprendre comment vos informations personnelles seront trait\u00e9es.<\/p>\n<p>En particulier, rappelez-vous que certains fournisseurs peuvent \u00eatre situ\u00e9s ou avoir des installations qui sont dans une juridiction diff\u00e9rente de vous ou de nous. Ainsi, si vous souhaitez proc\u00e9der \u00e0 une transaction impliquant les services d&#8217;un fournisseur tiers, vos informations peuvent \u00eatre soumises aux lois de la juridiction (juridictions) dans laquelle le fournisseur de services ou ses installations sont situ\u00e9s.<\/p>\n<p>\u00c0 titre d&#8217;exemple, si vous \u00eates au Canada et que votre transaction est trait\u00e9e par une passerelle de paiement bas\u00e9e aux \u00c9tats-Unis, vos informations personnelles utilis\u00e9es pour compl\u00e9ter la transaction peuvent \u00eatre soumises \u00e0 la divulgation en vertu de la loi am\u00e9ricaine, y compris le Patriot Act.<\/p>\n<p>Une fois que vous quittez le site Web de notre boutique ou que vous acc\u00e9dez \u00e0 un site ou \u00e0 une application tiers, vous n&#8217;\u00eates plus r\u00e9gi par la pr\u00e9sente politique de confidentialit\u00e9 ou les conditions d&#8217;utilisation de notre site Web.<\/p>\n<p><strong> Liens <\/strong><\/p>\n<p>Lorsque vous cliquez sur des liens dans notre boutique, vous pouvez \u00eatre redirig\u00e9 hors de notre site. Nous ne sommes pas responsables des pratiques de confidentialit\u00e9 des autres sites et nous vous recommandons de lire leurs politiques de confidentialit\u00e9.<\/p>\n<p><strong> SECTION 6 &#8211; S\u00c9CURIT\u00c9 <\/strong><\/p>\n<p>Pour prot\u00e9ger vos informations personnelles, nous prenons des pr\u00e9cautions raisonnables et suivons les meilleures pratiques de l&#8217;industrie pour nous assurer qu&#8217;elles ne sont pas perdues, utilis\u00e9es \u00e0 mauvais escient, consult\u00e9es, divulgu\u00e9es, modifi\u00e9es ou d\u00e9truites.<\/p>\n<p>SI vous nous fournissez les informations de votre carte de cr\u00e9dit, ces informations sont crypt\u00e9es \u00e0 l&#8217;aide de la technologie Secure Socket Layer (SSL) et stock\u00e9es avec le cryptage AES-256. Bien qu&#8217;aucune m\u00e9thode de transmission sur Internet ou de stockage \u00e9lectronique ne soit s\u00e9curis\u00e9e \u00e0 100%, nous suivons toutes les exigences PCI-DSS et mettons en \u0153uvre des normes suppl\u00e9mentaires accept\u00e9es par l&#8217;industrie.<\/p>\n<p><strong> SECTION 7 &#8211; \u00c2GE DU CONSENTEMENT <\/strong><\/p>\n<p>En utilisant ce site, vous d\u00e9clarez que vous avez au moins l&#8217;\u00e2ge de la majorit\u00e9 dans votre \u00e9tat ou province de r\u00e9sidence, ou que vous avez l&#8217;\u00e2ge de la majorit\u00e9 dans votre \u00e9tat ou province de r\u00e9sidence et que vous nous avez donn\u00e9 votre consentement pour permettre \u00e0 l&#8217;une de vos personnes \u00e0 charge mineures d&#8217;utiliser ce site.<\/p>\n<p><strong> SECTION 8 &#8211; MODIFICATIONS DE CETTE POLITIQUE DE CONFIDENTIALIT\u00c9 <\/strong><\/p>\n<p>Nous nous r\u00e9servons le droit de modifier cette politique de confidentialit\u00e9 \u00e0 tout moment, veuillez donc la consulter fr\u00e9quemment. Les modifications et clarifications prendront effet imm\u00e9diatement apr\u00e8s leur publication sur le site Web. Si nous apportons des modifications importantes \u00e0 cette politique, nous vous informerons ici qu&#8217;elle a \u00e9t\u00e9 mise \u00e0 jour, afin que vous sachiez quelles informations nous recueillons, comment et dans quelles circonstances, le cas \u00e9ch\u00e9ant, nous les utilisons et \/ ou les divulguons.<\/p>\n<p>Si notre magasin est acquis ou fusionn\u00e9 avec une autre soci\u00e9t\u00e9, vos informations peuvent \u00eatre transf\u00e9r\u00e9es aux nouveaux propri\u00e9taires, afin que nous puissions continuer \u00e0 vous vendre des produits.<\/p>\n<p>&#038; nbsp;<\/p>\n<div id=\"cookies\"> <\/div>\n<p><b> POLITIQUE <\/b> <strong> SUR LES COOKIES <\/strong><\/p>\n<p>Le but de cette politique de cookies est de vous informer clairement et pr\u00e9cis\u00e9ment sur les cookies utilis\u00e9s sur le site surferscastellon.com.<\/p>\n<p><strong> Que sont les cookies? <\/strong><\/p>\n<p>Un cookie est un petit morceau de texte que les sites Web que vous visitez envoient au navigateur et qui permet au site Web de m\u00e9moriser des informations sur votre visite, telles que votre langue pr\u00e9f\u00e9r\u00e9e et d&#8217;autres options, afin de faciliter votre prochaine visite et de rendre le site le plus utile pour vous. Les cookies jouent un r\u00f4le tr\u00e8s important et contribuent \u00e0 une meilleure exp\u00e9rience de navigation pour l&#8217;utilisateur.<\/p>\n<p><strong> Types de cookies <\/strong><\/p>\n<p>En fonction de l&#8217;entit\u00e9 qui g\u00e8re le domaine \u00e0 partir duquel les cookies sont envoy\u00e9s et les donn\u00e9es obtenues sont trait\u00e9es, deux types peuvent \u00eatre distingu\u00e9s: les cookies propres et les cookies tiers.<\/p>\n<p>Il existe \u00e9galement une deuxi\u00e8me classification en fonction de la dur\u00e9e pendant laquelle ils restent stock\u00e9s dans le navigateur du client, qui peuvent \u00eatre des cookies de session ou des cookies persistants.<\/p>\n<p>Enfin, il existe une autre classification avec cinq types de cookies en fonction de la finalit\u00e9 pour laquelle les donn\u00e9es obtenues sont trait\u00e9es: cookies techniques, cookies de personnalisation, cookies d&#8217;analyse, cookies publicitaires et cookies de publicit\u00e9 comportementale.<\/p>\n<p><strong> Cookies utilis\u00e9s sur le Web <\/strong><\/p>\n<p>Les cookies utilis\u00e9s dans ce portail ainsi que leur type et leur fonction sont identifi\u00e9s ci-dessous:<\/p>\n<p>SurfersCastellon utilise Google Analytics, un service d&#8217;analyse Web d\u00e9velopp\u00e9 par Google, qui permet la mesure et l&#8217;analyse de la navigation sur les pages Web. Dans votre navigateur, vous pouvez voir les cookies de ce service. Selon la typologie pr\u00e9c\u00e9dente, il s&#8217;agit de cookies propres, de session et d&#8217;analyse.<\/p>\n<p>Gr\u00e2ce \u00e0 l&#8217;analyse Web, des informations sont obtenues concernant le nombre d&#8217;utilisateurs qui acc\u00e8dent au Web, le nombre de pages consult\u00e9es, la fr\u00e9quence et la r\u00e9p\u00e9tition des visites, leur dur\u00e9e, le navigateur utilis\u00e9, l&#8217;op\u00e9rateur qui fournit le service, la langue, le terminal. que vous utilisez et la ville \u00e0 laquelle votre adresse IP est attribu\u00e9e. Informations qui permettent un service meilleur et plus appropri\u00e9 \u00e0 partir de ce portail.<\/p>\n<p>Pour garantir l&#8217;anonymat, Google rendra vos informations anonymes en tronquant l&#8217;adresse IP avant de la stocker, afin que Google Analytics ne soit pas utilis\u00e9 pour localiser ou collecter des informations personnellement identifiables des visiteurs du site. Google ne peut envoyer les informations collect\u00e9es par Google Analytics \u00e0 des tiers que s&#8217;il y est l\u00e9galement oblig\u00e9. Conform\u00e9ment aux conditions de mise \u00e0 disposition du service Google Analytics, Google n&#8217;associera votre adresse IP \u00e0 aucune autre donn\u00e9e stock\u00e9e par Google.<\/p>\n<p>Un autre cookie t\u00e9l\u00e9charg\u00e9 est un cookie technique appel\u00e9 JSESSIONID. Ce cookie vous permet de stocker un identifiant unique par session \u00e0 travers lequel il est possible de lier les donn\u00e9es n\u00e9cessaires pour permettre la navigation en cours.<\/p>\n<p><strong> Comment modifier les param\u00e8tres des cookies <\/strong><\/p>\n<p>Vous pouvez restreindre, bloquer ou supprimer les cookies du minist\u00e8re de l&#8217;Int\u00e9rieur ou de tout autre site Web \u00e0 l&#8217;aide de votre navigateur. Dans chaque navigateur, le fonctionnement est diff\u00e9rent, la fonction &#8220;Aide&#8221; vous montrera comment le faire.<\/p>\n<p>&#038; nbsp;<\/p>\n<p>&#038; nbsp;<\/p>\n<p><strong> QUESTIONS ET COORDONN\u00c9ES <\/strong><\/p>\n<p>Si vous souhaitez: acc\u00e9der, corriger, modifier ou supprimer toute information personnelle que nous avons \u00e0 votre sujet, d\u00e9poser une plainte ou simplement obtenir plus d&#8217;informations, contactez notre responsable de la conformit\u00e9 \u00e0 la confidentialit\u00e9 info@surferscastellon.com ou par courrier \u00e0 Surfers Castellon<\/p>\n<p><strong> Donn\u00e9es fiscales: <\/strong><\/p>\n<p><strong> Responsable: <\/strong> Juli\u00e1n Marb\u00e1n G\u00f3mez<\/p>\n<p><strong> CIF: <\/strong> 44427411j<\/p>\n<p><strong> Adresse: <\/strong> Carrer Astr\u00f3nomo Frances Arag\u00f3 4 Playa del Pinar Grao Castell\u00f3n. AN, 12100, Espagne<\/p>\n<p>&#8212;-<\/p>\n","protected":false},"excerpt":{"rendered":"<p>D\u00c9CLARATION DE CONFIDENTIALIT\u00c9, PROTECTION DES DONN\u00c9ES ET COOKIES &#8212;- CLAUSE DE COMMUNICATION AUX CLIENTS D&#8217;INFORMATIONS D\u00c9TAILL\u00c9ES SUR LA PROTECTION DES DONN\u00c9ES Cher client, par la pr\u00e9sente et conform\u00e9ment au r\u00e8glement g\u00e9n\u00e9ral sur la protection des donn\u00e9es concernant la protection des personnes physiques \u00e0 l&#8217;\u00e9gard du traitement des donn\u00e9es personnelles et de la libre circulation de &#8230; <a title=\"Politique de confidentialit\u00e9\" class=\"read-more\" href=\"https:\/\/surferscastellon.com\/fr\/politique-de-confidentialite\/\" aria-label=\"En savoir plus sur Politique de confidentialit\u00e9\">Lire la suite<\/a><\/p>\n","protected":false},"author":1,"featured_media":0,"parent":0,"menu_order":0,"comment_status":"closed","ping_status":"open","template":"","meta":{"footnotes":""},"class_list":["post-2572","page","type-page","status-publish"],"_links":{"self":[{"href":"https:\/\/surferscastellon.com\/fr\/wp-json\/wp\/v2\/pages\/2572","targetHints":{"allow":["GET"]}}],"collection":[{"href":"https:\/\/surferscastellon.com\/fr\/wp-json\/wp\/v2\/pages"}],"about":[{"href":"https:\/\/surferscastellon.com\/fr\/wp-json\/wp\/v2\/types\/page"}],"author":[{"embeddable":true,"href":"https:\/\/surferscastellon.com\/fr\/wp-json\/wp\/v2\/users\/1"}],"replies":[{"embeddable":true,"href":"https:\/\/surferscastellon.com\/fr\/wp-json\/wp\/v2\/comments?post=2572"}],"version-history":[{"count":0,"href":"https:\/\/surferscastellon.com\/fr\/wp-json\/wp\/v2\/pages\/2572\/revisions"}],"wp:attachment":[{"href":"https:\/\/surferscastellon.com\/fr\/wp-json\/wp\/v2\/media?parent=2572"}],"curies":[{"name":"wp","href":"https:\/\/api.w.org\/{rel}","templated":true}]}}