{"id":2670,"date":"2021-03-12T03:57:14","date_gmt":"2021-03-12T03:57:14","guid":{"rendered":"https:\/\/surferscastellon.com\/activites\/"},"modified":"2021-03-19T14:15:42","modified_gmt":"2021-03-19T14:15:42","slug":"activites","status":"publish","type":"page","link":"https:\/\/surferscastellon.com\/fr\/activites\/","title":{"rendered":"Activit\u00e9s"},"content":{"rendered":"\t\t<div data-elementor-type=\"wp-page\" data-elementor-id=\"2670\" class=\"elementor elementor-2670 elementor-21\" data-elementor-post-type=\"page\">\n\t\t\t\t\t\t<section class=\"elementor-section elementor-top-section elementor-element elementor-element-1a0b59b elementor-section-boxed elementor-section-height-default elementor-section-height-default\" data-id=\"1a0b59b\" data-element_type=\"section\">\n\t\t\t\t\t\t<div class=\"elementor-container elementor-column-gap-no\">\n\t\t\t\t\t<div class=\"elementor-column elementor-col-100 elementor-top-column elementor-element elementor-element-4bca7c0\" data-id=\"4bca7c0\" data-element_type=\"column\">\n\t\t\t<div class=\"elementor-widget-wrap elementor-element-populated\">\n\t\t\t\t\t\t<div class=\"elementor-element elementor-element-12fabf7 elementor-widget elementor-widget-heading\" data-id=\"12fabf7\" data-element_type=\"widget\" data-widget_type=\"heading.default\">\n\t\t\t\t<div class=\"elementor-widget-container\">\n\t\t\t<h1 class=\"elementor-heading-title elementor-size-default\">Activit\u00e9s<\/h1>\t\t<\/div>\n\t\t\t\t<\/div>\n\t\t\t\t<div class=\"elementor-element elementor-element-cd54245 elementor-widget elementor-widget-text-editor\" data-id=\"cd54245\" data-element_type=\"widget\" data-widget_type=\"text-editor.default\">\n\t\t\t\t<div class=\"elementor-widget-container\">\n\t\t\t\t\t\t\t<p>SURFERS CASTELLON est plus qu\u2019une \u00e9cole de sport&#8230; Il veut offrir la soci \u00e9t\u00e9 d\u2019aujourd\u2019hui<br \/>\nun endroit diff\u00e9rent pour s\u2019amuser et d\u00e9couvrir la mer d\u2019une mani\u00e8re saine,<br \/>\n\u00e0 travers les sports nautiques.<\/p>\n\t\t\t\t\t\t<\/div>\n\t\t\t\t<\/div>\n\t\t\t\t\t<\/div>\n\t\t<\/div>\n\t\t\t\t\t<\/div>\n\t\t<\/section>\n\t\t\t\t<section class=\"elementor-section elementor-top-section elementor-element elementor-element-1cc88bd elementor-section-full_width elementor-section-height-default elementor-section-height-default\" data-id=\"1cc88bd\" data-element_type=\"section\">\n\t\t\t\t\t\t<div class=\"elementor-container elementor-column-gap-no\">\n\t\t\t\t\t<div class=\"elementor-column elementor-col-100 elementor-top-column elementor-element elementor-element-6d10d5c\" data-id=\"6d10d5c\" data-element_type=\"column\">\n\t\t\t<div class=\"elementor-widget-wrap elementor-element-populated\">\n\t\t\t\t\t\t<section class=\"elementor-section elementor-inner-section elementor-element elementor-element-31b5f97 elementor-section-full_width elementor-section-height-default elementor-section-height-default\" data-id=\"31b5f97\" data-element_type=\"section\">\n\t\t\t\t\t\t<div class=\"elementor-container elementor-column-gap-extended\">\n\t\t\t\t\t<div data-dce-background-image-url=\"https:\/\/surferscastellon.com\/\/wp-content\/uploads\/2021\/01\/academia-verano-surf-castellon.jpeg\" class=\"elementor-column elementor-col-50 elementor-inner-column elementor-element elementor-element-a82132a\" data-id=\"a82132a\" data-element_type=\"column\" data-settings=\"{&quot;background_background&quot;:&quot;classic&quot;}\">\n\t\t\t<div class=\"elementor-widget-wrap elementor-element-populated\">\n\t\t\t\t\t<div class=\"elementor-background-overlay\"><\/div>\n\t\t\t\t\t\t<div class=\"elementor-element elementor-element-9976754 elementor-widget elementor-widget-image-box\" data-id=\"9976754\" data-element_type=\"widget\" data-widget_type=\"image-box.default\">\n\t\t\t\t<div class=\"elementor-widget-container\">\n\t\t\t<div class=\"elementor-image-box-wrapper\"><div class=\"elementor-image-box-content\"><h3 class=\"elementor-image-box-title\"><a href=\"https:\/\/surferscastellon.com\/actividades\/escuela-de-verano\/\">\u00c9COLE D'\u00c9T\u00c9<\/a><\/h3><p class=\"elementor-image-box-description\">Vous ne savez toujours pas quoi offrir \u00e0 vos enfants pour la p\u00e9riode des F\u00eates?<\/p><\/div><\/div>\t\t<\/div>\n\t\t\t\t<\/div>\n\t\t\t\t\t<\/div>\n\t\t<\/div>\n\t\t\t\t<div data-dce-background-image-url=\"https:\/\/surferscastellon.com\/\/wp-content\/uploads\/2021\/01\/sup-yoga-6.jpg\" class=\"elementor-column elementor-col-50 elementor-inner-column elementor-element elementor-element-937b508\" data-id=\"937b508\" data-element_type=\"column\" data-settings=\"{&quot;background_background&quot;:&quot;classic&quot;}\">\n\t\t\t<div class=\"elementor-widget-wrap elementor-element-populated\">\n\t\t\t\t\t<div class=\"elementor-background-overlay\"><\/div>\n\t\t\t\t\t\t<div class=\"elementor-element elementor-element-c7db93b elementor-widget elementor-widget-image-box\" data-id=\"c7db93b\" data-element_type=\"widget\" data-widget_type=\"image-box.default\">\n\t\t\t\t<div class=\"elementor-widget-container\">\n\t\t\t<div class=\"elementor-image-box-wrapper\"><div class=\"elementor-image-box-content\"><h3 class=\"elementor-image-box-title\"><a href=\"https:\/\/surferscastellon.com\/actividades\/grupos-y-empresas\/\">Groupes<\/a><\/h3><p class=\"elementor-image-box-description\">Nous concevons, organisons et d\u00e9veloppons des \u00e9v\u00e9nements. Nous offrons nos activit\u00e9s nautiques et nos sports de plage \u00e0 des groupes de amig@s, d\u2019entreprises et de collectifs\n<\/p><\/div><\/div>\t\t<\/div>\n\t\t\t\t<\/div>\n\t\t\t\t\t<\/div>\n\t\t<\/div>\n\t\t\t\t\t<\/div>\n\t\t<\/section>\n\t\t\t\t<section class=\"elementor-section elementor-inner-section elementor-element elementor-element-843e4f7 elementor-section-full_width elementor-section-height-default elementor-section-height-default\" data-id=\"843e4f7\" data-element_type=\"section\">\n\t\t\t\t\t\t<div class=\"elementor-container elementor-column-gap-default\">\n\t\t\t\t\t<div data-dce-background-image-url=\"https:\/\/surferscastellon.com\/\/wp-content\/uploads\/2021\/01\/clase-surf0360.jpg\" class=\"elementor-column elementor-col-33 elementor-inner-column elementor-element elementor-element-b8471aa\" data-id=\"b8471aa\" data-element_type=\"column\" data-settings=\"{&quot;background_background&quot;:&quot;classic&quot;}\">\n\t\t\t<div class=\"elementor-widget-wrap elementor-element-populated\">\n\t\t\t\t\t<div class=\"elementor-background-overlay\"><\/div>\n\t\t\t\t\t\t<div class=\"elementor-element elementor-element-1f32673 elementor-widget elementor-widget-image-box\" data-id=\"1f32673\" data-element_type=\"widget\" data-widget_type=\"image-box.default\">\n\t\t\t\t<div class=\"elementor-widget-container\">\n\t\t\t<div class=\"elementor-image-box-wrapper\"><div class=\"elementor-image-box-content\"><h3 class=\"elementor-image-box-title\"><a href=\"https:\/\/surferscastellon.com\/actividades\/extra-escolares\/\">EXTRA-SCOLAIRE<\/a><\/h3><p class=\"elementor-image-box-description\">H\u00e9 Surfers! Cet automne, nous avons \u00e9chang\u00e9 des bureaux et des cahiers contre des tables et de la vie en plein air! Venez apprendre \u00e0 surfer!\n\n<\/p><\/div><\/div>\t\t<\/div>\n\t\t\t\t<\/div>\n\t\t\t\t\t<\/div>\n\t\t<\/div>\n\t\t\t\t<div data-dce-background-overlay-color=\"#54595F\" data-dce-background-image-url=\"https:\/\/surferscastellon.com\/\/wp-content\/uploads\/2020\/12\/yoga-y-bienestar.jpeg\" class=\"elementor-column elementor-col-33 elementor-inner-column elementor-element elementor-element-e55a6dc\" data-id=\"e55a6dc\" data-element_type=\"column\" data-settings=\"{&quot;background_background&quot;:&quot;classic&quot;}\">\n\t\t\t<div class=\"elementor-widget-wrap elementor-element-populated\">\n\t\t\t\t\t<div class=\"elementor-background-overlay\"><\/div>\n\t\t\t\t\t\t<div class=\"elementor-element elementor-element-9a986d0 elementor-widget elementor-widget-image-box\" data-id=\"9a986d0\" data-element_type=\"widget\" data-widget_type=\"image-box.default\">\n\t\t\t\t<div class=\"elementor-widget-container\">\n\t\t\t<div class=\"elementor-image-box-wrapper\"><div class=\"elementor-image-box-content\"><h3 class=\"elementor-image-box-title\"><a href=\"https:\/\/surferscastellon.com\/actividades\/travesias-sup\/\">PASSAGES \u00c0 NIVEAU SUP<\/a><\/h3><p class=\"elementor-image-box-description\">Une exp\u00e9rience que vous ne pouvez pas manquer sont nos voyages au lever du soleil et la pleine lune, ce sont des moments magiques que nous vivons avec intensit\u00e9 au milieu de la mer. Notre corps et notre esprit s\u2019en chargent de sensations uniques dans cette immensit\u00e9.\n\n<\/p><\/div><\/div>\t\t<\/div>\n\t\t\t\t<\/div>\n\t\t\t\t\t<\/div>\n\t\t<\/div>\n\t\t\t\t<div data-dce-background-image-url=\"https:\/\/surferscastellon.com\/\/wp-content\/uploads\/2020\/12\/yoga-surf-espan\u0303a.jpeg\" class=\"elementor-column elementor-col-33 elementor-inner-column elementor-element elementor-element-11d2f71\" data-id=\"11d2f71\" data-element_type=\"column\" data-settings=\"{&quot;background_background&quot;:&quot;classic&quot;}\">\n\t\t\t<div class=\"elementor-widget-wrap elementor-element-populated\">\n\t\t\t\t\t<div class=\"elementor-background-overlay\"><\/div>\n\t\t\t\t\t\t<div class=\"elementor-element elementor-element-d386905 elementor-widget elementor-widget-image-box\" data-id=\"d386905\" data-element_type=\"widget\" data-widget_type=\"image-box.default\">\n\t\t\t\t<div class=\"elementor-widget-container\">\n\t\t\t<div class=\"elementor-image-box-wrapper\"><div class=\"elementor-image-box-content\"><h3 class=\"elementor-image-box-title\"><a href=\"https:\/\/surferscastellon.com\/actividades\/yoga-y-bienestar\/\">YOGA ET BIEN-\u00caTRE<\/a><\/h3><p class=\"elementor-image-box-description\">Dans cet espace que nous avons cr\u00e9\u00e9 par respect et avec beaucoup d\u2019amour avec l\u2019\u00e9nergie de la mer, la terre, le soleil et l\u2019air, vous vous donnerez des moments qui vous feront vibrer, sentir, vous charger avec beaucoup d\u2019\u00c9NERGIE, EQUILIBRIO.\n<\/p><\/div><\/div>\t\t<\/div>\n\t\t\t\t<\/div>\n\t\t\t\t\t<\/div>\n\t\t<\/div>\n\t\t\t\t\t<\/div>\n\t\t<\/section>\n\t\t\t\t\t<\/div>\n\t\t<\/div>\n\t\t\t\t\t<\/div>\n\t\t<\/section>\n\t\t\t\t<\/div>\n\t\t","protected":false},"excerpt":{"rendered":"<p>Activit\u00e9s SURFERS CASTELLON est plus qu\u2019une \u00e9cole de sport&#8230; Il veut offrir la soci \u00e9t\u00e9 d\u2019aujourd\u2019hui un endroit diff\u00e9rent pour s\u2019amuser et d\u00e9couvrir la mer d\u2019une mani\u00e8re saine, \u00e0 travers les sports nautiques. \u00c9COLE D&#8217;\u00c9T\u00c9 Vous ne savez toujours pas quoi offrir \u00e0 vos enfants pour la p\u00e9riode des F\u00eates? Groupes Nous concevons, organisons et &#8230; <a title=\"Activit\u00e9s\" class=\"read-more\" href=\"https:\/\/surferscastellon.com\/fr\/activites\/\" aria-label=\"Read more about Activit\u00e9s\">Lire la suite<\/a><\/p>\n","protected":false},"author":1,"featured_media":0,"parent":0,"menu_order":0,"comment_status":"closed","ping_status":"closed","template":"elementor_header_footer","meta":{"footnotes":""},"_links":{"self":[{"href":"https:\/\/surferscastellon.com\/fr\/wp-json\/wp\/v2\/pages\/2670"}],"collection":[{"href":"https:\/\/surferscastellon.com\/fr\/wp-json\/wp\/v2\/pages"}],"about":[{"href":"https:\/\/surferscastellon.com\/fr\/wp-json\/wp\/v2\/types\/page"}],"author":[{"embeddable":true,"href":"https:\/\/surferscastellon.com\/fr\/wp-json\/wp\/v2\/users\/1"}],"replies":[{"embeddable":true,"href":"https:\/\/surferscastellon.com\/fr\/wp-json\/wp\/v2\/comments?post=2670"}],"version-history":[{"count":0,"href":"https:\/\/surferscastellon.com\/fr\/wp-json\/wp\/v2\/pages\/2670\/revisions"}],"wp:attachment":[{"href":"https:\/\/surferscastellon.com\/fr\/wp-json\/wp\/v2\/media?parent=2670"}],"curies":[{"name":"wp","href":"https:\/\/api.w.org\/{rel}","templated":true}]}}