{"id":7502,"date":"2023-04-19T02:11:25","date_gmt":"2023-04-19T02:11:25","guid":{"rendered":"https:\/\/surferscastellon.com\/activites\/anniversaire-des-surfeurs\/"},"modified":"2023-04-19T02:11:26","modified_gmt":"2023-04-19T02:11:26","slug":"anniversaire-des-surfeurs","status":"publish","type":"page","link":"https:\/\/surferscastellon.com\/fr\/activites\/anniversaire-des-surfeurs\/","title":{"rendered":"Anniversaire des surfeurs"},"content":{"rendered":"\t\t<div data-elementor-type=\"wp-page\" data-elementor-id=\"7502\" class=\"elementor elementor-7502 elementor-7484\" data-elementor-post-type=\"page\">\n\t\t\t\t\t\t<section data-dce-background-overlay-color=\"#60474700\" class=\"elementor-section elementor-top-section elementor-element elementor-element-3d2f8b17 elementor-section-height-min-height elementor-section-boxed elementor-section-height-default elementor-section-items-middle\" data-id=\"3d2f8b17\" data-element_type=\"section\" data-settings=\"{&quot;background_background&quot;:&quot;slideshow&quot;,&quot;background_slideshow_gallery&quot;:[{&quot;id&quot;:5862,&quot;url&quot;:&quot;https:\\\/\\\/www.surferscastellon.com\\\/wp-content\\\/uploads\\\/2022\\\/01\\\/DSC_1451.jpg&quot;},{&quot;id&quot;:5856,&quot;url&quot;:&quot;https:\\\/\\\/www.surferscastellon.com\\\/wp-content\\\/uploads\\\/2022\\\/01\\\/DSC_1590.jpg&quot;},{&quot;id&quot;:6087,&quot;url&quot;:&quot;https:\\\/\\\/www.surferscastellon.com\\\/wp-content\\\/uploads\\\/2022\\\/05\\\/escuela-verano-castellon.jpeg&quot;},{&quot;id&quot;:5747,&quot;url&quot;:&quot;https:\\\/\\\/www.surferscastellon.com\\\/wp-content\\\/uploads\\\/2021\\\/01\\\/big4.jpg&quot;}],&quot;background_slideshow_loop&quot;:&quot;yes&quot;,&quot;background_slideshow_slide_duration&quot;:5000,&quot;background_slideshow_slide_transition&quot;:&quot;fade&quot;,&quot;background_slideshow_transition_duration&quot;:500}\">\n\t\t\t\t\t\t\t<div class=\"elementor-background-overlay\"><\/div>\n\t\t\t\t\t\t\t<div class=\"elementor-container elementor-column-gap-default\">\n\t\t\t\t\t<div class=\"elementor-column elementor-col-100 elementor-top-column elementor-element elementor-element-269de2ed\" data-id=\"269de2ed\" data-element_type=\"column\">\n\t\t\t<div class=\"elementor-widget-wrap elementor-element-populated\">\n\t\t\t\t\t\t<div class=\"elementor-element elementor-element-4937abb9 elementor-widget elementor-widget-heading\" data-id=\"4937abb9\" data-element_type=\"widget\" data-widget_type=\"heading.default\">\n\t\t\t\t<div class=\"elementor-widget-container\">\n\t\t\t<h2 class=\"elementor-heading-title elementor-size-default\">Anniversaire des surfeurs<\/h2>\t\t<\/div>\n\t\t\t\t<\/div>\n\t\t\t\t<div class=\"elementor-element elementor-element-111ec4a elementor-widget elementor-widget-text-editor\" data-id=\"111ec4a\" data-element_type=\"widget\" data-widget_type=\"text-editor.default\">\n\t\t\t\t<div class=\"elementor-widget-container\">\n\t\t\t\t\t\t\t<p>Voulez-vous surprendre vos invit\u00e9s d\u2019une mani\u00e8re diff\u00e9rente et ils ne l\u2019oublieront s\u00fbrement pas?<\/p>\n\t\t\t\t\t\t<\/div>\n\t\t\t\t<\/div>\n\t\t\t\t\t<\/div>\n\t\t<\/div>\n\t\t\t\t\t<\/div>\n\t\t<\/section>\n\t\t\t\t<section class=\"elementor-section elementor-top-section elementor-element elementor-element-2d1a1f4d elementor-section-boxed elementor-section-height-default elementor-section-height-default\" data-id=\"2d1a1f4d\" data-element_type=\"section\" data-settings=\"{&quot;background_background&quot;:&quot;classic&quot;}\">\n\t\t\t\t\t\t<div class=\"elementor-container elementor-column-gap-default\">\n\t\t\t\t\t<div class=\"elementor-column elementor-col-100 elementor-top-column elementor-element elementor-element-5f5d90ef\" data-id=\"5f5d90ef\" data-element_type=\"column\">\n\t\t\t<div class=\"elementor-widget-wrap elementor-element-populated\">\n\t\t\t\t\t\t<div class=\"elementor-element elementor-element-d3543c1 elementor-widget elementor-widget-text-editor\" data-id=\"d3543c1\" data-element_type=\"widget\" data-widget_type=\"text-editor.default\">\n\t\t\t\t<div class=\"elementor-widget-container\">\n\t\t\t\t\t\t\t<p>C\u00e9l\u00e9brez votre anniversaire avec les surfeurs sur la plage avec des activit\u00e9s nautiques amusantes. Surf, Stand-up surf, Kayak, Big Sup, jeux d\u2019eau.<\/p>\n\t\t\t\t\t\t<\/div>\n\t\t\t\t<\/div>\n\t\t\t\t\t<\/div>\n\t\t<\/div>\n\t\t\t\t\t<\/div>\n\t\t<\/section>\n\t\t\t\t<section class=\"elementor-section elementor-top-section elementor-element elementor-element-775f9307 elementor-section-boxed elementor-section-height-default elementor-section-height-default\" data-id=\"775f9307\" data-element_type=\"section\" data-settings=\"{&quot;background_background&quot;:&quot;classic&quot;}\">\n\t\t\t\t\t\t<div class=\"elementor-container elementor-column-gap-default\">\n\t\t\t\t\t<div class=\"elementor-column elementor-col-100 elementor-top-column elementor-element elementor-element-5c43d768\" data-id=\"5c43d768\" data-element_type=\"column\">\n\t\t\t<div class=\"elementor-widget-wrap\">\n\t\t\t\t\t\t\t<\/div>\n\t\t<\/div>\n\t\t\t\t\t<\/div>\n\t\t<\/section>\n\t\t\t\t<section class=\"elementor-section elementor-top-section elementor-element elementor-element-5cb6f230 elementor-section-full_width elementor-section-height-default elementor-section-height-default\" data-id=\"5cb6f230\" data-element_type=\"section\" data-settings=\"{&quot;background_background&quot;:&quot;classic&quot;}\">\n\t\t\t\t\t\t<div class=\"elementor-container elementor-column-gap-narrow\">\n\t\t\t\t\t<div class=\"elementor-column elementor-col-50 elementor-top-column elementor-element elementor-element-5f9590ef\" data-id=\"5f9590ef\" data-element_type=\"column\">\n\t\t\t<div class=\"elementor-widget-wrap elementor-element-populated\">\n\t\t\t\t\t\t<div class=\"elementor-element elementor-element-720bb109 eael-pricing-content-align-center eael-pricing-button-align-center elementor-widget elementor-widget-eael-pricing-table\" data-id=\"720bb109\" data-element_type=\"widget\" data-widget_type=\"eael-pricing-table.default\">\n\t\t\t\t<div class=\"elementor-widget-container\">\n\t\t\t                    <div class=\"eael-pricing style-1\" >\n                <div class=\"eael-pricing-item \">\n                    <div class=\"header\">\n                        <h2 class=\"title\">OPTION 1<\/h2>\n                    <\/div>\n                    <div class=\"eael-pricing-tag\">\n                        <span class=\"price-tag\"><span class=\"original-price\"><span class=\"price-currency\">\u20ac<\/span>13<\/span><\/span><span class=\"price-period\">\/par invit\u00e9<\/span>                    <\/div>\n                    <div class=\"body\">\n                                <ul>\n                            <li class=\"elementor-repeater-item-61e84ea\">\n                    \n                    \n            <span class=\"li-icon\" style=\"color:#00C853;fill:#00C853;\" >\n                <i aria-hidden=\"true\" class=\"fas fa-check\"><\/i>            <\/span>\n\n        \n                    <span > 1 activit\u00e9 au choix 1 heure<\/span>\n                    \n                     \n                <\/li>\n                    <\/ul>\n                        <\/div>\n\t                                <\/div>\n            <\/div>\n                \t\t<\/div>\n\t\t\t\t<\/div>\n\t\t\t\t\t<\/div>\n\t\t<\/div>\n\t\t\t\t<div class=\"elementor-column elementor-col-50 elementor-top-column elementor-element elementor-element-650047ac\" data-id=\"650047ac\" data-element_type=\"column\">\n\t\t\t<div class=\"elementor-widget-wrap elementor-element-populated\">\n\t\t\t\t\t\t<div class=\"elementor-element elementor-element-753e0df5 eael-pricing-content-align-center eael-pricing-button-align-center elementor-widget elementor-widget-eael-pricing-table\" data-id=\"753e0df5\" data-element_type=\"widget\" data-widget_type=\"eael-pricing-table.default\">\n\t\t\t\t<div class=\"elementor-widget-container\">\n\t\t\t                    <div class=\"eael-pricing style-1\" >\n                <div class=\"eael-pricing-item \">\n                    <div class=\"header\">\n                        <h2 class=\"title\">OPTION 2<\/h2>\n                    <\/div>\n                    <div class=\"eael-pricing-tag\">\n                        <span class=\"price-tag\"><span class=\"original-price\"><span class=\"price-currency\">\u20ac<\/span>17<\/span><\/span><span class=\"price-period\">\/par invit\u00e9<\/span>                    <\/div>\n                    <div class=\"body\">\n                                <ul>\n                            <li class=\"elementor-repeater-item-61e84ea\">\n                    \n                    \n            <span class=\"li-icon\" style=\"color:#00C853;fill:#00C853;\" >\n                <i aria-hidden=\"true\" class=\"fas fa-check\"><\/i>            <\/span>\n\n        \n                    <span >2 activit\u00e9s de 45 min<\/span>\n                    \n                     \n                <\/li>\n                    <\/ul>\n                        <\/div>\n\t                                <\/div>\n            <\/div>\n                \t\t<\/div>\n\t\t\t\t<\/div>\n\t\t\t\t\t<\/div>\n\t\t<\/div>\n\t\t\t\t\t<\/div>\n\t\t<\/section>\n\t\t\t\t<section class=\"elementor-section elementor-top-section elementor-element elementor-element-30f50ba elementor-section-boxed elementor-section-height-default elementor-section-height-default\" data-id=\"30f50ba\" data-element_type=\"section\">\n\t\t\t\t\t\t<div class=\"elementor-container elementor-column-gap-default\">\n\t\t\t\t\t<div class=\"elementor-column elementor-col-100 elementor-top-column elementor-element elementor-element-d814276\" data-id=\"d814276\" data-element_type=\"column\">\n\t\t\t<div class=\"elementor-widget-wrap elementor-element-populated\">\n\t\t\t\t\t\t<div class=\"elementor-element elementor-element-bd406de elementor-widget elementor-widget-eael-creative-button\" data-id=\"bd406de\" data-element_type=\"widget\" data-widget_type=\"eael-creative-button.default\">\n\t\t\t\t<div class=\"elementor-widget-container\">\n\t\t\t        <div class=\"eael-creative-button-wrapper\">\n\n            <a class=\"eael-creative-button eael-creative-button--default\" href=\"#elementor-action%3Aaction%3Dpopup%3Aopen%26settings%3DeyJpZCI6IjE5MzIiLCJ0b2dnbGUiOmZhbHNlfQ%3D%3D\" data-text=\"Aller!\">\n\n\t    \n                <div class=\"creative-button-inner\">\n\n                                            <span class=\"eael-creative-button-icon-left\"><\/span>                    \n                    <span class=\"cretive-button-text\">R\u00e9servations<\/span>\n\n                                    <\/div>\n\t                        <\/a>\n        <\/div>\n\t\t<\/div>\n\t\t\t\t<\/div>\n\t\t\t\t<div class=\"elementor-element elementor-element-c8eec79 elementor-widget elementor-widget-text-editor\" data-id=\"c8eec79\" data-element_type=\"widget\" data-widget_type=\"text-editor.default\">\n\t\t\t\t<div class=\"elementor-widget-container\">\n\t\t\t\t\t\t\t<p><span style=\"font-weight: 400;\">Options de collation, de d\u00e9jeuner ou de d\u00eener \u00e0 consulter.<\/span><\/p>\n\t\t\t\t\t\t<\/div>\n\t\t\t\t<\/div>\n\t\t\t\t\t<\/div>\n\t\t<\/div>\n\t\t\t\t\t<\/div>\n\t\t<\/section>\n\t\t\t\t<\/div>\n\t\t","protected":false},"excerpt":{"rendered":"<p>Anniversaire des surfeurs Voulez-vous surprendre vos invit\u00e9s d\u2019une mani\u00e8re diff\u00e9rente et ils ne l\u2019oublieront s\u00fbrement pas? C\u00e9l\u00e9brez votre anniversaire avec les surfeurs sur la plage avec des activit\u00e9s nautiques amusantes. Surf, Stand-up surf, Kayak, Big Sup, jeux d\u2019eau. OPTION 1 \u20ac13 \/ par invit\u00e9 1 activit\u00e9 au choix 1 heure OPTION 2 \u20ac17 \/ par &#8230; <a title=\"Anniversaire des surfeurs\" class=\"read-more\" href=\"https:\/\/surferscastellon.com\/fr\/activites\/anniversaire-des-surfeurs\/\" aria-label=\"Read more about Anniversaire des surfeurs\">Lire la suite<\/a><\/p>\n","protected":false},"author":1,"featured_media":0,"parent":2670,"menu_order":0,"comment_status":"closed","ping_status":"closed","template":"elementor_header_footer","meta":{"footnotes":""},"_links":{"self":[{"href":"https:\/\/surferscastellon.com\/fr\/wp-json\/wp\/v2\/pages\/7502"}],"collection":[{"href":"https:\/\/surferscastellon.com\/fr\/wp-json\/wp\/v2\/pages"}],"about":[{"href":"https:\/\/surferscastellon.com\/fr\/wp-json\/wp\/v2\/types\/page"}],"author":[{"embeddable":true,"href":"https:\/\/surferscastellon.com\/fr\/wp-json\/wp\/v2\/users\/1"}],"replies":[{"embeddable":true,"href":"https:\/\/surferscastellon.com\/fr\/wp-json\/wp\/v2\/comments?post=7502"}],"version-history":[{"count":0,"href":"https:\/\/surferscastellon.com\/fr\/wp-json\/wp\/v2\/pages\/7502\/revisions"}],"up":[{"embeddable":true,"href":"https:\/\/surferscastellon.com\/fr\/wp-json\/wp\/v2\/pages\/2670"}],"wp:attachment":[{"href":"https:\/\/surferscastellon.com\/fr\/wp-json\/wp\/v2\/media?parent=7502"}],"curies":[{"name":"wp","href":"https:\/\/api.w.org\/{rel}","templated":true}]}}