{"id":7512,"date":"2023-04-19T02:36:16","date_gmt":"2023-04-19T02:36:16","guid":{"rendered":"https:\/\/surferscastellon.com\/activites\/colleges\/"},"modified":"2023-04-19T02:36:17","modified_gmt":"2023-04-19T02:36:17","slug":"colleges","status":"publish","type":"page","link":"https:\/\/surferscastellon.com\/fr\/activites\/colleges\/","title":{"rendered":"Coll\u00e8ges"},"content":{"rendered":"\t\t<div data-elementor-type=\"wp-page\" data-elementor-id=\"7512\" class=\"elementor elementor-7512 elementor-7506\" data-elementor-post-type=\"page\">\n\t\t\t\t\t\t<section data-dce-background-overlay-color=\"#60474700\" class=\"elementor-section elementor-top-section elementor-element elementor-element-1f3f98b elementor-section-height-min-height elementor-section-items-bottom elementor-section-boxed elementor-section-height-default\" data-id=\"1f3f98b\" data-element_type=\"section\" data-settings=\"{&quot;background_background&quot;:&quot;slideshow&quot;,&quot;background_slideshow_gallery&quot;:[{&quot;id&quot;:1127,&quot;url&quot;:&quot;https:\\\/\\\/surferscastellon.com\\\/\\\/wp-content\\\/uploads\\\/2021\\\/01\\\/surfcamp2518.jpg&quot;},{&quot;id&quot;:1122,&quot;url&quot;:&quot;https:\\\/\\\/surferscastellon.com\\\/\\\/wp-content\\\/uploads\\\/2021\\\/01\\\/surfcamp2473.jpg&quot;},{&quot;id&quot;:1119,&quot;url&quot;:&quot;https:\\\/\\\/surferscastellon.com\\\/\\\/wp-content\\\/uploads\\\/2021\\\/01\\\/surfcamp2384.jpg&quot;},{&quot;id&quot;:1110,&quot;url&quot;:&quot;https:\\\/\\\/surferscastellon.com\\\/\\\/wp-content\\\/uploads\\\/2021\\\/01\\\/surfcamp2158.jpg&quot;},{&quot;id&quot;:1116,&quot;url&quot;:&quot;https:\\\/\\\/surferscastellon.com\\\/\\\/wp-content\\\/uploads\\\/2021\\\/01\\\/surfcamp2321.jpg&quot;},{&quot;id&quot;:1107,&quot;url&quot;:&quot;https:\\\/\\\/surferscastellon.com\\\/\\\/wp-content\\\/uploads\\\/2021\\\/01\\\/surfcamp2095.jpg&quot;}],&quot;background_slideshow_loop&quot;:&quot;yes&quot;,&quot;background_slideshow_slide_duration&quot;:5000,&quot;background_slideshow_slide_transition&quot;:&quot;fade&quot;,&quot;background_slideshow_transition_duration&quot;:500}\">\n\t\t\t\t\t\t\t<div class=\"elementor-background-overlay\"><\/div>\n\t\t\t\t\t\t\t<div class=\"elementor-container elementor-column-gap-default\">\n\t\t\t\t\t<div class=\"elementor-column elementor-col-100 elementor-top-column elementor-element elementor-element-3a25cbd0\" data-id=\"3a25cbd0\" data-element_type=\"column\">\n\t\t\t<div class=\"elementor-widget-wrap elementor-element-populated\">\n\t\t\t\t\t\t<div class=\"elementor-element elementor-element-225976c3 elementor-widget elementor-widget-heading\" data-id=\"225976c3\" data-element_type=\"widget\" data-widget_type=\"heading.default\">\n\t\t\t\t<div class=\"elementor-widget-container\">\n\t\t\t<h2 class=\"elementor-heading-title elementor-size-default\">ACTIVIT\u00c9S POUR LES \u00c9COLES\n<\/h2>\t\t<\/div>\n\t\t\t\t<\/div>\n\t\t\t\t<div class=\"elementor-element elementor-element-ef0791 elementor-widget elementor-widget-text-editor\" data-id=\"ef0791\" data-element_type=\"widget\" data-widget_type=\"text-editor.default\">\n\t\t\t\t<div class=\"elementor-widget-container\">\n\t\t\t\t\t\t\t<p>Nous r\u00e9alisons des activit\u00e9s sportives parascolaires pour les \u00e9l\u00e8ves des \u00e9coles et des instituts adapt\u00e9es \u00e0 tout \u00e2ge et avec des horaires flexibles.<\/p>\n\t\t\t\t\t\t<\/div>\n\t\t\t\t<\/div>\n\t\t\t\t\t<\/div>\n\t\t<\/div>\n\t\t\t\t\t<\/div>\n\t\t<\/section>\n\t\t\t\t<section class=\"elementor-section elementor-top-section elementor-element elementor-element-4fedee30 elementor-section-boxed elementor-section-height-default elementor-section-height-default\" data-id=\"4fedee30\" data-element_type=\"section\" data-settings=\"{&quot;background_background&quot;:&quot;classic&quot;}\">\n\t\t\t\t\t\t<div class=\"elementor-container elementor-column-gap-default\">\n\t\t\t\t\t<div class=\"elementor-column elementor-col-100 elementor-top-column elementor-element elementor-element-7977b3ec\" data-id=\"7977b3ec\" data-element_type=\"column\">\n\t\t\t<div class=\"elementor-widget-wrap elementor-element-populated\">\n\t\t\t\t\t\t<div class=\"elementor-element elementor-element-6c43aaa7 elementor-widget elementor-widget-text-editor\" data-id=\"6c43aaa7\" data-element_type=\"widget\" data-widget_type=\"text-editor.default\">\n\t\t\t\t<div class=\"elementor-widget-container\">\n\t\t\t\t\t\t\tNous utilisons une m\u00e9thodologie s\u00fbre et amusante que vos \u00e9l\u00e8ves n\u2019oublieront s\u00fbrement pas.\n<br><br>\nConsultez-nous et nous vous informerons de nos programmes.\t\t\t\t\t\t<\/div>\n\t\t\t\t<\/div>\n\t\t\t\t\t<\/div>\n\t\t<\/div>\n\t\t\t\t\t<\/div>\n\t\t<\/section>\n\t\t\t\t<section class=\"elementor-section elementor-top-section elementor-element elementor-element-67ff6e90 elementor-section-full_width elementor-section-height-default elementor-section-height-default\" data-id=\"67ff6e90\" data-element_type=\"section\" data-settings=\"{&quot;background_background&quot;:&quot;classic&quot;}\">\n\t\t\t\t\t\t\t<div class=\"elementor-background-overlay\"><\/div>\n\t\t\t\t\t\t\t<div class=\"elementor-container elementor-column-gap-narrow\">\n\t\t\t\t\t<div class=\"elementor-column elementor-col-33 elementor-top-column elementor-element elementor-element-1c56c1be\" data-id=\"1c56c1be\" data-element_type=\"column\">\n\t\t\t<div class=\"elementor-widget-wrap elementor-element-populated\">\n\t\t\t\t\t\t<div class=\"elementor-element elementor-element-24ac0f5a elementor-position-top elementor-widget elementor-widget-image-box\" data-id=\"24ac0f5a\" data-element_type=\"widget\" data-widget_type=\"image-box.default\">\n\t\t\t\t<div class=\"elementor-widget-container\">\n\t\t\t<div class=\"elementor-image-box-wrapper\"><figure class=\"elementor-image-box-img\"><img fetchpriority=\"high\" decoding=\"async\" width=\"1504\" height=\"1000\" src=\"https:\/\/surferscastellon.com\/wp-content\/uploads\/2021\/01\/clase-surf-248.jpg\" class=\"attachment-full size-full wp-image-1668\" alt=\"\" srcset=\"https:\/\/surferscastellon.com\/wp-content\/uploads\/2021\/01\/clase-surf-248.jpg 1504w, https:\/\/surferscastellon.com\/wp-content\/uploads\/2021\/01\/clase-surf-248-300x199.jpg 300w, https:\/\/surferscastellon.com\/wp-content\/uploads\/2021\/01\/clase-surf-248-1024x681.jpg 1024w, https:\/\/surferscastellon.com\/wp-content\/uploads\/2021\/01\/clase-surf-248-768x511.jpg 768w, https:\/\/surferscastellon.com\/wp-content\/uploads\/2021\/01\/clase-surf-248-600x399.jpg 600w\" sizes=\"(max-width: 1504px) 100vw, 1504px\" \/><\/figure><div class=\"elementor-image-box-content\"><h3 class=\"elementor-image-box-title\">SURFER<\/h3><\/div><\/div>\t\t<\/div>\n\t\t\t\t<\/div>\n\t\t\t\t\t<\/div>\n\t\t<\/div>\n\t\t\t\t<div class=\"elementor-column elementor-col-33 elementor-top-column elementor-element elementor-element-2b8b374f\" data-id=\"2b8b374f\" data-element_type=\"column\">\n\t\t\t<div class=\"elementor-widget-wrap elementor-element-populated\">\n\t\t\t\t\t\t<div class=\"elementor-element elementor-element-10b56a4e elementor-position-top elementor-widget elementor-widget-image-box\" data-id=\"10b56a4e\" data-element_type=\"widget\" data-widget_type=\"image-box.default\">\n\t\t\t\t<div class=\"elementor-widget-container\">\n\t\t\t<div class=\"elementor-image-box-wrapper\"><figure class=\"elementor-image-box-img\"><img decoding=\"async\" width=\"1292\" height=\"862\" src=\"https:\/\/surferscastellon.com\/wp-content\/uploads\/2021\/01\/surfcamp2352.jpg\" class=\"attachment-full size-full wp-image-1708\" alt=\"\" srcset=\"https:\/\/surferscastellon.com\/wp-content\/uploads\/2021\/01\/surfcamp2352.jpg 1292w, https:\/\/surferscastellon.com\/wp-content\/uploads\/2021\/01\/surfcamp2352-300x200.jpg 300w, https:\/\/surferscastellon.com\/wp-content\/uploads\/2021\/01\/surfcamp2352-1024x683.jpg 1024w, https:\/\/surferscastellon.com\/wp-content\/uploads\/2021\/01\/surfcamp2352-768x512.jpg 768w, https:\/\/surferscastellon.com\/wp-content\/uploads\/2021\/01\/surfcamp2352-600x400.jpg 600w\" sizes=\"(max-width: 1292px) 100vw, 1292px\" \/><\/figure><div class=\"elementor-image-box-content\"><h3 class=\"elementor-image-box-title\">PADDLE SURF<\/h3><\/div><\/div>\t\t<\/div>\n\t\t\t\t<\/div>\n\t\t\t\t\t<\/div>\n\t\t<\/div>\n\t\t\t\t<div class=\"elementor-column elementor-col-33 elementor-top-column elementor-element elementor-element-75fbcd9a\" data-id=\"75fbcd9a\" data-element_type=\"column\">\n\t\t\t<div class=\"elementor-widget-wrap elementor-element-populated\">\n\t\t\t\t\t\t<div class=\"elementor-element elementor-element-25245f25 elementor-position-top elementor-widget elementor-widget-image-box\" data-id=\"25245f25\" data-element_type=\"widget\" data-widget_type=\"image-box.default\">\n\t\t\t\t<div class=\"elementor-widget-container\">\n\t\t\t<div class=\"elementor-image-box-wrapper\"><figure class=\"elementor-image-box-img\"><img decoding=\"async\" width=\"1068\" height=\"710\" src=\"https:\/\/surferscastellon.com\/wp-content\/uploads\/2021\/01\/surfskate-1.jpg\" class=\"attachment-full size-full wp-image-1730\" alt=\"\" srcset=\"https:\/\/surferscastellon.com\/wp-content\/uploads\/2021\/01\/surfskate-1.jpg 1068w, https:\/\/surferscastellon.com\/wp-content\/uploads\/2021\/01\/surfskate-1-300x199.jpg 300w, https:\/\/surferscastellon.com\/wp-content\/uploads\/2021\/01\/surfskate-1-1024x681.jpg 1024w, https:\/\/surferscastellon.com\/wp-content\/uploads\/2021\/01\/surfskate-1-768x511.jpg 768w, https:\/\/surferscastellon.com\/wp-content\/uploads\/2021\/01\/surfskate-1-600x399.jpg 600w\" sizes=\"(max-width: 1068px) 100vw, 1068px\" \/><\/figure><div class=\"elementor-image-box-content\"><h3 class=\"elementor-image-box-title\">SURFSKATE (SURFSKATE)<\/h3><\/div><\/div>\t\t<\/div>\n\t\t\t\t<\/div>\n\t\t\t\t\t<\/div>\n\t\t<\/div>\n\t\t\t\t\t<\/div>\n\t\t<\/section>\n\t\t\t\t<section class=\"elementor-section elementor-top-section elementor-element elementor-element-6bd04c0 elementor-section-boxed elementor-section-height-default elementor-section-height-default\" data-id=\"6bd04c0\" data-element_type=\"section\">\n\t\t\t\t\t\t<div class=\"elementor-container elementor-column-gap-default\">\n\t\t\t\t\t<div class=\"elementor-column elementor-col-100 elementor-top-column elementor-element elementor-element-139c88b\" data-id=\"139c88b\" data-element_type=\"column\">\n\t\t\t<div class=\"elementor-widget-wrap elementor-element-populated\">\n\t\t\t\t\t\t<div class=\"elementor-element elementor-element-9fe8e09 elementor-widget elementor-widget-eael-creative-button\" data-id=\"9fe8e09\" data-element_type=\"widget\" data-widget_type=\"eael-creative-button.default\">\n\t\t\t\t<div class=\"elementor-widget-container\">\n\t\t\t        <div class=\"eael-creative-button-wrapper\">\n\n            <a class=\"eael-creative-button eael-creative-button--default\" href=\"#elementor-action%3Aaction%3Dpopup%3Aopen%26settings%3DeyJpZCI6IjE5MzIiLCJ0b2dnbGUiOmZhbHNlfQ%3D%3D\" data-text=\"Aller!\">\n\n\t    \n                <div class=\"creative-button-inner\">\n\n                                            <span class=\"eael-creative-button-icon-left\"><\/span>                    \n                    <span class=\"cretive-button-text\">INFORMATION<\/span>\n\n                                    <\/div>\n\t                        <\/a>\n        <\/div>\n\t\t<\/div>\n\t\t\t\t<\/div>\n\t\t\t\t\t<\/div>\n\t\t<\/div>\n\t\t\t\t\t<\/div>\n\t\t<\/section>\n\t\t\t\t<\/div>\n\t\t","protected":false},"excerpt":{"rendered":"<p>ACTIVIT\u00c9S POUR LES \u00c9COLES Nous r\u00e9alisons des activit\u00e9s sportives parascolaires pour les \u00e9l\u00e8ves des \u00e9coles et des instituts adapt\u00e9es \u00e0 tout \u00e2ge et avec des horaires flexibles. Nous utilisons une m\u00e9thodologie s\u00fbre et amusante que vos \u00e9l\u00e8ves n\u2019oublieront s\u00fbrement pas. Consultez-nous et nous vous informerons de nos programmes. SURFER PADDLE SURF SURFSKATE (SURFSKATE) INFORMATION<\/p>\n","protected":false},"author":1,"featured_media":0,"parent":2670,"menu_order":0,"comment_status":"closed","ping_status":"closed","template":"elementor_header_footer","meta":{"footnotes":""},"_links":{"self":[{"href":"https:\/\/surferscastellon.com\/fr\/wp-json\/wp\/v2\/pages\/7512"}],"collection":[{"href":"https:\/\/surferscastellon.com\/fr\/wp-json\/wp\/v2\/pages"}],"about":[{"href":"https:\/\/surferscastellon.com\/fr\/wp-json\/wp\/v2\/types\/page"}],"author":[{"embeddable":true,"href":"https:\/\/surferscastellon.com\/fr\/wp-json\/wp\/v2\/users\/1"}],"replies":[{"embeddable":true,"href":"https:\/\/surferscastellon.com\/fr\/wp-json\/wp\/v2\/comments?post=7512"}],"version-history":[{"count":0,"href":"https:\/\/surferscastellon.com\/fr\/wp-json\/wp\/v2\/pages\/7512\/revisions"}],"up":[{"embeddable":true,"href":"https:\/\/surferscastellon.com\/fr\/wp-json\/wp\/v2\/pages\/2670"}],"wp:attachment":[{"href":"https:\/\/surferscastellon.com\/fr\/wp-json\/wp\/v2\/media?parent=7512"}],"curies":[{"name":"wp","href":"https:\/\/api.w.org\/{rel}","templated":true}]}}