{"id":2407,"date":"2021-02-23T12:22:46","date_gmt":"2021-02-23T12:22:46","guid":{"rendered":"https:\/\/surferscastellon.com\/actividad\/croisiere-a-la-pleine-lune\/"},"modified":"2021-03-20T14:50:33","modified_gmt":"2021-03-20T14:50:33","slug":"travesti-sup-lune-pleine","status":"publish","type":"product","link":"https:\/\/surferscastellon.com\/fr\/activit\u00e9\/travesti-sup-lune-pleine\/","title":{"rendered":"Travers\u00e9e de la Pleine Lune de Sup"},"content":{"rendered":"<p>La magie de la lune et de la mer ensemble est quelque chose que vous devez vivre et sentir.<br \/>\nNos voyages en pleine lune nous remplissent d\u2019\u00e9motions disparates, entre obscurit\u00e9 et r\u00e9flexion dans l\u2019eau, nous semblons \u00eatre ailleurs.<\/p>\n<p><strong>PLEINE LUNE<\/strong><\/p>\n<p>Heure : 19 h 30 .m.<\/p>\n<p>Comprend:<\/p>\n<ul>\n<li>Paddle board, kayak (simple ou double) ou BigSUP pour 5 ou 7 personnes (groupes seulement)<\/li>\n<li>N\u00e9opr\u00e8ne<\/li>\n<li>D\u00eener \u00e0 Chiringuito<\/li>\n<\/ul>\n","protected":false},"excerpt":{"rendered":"<p>La magie de la lune et de la mer ensemble est quelque chose que vous devez vivre et sentir. Nos voyages en pleine lune nous remplissent d\u2019\u00e9motions disparates, entre obscurit\u00e9 et r\u00e9flexion dans l\u2019eau, nous semblons \u00eatre ailleurs. PLEINE LUNE Heure : 19 h 30 .m. Comprend: Paddle board, kayak (simple ou double) ou BigSUP &#8230; <a title=\"Travers\u00e9e de la Pleine Lune de Sup\" class=\"read-more\" href=\"https:\/\/surferscastellon.com\/fr\/activit\u00e9\/travesti-sup-lune-pleine\/\" aria-label=\"Read more about Travers\u00e9e de la Pleine Lune de Sup\">Lire la suite<\/a><\/p>\n","protected":false},"featured_media":1744,"comment_status":"open","ping_status":"closed","template":"","meta":[],"product_cat":[60],"product_tag":[],"_links":{"self":[{"href":"https:\/\/surferscastellon.com\/fr\/wp-json\/wp\/v2\/product\/2407"}],"collection":[{"href":"https:\/\/surferscastellon.com\/fr\/wp-json\/wp\/v2\/product"}],"about":[{"href":"https:\/\/surferscastellon.com\/fr\/wp-json\/wp\/v2\/types\/product"}],"replies":[{"embeddable":true,"href":"https:\/\/surferscastellon.com\/fr\/wp-json\/wp\/v2\/comments?post=2407"}],"wp:featuredmedia":[{"embeddable":true,"href":"https:\/\/surferscastellon.com\/fr\/wp-json\/wp\/v2\/media\/1744"}],"wp:attachment":[{"href":"https:\/\/surferscastellon.com\/fr\/wp-json\/wp\/v2\/media?parent=2407"}],"wp:term":[{"taxonomy":"product_cat","embeddable":true,"href":"https:\/\/surferscastellon.com\/fr\/wp-json\/wp\/v2\/product_cat?post=2407"},{"taxonomy":"product_tag","embeddable":true,"href":"https:\/\/surferscastellon.com\/fr\/wp-json\/wp\/v2\/product_tag?post=2407"}],"curies":[{"name":"wp","href":"https:\/\/api.w.org\/{rel}","templated":true}]}}