{"id":2409,"date":"2021-02-23T09:34:56","date_gmt":"2021-02-23T09:34:56","guid":{"rendered":"https:\/\/surferscastellon.com\/actividad\/traverser-sup-dawn\/"},"modified":"2021-03-19T10:54:11","modified_gmt":"2021-03-19T10:54:11","slug":"travesti-sup-aube","status":"publish","type":"product","link":"https:\/\/surferscastellon.com\/fr\/activit\u00e9\/travesti-sup-aube\/","title":{"rendered":"Travers\u00e9e de Sup Dawn"},"content":{"rendered":"<p>La croix de l\u2019aube est de bien commencer la journ\u00e9e, en regardant le Lever du Soleil, qui d\u00e9gage une \u00e9nergie qui nous attire et nous donne un grand sentiment de bien-\u00eatre.<\/p>\n<p><strong>LES SAMEDIS <\/strong><strong> DE<br \/>\n MAI-JUIN-JUILLET-AO\u00dbT-SEPTEMBRE.<\/strong><\/p>\n<p>Comprend:<\/p>\n<ul>\n<li>Paddle board, kayak (simple ou double) ou BigSUP pour 5 ou 7 personnes (groupes seulement)<\/li>\n<li>N\u00e9opr\u00e8ne<\/li>\n<li>Petit d\u00e9jeuner (caf\u00e9, jus de fruits, fruits, p\u00e2tes, etc.)<\/li>\n<\/ul>\n","protected":false},"excerpt":{"rendered":"<p>La croix de l\u2019aube est de bien commencer la journ\u00e9e, en regardant le Lever du Soleil, qui d\u00e9gage une \u00e9nergie qui nous attire et nous donne un grand sentiment de bien-\u00eatre. LES SAMEDIS DE MAI-JUIN-JUILLET-AO\u00dbT-SEPTEMBRE. Comprend: Paddle board, kayak (simple ou double) ou BigSUP pour 5 ou 7 personnes (groupes seulement) N\u00e9opr\u00e8ne Petit d\u00e9jeuner (caf\u00e9, &#8230; <a title=\"Travers\u00e9e de Sup Dawn\" class=\"read-more\" href=\"https:\/\/surferscastellon.com\/fr\/activit\u00e9\/travesti-sup-aube\/\" aria-label=\"Read more about Travers\u00e9e de Sup Dawn\">Lire la suite<\/a><\/p>\n","protected":false},"featured_media":1340,"comment_status":"open","ping_status":"closed","template":"","meta":[],"product_cat":[60],"product_tag":[],"_links":{"self":[{"href":"https:\/\/surferscastellon.com\/fr\/wp-json\/wp\/v2\/product\/2409"}],"collection":[{"href":"https:\/\/surferscastellon.com\/fr\/wp-json\/wp\/v2\/product"}],"about":[{"href":"https:\/\/surferscastellon.com\/fr\/wp-json\/wp\/v2\/types\/product"}],"replies":[{"embeddable":true,"href":"https:\/\/surferscastellon.com\/fr\/wp-json\/wp\/v2\/comments?post=2409"}],"wp:featuredmedia":[{"embeddable":true,"href":"https:\/\/surferscastellon.com\/fr\/wp-json\/wp\/v2\/media\/1340"}],"wp:attachment":[{"href":"https:\/\/surferscastellon.com\/fr\/wp-json\/wp\/v2\/media?parent=2409"}],"wp:term":[{"taxonomy":"product_cat","embeddable":true,"href":"https:\/\/surferscastellon.com\/fr\/wp-json\/wp\/v2\/product_cat?post=2409"},{"taxonomy":"product_tag","embeddable":true,"href":"https:\/\/surferscastellon.com\/fr\/wp-json\/wp\/v2\/product_tag?post=2409"}],"curies":[{"name":"wp","href":"https:\/\/api.w.org\/{rel}","templated":true}]}}