{"id":2427,"date":"2021-02-22T13:19:12","date_gmt":"2021-02-22T13:19:12","guid":{"rendered":"https:\/\/surferscastellon.com\/actividad\/cours-wingfoil\/"},"modified":"2021-03-20T14:51:36","modified_gmt":"2021-03-20T14:51:36","slug":"classes-de-feuilles-daile","status":"publish","type":"product","link":"https:\/\/surferscastellon.com\/fr\/activit\u00e9\/classes-de-feuilles-daile\/","title":{"rendered":"WingFoil Classes"},"content":{"rendered":"<p>Apprenez \u00e0 naviguer \u00e9tape par \u00e9tape. Nos moniteurs qualifi\u00e9s vous aideront \u00e0 atteindre l\u2019\u00e9quilibre et profiteront du m\u00e9lange unique de vent et d\u2019eau au-dessus d\u2019une feuille d\u2019aile.<\/p>\n<p>Wing Foil est le sport de planche \u00e0 la fine pointe de la technologie : il consiste \u00e0 manipuler une bougie non attach\u00e9e \u00e0 la planche et port\u00e9e des deux mains debout sur une planche \u00e0 aubes courte. Il s\u2019agit d\u2019une discipline qui se m\u00e9lange entre windfoiling, kite foiling et sup foiling.<\/p>\n","protected":false},"excerpt":{"rendered":"<p>Apprenez \u00e0 naviguer \u00e9tape par \u00e9tape. Nos moniteurs qualifi\u00e9s vous aideront \u00e0 atteindre l\u2019\u00e9quilibre et \u00e0 profiter du m\u00e9lange unique de vent et d\u2019eau.<\/p>\n","protected":false},"featured_media":1868,"comment_status":"open","ping_status":"closed","template":"","meta":[],"product_cat":[50],"product_tag":[],"_links":{"self":[{"href":"https:\/\/surferscastellon.com\/fr\/wp-json\/wp\/v2\/product\/2427"}],"collection":[{"href":"https:\/\/surferscastellon.com\/fr\/wp-json\/wp\/v2\/product"}],"about":[{"href":"https:\/\/surferscastellon.com\/fr\/wp-json\/wp\/v2\/types\/product"}],"replies":[{"embeddable":true,"href":"https:\/\/surferscastellon.com\/fr\/wp-json\/wp\/v2\/comments?post=2427"}],"wp:featuredmedia":[{"embeddable":true,"href":"https:\/\/surferscastellon.com\/fr\/wp-json\/wp\/v2\/media\/1868"}],"wp:attachment":[{"href":"https:\/\/surferscastellon.com\/fr\/wp-json\/wp\/v2\/media?parent=2427"}],"wp:term":[{"taxonomy":"product_cat","embeddable":true,"href":"https:\/\/surferscastellon.com\/fr\/wp-json\/wp\/v2\/product_cat?post=2427"},{"taxonomy":"product_tag","embeddable":true,"href":"https:\/\/surferscastellon.com\/fr\/wp-json\/wp\/v2\/product_tag?post=2427"}],"curies":[{"name":"wp","href":"https:\/\/api.w.org\/{rel}","templated":true}]}}