{"id":2459,"date":"2021-01-10T01:16:23","date_gmt":"2021-01-10T01:16:23","guid":{"rendered":"https:\/\/surferscastellon.com\/actividad\/jet-ski\/"},"modified":"2025-06-26T02:01:25","modified_gmt":"2025-06-26T02:01:25","slug":"jet-ski","status":"publish","type":"product","link":"https:\/\/surferscastellon.com\/fr\/activit\u00e9\/jet-ski\/","title":{"rendered":"Jet Ski"},"content":{"rendered":"<p>Location gratuite de jet ski (avec qualification nautique) et itin\u00e9raires guid\u00e9s avec moniteur (sans besoin de qualification)<br \/>\nAvec la location d&#8217;un Jet Ski nous vous offrons 30 minutes de PaddleSurf ou Kayak<\/p>\n","protected":false},"excerpt":{"rendered":"<p>D\u00e9couvrez Pe\u00f1\u00edscola depuis la mer!<br \/>\nVivez l&#8217;adr\u00e9naline de la voile sur l&#8217;un de nos jet-skis,<br \/>\nTout en profitant de la beaut\u00e9 des paysages.<\/p>\n","protected":false},"featured_media":1422,"comment_status":"open","ping_status":"closed","template":"","meta":[],"product_cat":[57],"product_tag":[],"_links":{"self":[{"href":"https:\/\/surferscastellon.com\/fr\/wp-json\/wp\/v2\/product\/2459"}],"collection":[{"href":"https:\/\/surferscastellon.com\/fr\/wp-json\/wp\/v2\/product"}],"about":[{"href":"https:\/\/surferscastellon.com\/fr\/wp-json\/wp\/v2\/types\/product"}],"replies":[{"embeddable":true,"href":"https:\/\/surferscastellon.com\/fr\/wp-json\/wp\/v2\/comments?post=2459"}],"wp:featuredmedia":[{"embeddable":true,"href":"https:\/\/surferscastellon.com\/fr\/wp-json\/wp\/v2\/media\/1422"}],"wp:attachment":[{"href":"https:\/\/surferscastellon.com\/fr\/wp-json\/wp\/v2\/media?parent=2459"}],"wp:term":[{"taxonomy":"product_cat","embeddable":true,"href":"https:\/\/surferscastellon.com\/fr\/wp-json\/wp\/v2\/product_cat?post=2459"},{"taxonomy":"product_tag","embeddable":true,"href":"https:\/\/surferscastellon.com\/fr\/wp-json\/wp\/v2\/product_tag?post=2459"}],"curies":[{"name":"wp","href":"https:\/\/api.w.org\/{rel}","templated":true}]}}