{"id":2461,"date":"2021-01-09T10:23:22","date_gmt":"2021-01-09T10:23:22","guid":{"rendered":"https:\/\/surferscastellon.com\/actividad\/location-de-neoprene\/"},"modified":"2021-01-09T10:23:22","modified_gmt":"2021-01-09T10:23:22","slug":"location-de-neoprene","status":"publish","type":"product","link":"https:\/\/surferscastellon.com\/fr\/activit\u00e9\/location-de-neoprene\/","title":{"rendered":"Location de n\u00e9opr\u00e8ne"},"content":{"rendered":"<p>Vari\u00e9t\u00e9 de tailles et d&#8217;\u00e9paisseurs pour la location de combinaisons pour pratiquer Surf, Windsurf, KiteSurf, Kayak<\/p>\n","protected":false},"excerpt":{"rendered":"<p>Kayak individuel et kayak tandem. Comprend un kayak, des pagaies et un gilet de sauvetage<\/p>\n","protected":false},"featured_media":1570,"comment_status":"open","ping_status":"closed","template":"","meta":[],"product_cat":[49],"product_tag":[],"_links":{"self":[{"href":"https:\/\/surferscastellon.com\/fr\/wp-json\/wp\/v2\/product\/2461"}],"collection":[{"href":"https:\/\/surferscastellon.com\/fr\/wp-json\/wp\/v2\/product"}],"about":[{"href":"https:\/\/surferscastellon.com\/fr\/wp-json\/wp\/v2\/types\/product"}],"replies":[{"embeddable":true,"href":"https:\/\/surferscastellon.com\/fr\/wp-json\/wp\/v2\/comments?post=2461"}],"wp:featuredmedia":[{"embeddable":true,"href":"https:\/\/surferscastellon.com\/fr\/wp-json\/wp\/v2\/media\/1570"}],"wp:attachment":[{"href":"https:\/\/surferscastellon.com\/fr\/wp-json\/wp\/v2\/media?parent=2461"}],"wp:term":[{"taxonomy":"product_cat","embeddable":true,"href":"https:\/\/surferscastellon.com\/fr\/wp-json\/wp\/v2\/product_cat?post=2461"},{"taxonomy":"product_tag","embeddable":true,"href":"https:\/\/surferscastellon.com\/fr\/wp-json\/wp\/v2\/product_tag?post=2461"}],"curies":[{"name":"wp","href":"https:\/\/api.w.org\/{rel}","templated":true}]}}