{"id":2469,"date":"2021-01-08T13:47:47","date_gmt":"2021-01-08T13:47:47","guid":{"rendered":"https:\/\/surferscastellon.com\/actividad\/cours-de-surf\/"},"modified":"2021-01-08T13:47:47","modified_gmt":"2021-01-08T13:47:47","slug":"cours-de-surf","status":"publish","type":"product","link":"https:\/\/surferscastellon.com\/fr\/activit\u00e9\/cours-de-surf\/","title":{"rendered":"Cours de surf"},"content":{"rendered":"<p>Notre passion en tant que participants et amoureux de la mer nous a aid\u00e9s \u00e0 perfectionner la m\u00e9thode d&#8217;enseignement<br \/>\net offrir ainsi ces piliers fondamentaux pour une bonne exp\u00e9rience et un bon apprentissage du sport.<\/p>\n","protected":false},"excerpt":{"rendered":"<p>Apprenez \u00e0 surfer \u00e9tape par \u00e9tape. Nos moniteurs certifi\u00e9s vous aideront \u00e0 profiter de votre premi\u00e8re vague.<\/p>\n","protected":false},"featured_media":7913,"comment_status":"open","ping_status":"closed","template":"","meta":[],"product_cat":[50],"product_tag":[],"_links":{"self":[{"href":"https:\/\/surferscastellon.com\/fr\/wp-json\/wp\/v2\/product\/2469"}],"collection":[{"href":"https:\/\/surferscastellon.com\/fr\/wp-json\/wp\/v2\/product"}],"about":[{"href":"https:\/\/surferscastellon.com\/fr\/wp-json\/wp\/v2\/types\/product"}],"replies":[{"embeddable":true,"href":"https:\/\/surferscastellon.com\/fr\/wp-json\/wp\/v2\/comments?post=2469"}],"wp:featuredmedia":[{"embeddable":true,"href":"https:\/\/surferscastellon.com\/fr\/wp-json\/wp\/v2\/media\/7913"}],"wp:attachment":[{"href":"https:\/\/surferscastellon.com\/fr\/wp-json\/wp\/v2\/media?parent=2469"}],"wp:term":[{"taxonomy":"product_cat","embeddable":true,"href":"https:\/\/surferscastellon.com\/fr\/wp-json\/wp\/v2\/product_cat?post=2469"},{"taxonomy":"product_tag","embeddable":true,"href":"https:\/\/surferscastellon.com\/fr\/wp-json\/wp\/v2\/product_tag?post=2469"}],"curies":[{"name":"wp","href":"https:\/\/api.w.org\/{rel}","templated":true}]}}