{"id":2471,"date":"2021-01-09T06:03:29","date_gmt":"2021-01-09T06:03:29","guid":{"rendered":"https:\/\/surferscastellon.com\/actividad\/cours-de-paddle-surf\/"},"modified":"2021-01-09T06:03:29","modified_gmt":"2021-01-09T06:03:29","slug":"cours-de-paddle-surf","status":"publish","type":"product","link":"https:\/\/surferscastellon.com\/fr\/activit\u00e9\/cours-de-paddle-surf\/","title":{"rendered":"Cours de paddle-surf"},"content":{"rendered":"<p>Notre passion en tant que participants et amoureux de la mer nous a aid\u00e9s \u00e0 perfectionner la m\u00e9thode d&#8217;enseignement<br \/>\net offrir ainsi ces piliers fondamentaux pour une bonne exp\u00e9rience et un bon apprentissage du sport.<\/p>\n","protected":false},"excerpt":{"rendered":"<p>Apprenez \u00e0 pagayer sur une planche de paddlesurf \u00e9tape par \u00e9tape. Nos moniteurs certifi\u00e9s vous aideront \u00e0 atteindre l&#8217;\u00e9quilibre et \u00e0 profiter des travers\u00e9es en mer M\u00e9diterran\u00e9e.<\/p>\n","protected":false},"featured_media":7910,"comment_status":"open","ping_status":"closed","template":"","meta":[],"product_cat":[50],"product_tag":[],"_links":{"self":[{"href":"https:\/\/surferscastellon.com\/fr\/wp-json\/wp\/v2\/product\/2471"}],"collection":[{"href":"https:\/\/surferscastellon.com\/fr\/wp-json\/wp\/v2\/product"}],"about":[{"href":"https:\/\/surferscastellon.com\/fr\/wp-json\/wp\/v2\/types\/product"}],"replies":[{"embeddable":true,"href":"https:\/\/surferscastellon.com\/fr\/wp-json\/wp\/v2\/comments?post=2471"}],"wp:featuredmedia":[{"embeddable":true,"href":"https:\/\/surferscastellon.com\/fr\/wp-json\/wp\/v2\/media\/7910"}],"wp:attachment":[{"href":"https:\/\/surferscastellon.com\/fr\/wp-json\/wp\/v2\/media?parent=2471"}],"wp:term":[{"taxonomy":"product_cat","embeddable":true,"href":"https:\/\/surferscastellon.com\/fr\/wp-json\/wp\/v2\/product_cat?post=2471"},{"taxonomy":"product_tag","embeddable":true,"href":"https:\/\/surferscastellon.com\/fr\/wp-json\/wp\/v2\/product_tag?post=2471"}],"curies":[{"name":"wp","href":"https:\/\/api.w.org\/{rel}","templated":true}]}}