{"id":2473,"date":"2021-01-09T06:10:01","date_gmt":"2021-01-09T06:10:01","guid":{"rendered":"https:\/\/surferscastellon.com\/actividad\/cours-de-kitesurf\/"},"modified":"2021-01-09T06:10:01","modified_gmt":"2021-01-09T06:10:01","slug":"cours-de-kitesurf","status":"publish","type":"product","link":"https:\/\/surferscastellon.com\/fr\/activit\u00e9\/cours-de-kitesurf\/","title":{"rendered":"Cours de kitesurf"},"content":{"rendered":"<p>Apprenez \u00e0 naviguer \u00e9tape par \u00e9tape. Nos moniteurs certifi\u00e9s vous aideront \u00e0 atteindre l&#8217;\u00e9quilibre et \u00e0 profiter du m\u00e9lange unique du vent et de l&#8217;eau. Des cours pour tous les \u00e2ges.<\/p>\n","protected":false},"excerpt":{"rendered":"<p>Apprenez \u00e0 pagayer sur un kitesurf \u00e9tape par \u00e9tape. Nos moniteurs certifi\u00e9s vous aideront \u00e0 atteindre l&#8217;\u00e9quilibre et \u00e0 profiter des travers\u00e9es en M\u00e9diterran\u00e9e.<\/p>\n","protected":false},"featured_media":1412,"comment_status":"open","ping_status":"closed","template":"","meta":[],"product_cat":[50],"product_tag":[],"_links":{"self":[{"href":"https:\/\/surferscastellon.com\/fr\/wp-json\/wp\/v2\/product\/2473"}],"collection":[{"href":"https:\/\/surferscastellon.com\/fr\/wp-json\/wp\/v2\/product"}],"about":[{"href":"https:\/\/surferscastellon.com\/fr\/wp-json\/wp\/v2\/types\/product"}],"replies":[{"embeddable":true,"href":"https:\/\/surferscastellon.com\/fr\/wp-json\/wp\/v2\/comments?post=2473"}],"wp:featuredmedia":[{"embeddable":true,"href":"https:\/\/surferscastellon.com\/fr\/wp-json\/wp\/v2\/media\/1412"}],"wp:attachment":[{"href":"https:\/\/surferscastellon.com\/fr\/wp-json\/wp\/v2\/media?parent=2473"}],"wp:term":[{"taxonomy":"product_cat","embeddable":true,"href":"https:\/\/surferscastellon.com\/fr\/wp-json\/wp\/v2\/product_cat?post=2473"},{"taxonomy":"product_tag","embeddable":true,"href":"https:\/\/surferscastellon.com\/fr\/wp-json\/wp\/v2\/product_tag?post=2473"}],"curies":[{"name":"wp","href":"https:\/\/api.w.org\/{rel}","templated":true}]}}