{"id":2475,"date":"2021-01-09T06:20:21","date_gmt":"2021-01-09T06:20:21","guid":{"rendered":"https:\/\/surferscastellon.com\/actividad\/cours-de-planche-a-voile\/"},"modified":"2021-03-11T16:33:37","modified_gmt":"2021-03-11T16:33:37","slug":"cours-de-planche-a-voile","status":"publish","type":"product","link":"https:\/\/surferscastellon.com\/fr\/activit\u00e9\/cours-de-planche-a-voile\/","title":{"rendered":"Cours de planche \u00e0 voile"},"content":{"rendered":"<p>Apprenez \u00e0 naviguer \u00e9tape par \u00e9tape. Nos moniteurs certifi\u00e9s vous aideront \u00e0 atteindre l&#8217;\u00e9quilibre et \u00e0 profiter du m\u00e9lange unique du vent et de l&#8217;eau.<\/p>\n","protected":false},"excerpt":{"rendered":"<p>Apprenez \u00e0 naviguer \u00e9tape par \u00e9tape. Nos moniteurs certifi\u00e9s vous aideront \u00e0 atteindre l&#8217;\u00e9quilibre et \u00e0 profiter du m\u00e9lange unique du vent et de l&#8217;eau.<\/p>\n","protected":false},"featured_media":7675,"comment_status":"open","ping_status":"closed","template":"","meta":[],"product_cat":[50],"product_tag":[],"_links":{"self":[{"href":"https:\/\/surferscastellon.com\/fr\/wp-json\/wp\/v2\/product\/2475"}],"collection":[{"href":"https:\/\/surferscastellon.com\/fr\/wp-json\/wp\/v2\/product"}],"about":[{"href":"https:\/\/surferscastellon.com\/fr\/wp-json\/wp\/v2\/types\/product"}],"replies":[{"embeddable":true,"href":"https:\/\/surferscastellon.com\/fr\/wp-json\/wp\/v2\/comments?post=2475"}],"wp:featuredmedia":[{"embeddable":true,"href":"https:\/\/surferscastellon.com\/fr\/wp-json\/wp\/v2\/media\/7675"}],"wp:attachment":[{"href":"https:\/\/surferscastellon.com\/fr\/wp-json\/wp\/v2\/media?parent=2475"}],"wp:term":[{"taxonomy":"product_cat","embeddable":true,"href":"https:\/\/surferscastellon.com\/fr\/wp-json\/wp\/v2\/product_cat?post=2475"},{"taxonomy":"product_tag","embeddable":true,"href":"https:\/\/surferscastellon.com\/fr\/wp-json\/wp\/v2\/product_tag?post=2475"}],"curies":[{"name":"wp","href":"https:\/\/api.w.org\/{rel}","templated":true}]}}