{"id":2477,"date":"2021-01-09T06:23:23","date_gmt":"2021-01-09T06:23:23","guid":{"rendered":"https:\/\/surferscastellon.com\/actividad\/cours-de-kayak\/"},"modified":"2021-01-09T06:23:23","modified_gmt":"2021-01-09T06:23:23","slug":"cours-de-kayak","status":"publish","type":"product","link":"https:\/\/surferscastellon.com\/fr\/activit\u00e9\/cours-de-kayak\/","title":{"rendered":"Cours de kayak"},"content":{"rendered":"<p>Apprenez \u00e0 pagayer sur un kayak simple, double ou triple. Nos moniteurs certifi\u00e9s vous aideront \u00e0 atteindre l&#8217;\u00e9quilibre et \u00e0 profiter des travers\u00e9es en mer M\u00e9diterran\u00e9e.<\/p>\n","protected":false},"excerpt":{"rendered":"<p>Apprenez \u00e0 pagayer sur un kayak simple, double ou triple. Nos moniteurs certifi\u00e9s vous aideront \u00e0 atteindre l&#8217;\u00e9quilibre et \u00e0 profiter des travers\u00e9es en mer M\u00e9diterran\u00e9e.<\/p>\n","protected":false},"featured_media":3350,"comment_status":"open","ping_status":"closed","template":"","meta":[],"product_cat":[50],"product_tag":[],"_links":{"self":[{"href":"https:\/\/surferscastellon.com\/fr\/wp-json\/wp\/v2\/product\/2477"}],"collection":[{"href":"https:\/\/surferscastellon.com\/fr\/wp-json\/wp\/v2\/product"}],"about":[{"href":"https:\/\/surferscastellon.com\/fr\/wp-json\/wp\/v2\/types\/product"}],"replies":[{"embeddable":true,"href":"https:\/\/surferscastellon.com\/fr\/wp-json\/wp\/v2\/comments?post=2477"}],"wp:featuredmedia":[{"embeddable":true,"href":"https:\/\/surferscastellon.com\/fr\/wp-json\/wp\/v2\/media\/3350"}],"wp:attachment":[{"href":"https:\/\/surferscastellon.com\/fr\/wp-json\/wp\/v2\/media?parent=2477"}],"wp:term":[{"taxonomy":"product_cat","embeddable":true,"href":"https:\/\/surferscastellon.com\/fr\/wp-json\/wp\/v2\/product_cat?post=2477"},{"taxonomy":"product_tag","embeddable":true,"href":"https:\/\/surferscastellon.com\/fr\/wp-json\/wp\/v2\/product_tag?post=2477"}],"curies":[{"name":"wp","href":"https:\/\/api.w.org\/{rel}","templated":true}]}}