{"id":2479,"date":"2021-01-09T06:30:58","date_gmt":"2021-01-09T06:30:58","guid":{"rendered":"https:\/\/surferscastellon.com\/actividad\/location-de-planche-de-surf\/"},"modified":"2021-01-09T06:30:58","modified_gmt":"2021-01-09T06:30:58","slug":"location-de-planche-de-surf","status":"publish","type":"product","link":"https:\/\/surferscastellon.com\/fr\/activit\u00e9\/location-de-planche-de-surf\/","title":{"rendered":"Location de planche de surf"},"content":{"rendered":"<p>Louez votre planche de surf et pratiquez vous-m\u00eame. Longboards et shortboards de diff\u00e9rentes tailles et mat\u00e9riaux. Comprend planche, laisse et cire.<\/p>\n","protected":false},"excerpt":{"rendered":"<p>Longboards et shortboards de diff\u00e9rentes tailles et mat\u00e9riaux.<br \/>\nComprend planche, laisse et cire.<\/p>\n","protected":false},"featured_media":1694,"comment_status":"open","ping_status":"closed","template":"","meta":[],"product_cat":[49],"product_tag":[],"_links":{"self":[{"href":"https:\/\/surferscastellon.com\/fr\/wp-json\/wp\/v2\/product\/2479"}],"collection":[{"href":"https:\/\/surferscastellon.com\/fr\/wp-json\/wp\/v2\/product"}],"about":[{"href":"https:\/\/surferscastellon.com\/fr\/wp-json\/wp\/v2\/types\/product"}],"replies":[{"embeddable":true,"href":"https:\/\/surferscastellon.com\/fr\/wp-json\/wp\/v2\/comments?post=2479"}],"wp:featuredmedia":[{"embeddable":true,"href":"https:\/\/surferscastellon.com\/fr\/wp-json\/wp\/v2\/media\/1694"}],"wp:attachment":[{"href":"https:\/\/surferscastellon.com\/fr\/wp-json\/wp\/v2\/media?parent=2479"}],"wp:term":[{"taxonomy":"product_cat","embeddable":true,"href":"https:\/\/surferscastellon.com\/fr\/wp-json\/wp\/v2\/product_cat?post=2479"},{"taxonomy":"product_tag","embeddable":true,"href":"https:\/\/surferscastellon.com\/fr\/wp-json\/wp\/v2\/product_tag?post=2479"}],"curies":[{"name":"wp","href":"https:\/\/api.w.org\/{rel}","templated":true}]}}