{"id":2485,"date":"2021-01-09T10:16:12","date_gmt":"2021-01-09T10:16:12","guid":{"rendered":"https:\/\/surferscastellon.com\/actividad\/location-de-surfskate\/"},"modified":"2021-01-09T10:16:12","modified_gmt":"2021-01-09T10:16:12","slug":"location-de-surfskate","status":"publish","type":"product","link":"https:\/\/surferscastellon.com\/fr\/activit\u00e9\/location-de-surfskate\/","title":{"rendered":"Location de surfskate"},"content":{"rendered":"<p>Possibilit\u00e9 de Longboard et Surfskate. Nous avons des zones activ\u00e9es avec toute la s\u00e9curit\u00e9 pour pratiquer SurfSkate.<\/p>\n<p>Comprend des protections<\/p>\n","protected":false},"excerpt":{"rendered":"<p>Possibilit\u00e9 de Longboard et Surfskate. Nous avons des zones activ\u00e9es avec toute la s\u00e9curit\u00e9 pour pratiquer SurfSkate.<\/p>\n<p>Comprend des protections<\/p>\n","protected":false},"featured_media":1382,"comment_status":"open","ping_status":"closed","template":"","meta":[],"product_cat":[49],"product_tag":[],"_links":{"self":[{"href":"https:\/\/surferscastellon.com\/fr\/wp-json\/wp\/v2\/product\/2485"}],"collection":[{"href":"https:\/\/surferscastellon.com\/fr\/wp-json\/wp\/v2\/product"}],"about":[{"href":"https:\/\/surferscastellon.com\/fr\/wp-json\/wp\/v2\/types\/product"}],"replies":[{"embeddable":true,"href":"https:\/\/surferscastellon.com\/fr\/wp-json\/wp\/v2\/comments?post=2485"}],"wp:featuredmedia":[{"embeddable":true,"href":"https:\/\/surferscastellon.com\/fr\/wp-json\/wp\/v2\/media\/1382"}],"wp:attachment":[{"href":"https:\/\/surferscastellon.com\/fr\/wp-json\/wp\/v2\/media?parent=2485"}],"wp:term":[{"taxonomy":"product_cat","embeddable":true,"href":"https:\/\/surferscastellon.com\/fr\/wp-json\/wp\/v2\/product_cat?post=2485"},{"taxonomy":"product_tag","embeddable":true,"href":"https:\/\/surferscastellon.com\/fr\/wp-json\/wp\/v2\/product_tag?post=2485"}],"curies":[{"name":"wp","href":"https:\/\/api.w.org\/{rel}","templated":true}]}}