{"id":2493,"date":"2021-01-09T10:15:27","date_gmt":"2021-01-09T10:15:27","guid":{"rendered":"https:\/\/surferscastellon.com\/actividad\/location-dequipement-de-planche-a-voile\/"},"modified":"2023-04-20T01:35:10","modified_gmt":"2023-04-20T01:35:10","slug":"location-dequipement-de-planche-a-voile","status":"publish","type":"product","link":"https:\/\/surferscastellon.com\/fr\/activit\u00e9\/location-dequipement-de-planche-a-voile\/","title":{"rendered":"Location d&#8217;\u00e9quipement de planche \u00e0 voile"},"content":{"rendered":"<p>Nous proposons diff\u00e9rentes tailles de bougies.<br \/>\nInclus : Mat\u00e9riel n\u00e9cessaire, gilets, casiers, lycra ou n\u00e9opr\u00e8ne, douche.<\/p>\n<p>Caution : 200 \u20ac<\/p>\n","protected":false},"excerpt":{"rendered":"<p>Nous proposons diff\u00e9rentes tailles de bougies.<br \/>\nComprend planche, laisse et voile.<\/p>\n","protected":false},"featured_media":7640,"comment_status":"open","ping_status":"closed","template":"","meta":[],"product_cat":[49],"product_tag":[],"_links":{"self":[{"href":"https:\/\/surferscastellon.com\/fr\/wp-json\/wp\/v2\/product\/2493"}],"collection":[{"href":"https:\/\/surferscastellon.com\/fr\/wp-json\/wp\/v2\/product"}],"about":[{"href":"https:\/\/surferscastellon.com\/fr\/wp-json\/wp\/v2\/types\/product"}],"replies":[{"embeddable":true,"href":"https:\/\/surferscastellon.com\/fr\/wp-json\/wp\/v2\/comments?post=2493"}],"wp:featuredmedia":[{"embeddable":true,"href":"https:\/\/surferscastellon.com\/fr\/wp-json\/wp\/v2\/media\/7640"}],"wp:attachment":[{"href":"https:\/\/surferscastellon.com\/fr\/wp-json\/wp\/v2\/media?parent=2493"}],"wp:term":[{"taxonomy":"product_cat","embeddable":true,"href":"https:\/\/surferscastellon.com\/fr\/wp-json\/wp\/v2\/product_cat?post=2493"},{"taxonomy":"product_tag","embeddable":true,"href":"https:\/\/surferscastellon.com\/fr\/wp-json\/wp\/v2\/product_tag?post=2493"}],"curies":[{"name":"wp","href":"https:\/\/api.w.org\/{rel}","templated":true}]}}