{"id":3073,"date":"2021-03-19T04:59:45","date_gmt":"2021-03-19T04:59:47","guid":{"rendered":"https:\/\/surferscastellon.com\/?post_type=product&#038;p=3073"},"modified":"2021-03-19T05:35:54","modified_gmt":"2021-03-19T05:35:54","slug":"extra-ecoliers","status":"publish","type":"product","link":"https:\/\/surferscastellon.com\/fr\/activit\u00e9\/extra-ecoliers\/","title":{"rendered":"Extra \u00c9coliers"},"content":{"rendered":"<p>Chez Surfers Castell\u00f3n, nous vous offrons des vacances hors ligne, o\u00f9 tout en apprenant de mani\u00e8re amusante les sports nautiques, vous d\u00e9velopperez de nouvelles comp\u00e9tences, rencontrerez de nouveaux amis et profiterez avec vous d\u2019une exp\u00e9rience inoubliable.<\/p>\n","protected":false},"excerpt":{"rendered":"<p>Chez Surfers Castell\u00f3n, nous vous offrons des vacances hors ligne, o\u00f9 tout en apprenant de mani\u00e8re amusante les sports nautiques, vous d\u00e9velopperez de nouvelles comp\u00e9tences, rencontrerez de nouveaux amis et profiterez avec vous d\u2019une exp\u00e9rience inoubliable.<\/p>\n","protected":false},"featured_media":1586,"comment_status":"open","ping_status":"closed","template":"","meta":[],"product_cat":[53],"product_tag":[],"_links":{"self":[{"href":"https:\/\/surferscastellon.com\/fr\/wp-json\/wp\/v2\/product\/3073"}],"collection":[{"href":"https:\/\/surferscastellon.com\/fr\/wp-json\/wp\/v2\/product"}],"about":[{"href":"https:\/\/surferscastellon.com\/fr\/wp-json\/wp\/v2\/types\/product"}],"replies":[{"embeddable":true,"href":"https:\/\/surferscastellon.com\/fr\/wp-json\/wp\/v2\/comments?post=3073"}],"wp:featuredmedia":[{"embeddable":true,"href":"https:\/\/surferscastellon.com\/fr\/wp-json\/wp\/v2\/media\/1586"}],"wp:attachment":[{"href":"https:\/\/surferscastellon.com\/fr\/wp-json\/wp\/v2\/media?parent=3073"}],"wp:term":[{"taxonomy":"product_cat","embeddable":true,"href":"https:\/\/surferscastellon.com\/fr\/wp-json\/wp\/v2\/product_cat?post=3073"},{"taxonomy":"product_tag","embeddable":true,"href":"https:\/\/surferscastellon.com\/fr\/wp-json\/wp\/v2\/product_tag?post=3073"}],"curies":[{"name":"wp","href":"https:\/\/api.w.org\/{rel}","templated":true}]}}