{"id":7071,"date":"2022-08-10T13:31:21","date_gmt":"2022-08-10T13:31:21","guid":{"rendered":"https:\/\/surferscastellon.com\/?post_type=product&#038;p=7071"},"modified":"2025-07-19T11:07:39","modified_gmt":"2025-07-19T11:07:39","slug":"alquiler-de-barca","status":"publish","type":"product","link":"https:\/\/surferscastellon.com\/fr\/actividad\/alquiler-de-barca\/","title":{"rendered":"Alquiler de Barca en Pe\u00f1iscola"},"content":{"rendered":"<p>Queremos informarte que <strong>el servicio de alquiler de barcas ya no est\u00e1 disponible en el Grao de Castell\u00f3n<\/strong>.<br \/>\nA partir de ahora, podr\u00e1s disfrutar de la navegaci\u00f3n en barca desde <strong>Pe\u00f1\u00edscola<\/strong>, en nuestra nueva ubicaci\u00f3n con<br \/>\n<strong>Nautic Riders<\/strong>.<\/p>\n<p>\ud83d\udccd Nueva ubicaci\u00f3n: Puerto Deportivo de Pe\u00f1\u00edscola<\/p>\n<p>\ud83d\udc49 <a href=\"https:\/\/nauticriders.com\/producto\/barco\" target=\"_blank\" rel=\"noopener noreferrer\"><br \/>\nHaz tu reserva aqu\u00ed con Nautic Riders<\/a><\/p>\n<p>Gracias por tu confianza. \u00a1Te esperamos en el mar!<\/p>\n","protected":false},"excerpt":{"rendered":"<p>Queremos informarte que el servicio de alquiler de barcas ya no est\u00e1 disponible en el Grao de Castell\u00f3n. A partir de ahora, podr\u00e1s disfrutar de la navegaci\u00f3n en barca desde Pe\u00f1\u00edscola, en nuestra nueva ubicaci\u00f3n con Nautic Riders. \ud83d\udccd Nueva ubicaci\u00f3n: Puerto Deportivo de Pe\u00f1\u00edscola \ud83d\udc49 Haz tu reserva aqu\u00ed con Nautic Riders Gracias por &#8230; <a title=\"Alquiler de Barca en Pe\u00f1iscola\" class=\"read-more\" href=\"https:\/\/surferscastellon.com\/fr\/actividad\/alquiler-de-barca\/\" aria-label=\"Read more about Alquiler de Barca en Pe\u00f1iscola\">Lire la suite<\/a><\/p>\n","protected":false},"featured_media":7072,"comment_status":"open","ping_status":"closed","template":"","meta":[],"product_cat":[23,73],"product_tag":[],"_links":{"self":[{"href":"https:\/\/surferscastellon.com\/fr\/wp-json\/wp\/v2\/product\/7071"}],"collection":[{"href":"https:\/\/surferscastellon.com\/fr\/wp-json\/wp\/v2\/product"}],"about":[{"href":"https:\/\/surferscastellon.com\/fr\/wp-json\/wp\/v2\/types\/product"}],"replies":[{"embeddable":true,"href":"https:\/\/surferscastellon.com\/fr\/wp-json\/wp\/v2\/comments?post=7071"}],"wp:featuredmedia":[{"embeddable":true,"href":"https:\/\/surferscastellon.com\/fr\/wp-json\/wp\/v2\/media\/7072"}],"wp:attachment":[{"href":"https:\/\/surferscastellon.com\/fr\/wp-json\/wp\/v2\/media?parent=7071"}],"wp:term":[{"taxonomy":"product_cat","embeddable":true,"href":"https:\/\/surferscastellon.com\/fr\/wp-json\/wp\/v2\/product_cat?post=7071"},{"taxonomy":"product_tag","embeddable":true,"href":"https:\/\/surferscastellon.com\/fr\/wp-json\/wp\/v2\/product_tag?post=7071"}],"curies":[{"name":"wp","href":"https:\/\/api.w.org\/{rel}","templated":true}]}}